{"id":1988,"date":"2025-11-10T02:17:43","date_gmt":"2025-11-10T02:17:43","guid":{"rendered":"https:\/\/tophighmachinery.com\/?post_type=product&#038;p=1988"},"modified":"2025-11-10T02:17:43","modified_gmt":"2025-11-10T02:17:43","slug":"road-paving-machine-for-street-china-road-printer-construction-works-paving-interlocking-brick-pavement","status":"publish","type":"product","link":"https:\/\/tophighmachinery.com\/es-mx\/product\/road-paving-machine-for-street-china-road-printer-construction-works-paving-interlocking-brick-pavement\/","title":{"rendered":"M\u00e1quina de Pavimentaci\u00f3n de Carreteras para Obras de Construcci\u00f3n de Pavimentaci\u00f3n de Calles China Pavimentadora de Adoquines Intertrabados"},"content":{"rendered":"<div class=\"J_module\">\n<div id=\"ali-anchor-AliMagic-d42xum\" class=\"magic-0\" data-section=\"AliMagic-d42xum\" data-section-title=\"PRODUCT SPECIFICATIONS\">ESPECIFICACIONES DEL PRODUCTO<\/div>\n<div data-section=\"AliMagic-d42xum\" data-section-title=\"PRODUCT SPECIFICATIONS\">\n<p>Las m&aacute;quinas semiautom&aacute;ticas para colocar ladrillos generalmente incluyen los siguientes componentes clave:<\/p>\n<p>Contenedor de Almacenamiento de Ladrillos:  \nEsta &aacute;rea almacena los ladrillos que se van a colocar; su capacidad var&iacute;a seg&uacute;n el tama&ntilde;o del modelo.<\/p>\n<p>Sistema de Transporte: Este sistema utiliza cadenas o bandas para transportar los ladrillos desde la tolva de almacenamiento hasta la abertura de colocaci&oacute;n de manera ordenada y estable.<\/p>\n<p>Sistema de Compactaci&oacute;n por Vibraci&oacute;n: Este es el \"coraz&oacute;n\" de la m&aacute;quina. Uno o m&aacute;s vibradores de alta frecuencia compactan los ladrillos mientras caen, asegurando una uni&oacute;n firme con el sustrato.<\/p>\n<p>Sistema de Movimiento:  \nGeneralmente con orugas o ruedas, este sistema es impulsado por un motor hidr&aacute;ulico y permite un avance suave.<\/p>\n<p>Sistema de Control:  \nEl panel de control regula el movimiento hacia adelante\/atr&aacute;s de la m&aacute;quina, la velocidad del transportador, la intensidad de la vibraci&oacute;n, etc.<\/p>\n<p>Sistema de Nivelaci&oacute;n:  \nAlgunos modelos de gama alta est&aacute;n equipados con sistemas de nivelaci&oacute;n l&aacute;ser o mec&aacute;nicos para garantizar que la superficie de referencia de colocaci&oacute;n se mantenga nivelada en todo momento.<\/p>\n<p>Diagrama del Principio de Funcionamiento Simplificado:<br>Carga de Ladrillos -&gt; Transporte -&gt; Colocaci&oacute;n de Ladrillos y Vibraci&oacute;n -&gt; Moldeado -&gt; Avance de la M&aacute;quina -&gt; Ciclo Repetido Los operarios apilan ladrillos en la tolva de almacenamiento, y la m&aacute;quina avanza lentamente con energ&iacute;a. Al mismo tiempo, el sistema de transporte lleva los ladrillos a la placa vibratoria. Bajo vibraci&oacute;n de alta frecuencia, los ladrillos se compactan y forman una superficie de camino uniforme. Los trabajadores siguen de cerca, reparando bordes y ajustando patrones.<\/p>\n<\/div>\n<\/div>\n<div class=\"J_module\">\n<div class=\"icbu-pc-images magic-1\">\n<div>\n<div class=\"flex-layout-v\">\n<div class=\"magic-7\"><img decoding=\"async\" class=\"magic-8\" src=\"https:\/\/sc04.alicdn.com\/kf\/H6138d71350164594bb59fac455003765m\/224628538\/H6138d71350164594bb59fac455003765m.jpg\" alt=\"Fuda Road Paving Machine for Street SY6-400 China Road Printer Construction Works Paving Interlocking Brick Paving 6*1.8*1.8m manufacture\" data-id=\"main\"><\/div>\n<div class=\"flex-layout-h magic-1\">\n<div class=\"magic-9\"><img decoding=\"async\" class=\"magic-10\" src=\"https:\/\/sc04.alicdn.com\/kf\/Hf373c7986d574ffd82739193dda398b5j\/224628538\/Hf373c7986d574ffd82739193dda398b5j.jpg\" alt=\"Fuda Road Paving Machine for Street SY6-400 China Road Printer Construction Works Paving Interlocking Brick Paving 6*1.8*1.8m manufacture\" data-id=\"child-image-0\"><\/div>\n<div class=\"magic-11\"><img decoding=\"async\" class=\"magic-12\" src=\"https:\/\/sc04.alicdn.com\/kf\/H5fe0c264ce334f4ca609618d5c6a8a52f\/224628538\/H5fe0c264ce334f4ca609618d5c6a8a52f.jpg\" alt=\"Fuda Road Paving Machine for Street SY6-400 China Road Printer Construction Works Paving Interlocking Brick Paving 6*1.8*1.8m manufacture\" data-id=\"child-image-1\"><\/div>\n<\/div>\n<\/div>\n<\/div>\n<\/div>\n<\/div>\n<div class=\"J_module\">\n<div class=\"detail-decorate-json-renderer-container\">\n<div class=\"magic-13\">\n<div class=\"magic-14\">\n<div class=\"magic-15\">\n<div class=\"magic-16\">\n<div><span class=\"magic-17\">Especificaci&oacute;n t&eacute;cnica principal<\/span><\/div>\n<\/div>\n<\/div>\n<\/div>\n<\/div>\n<\/div>\n<\/div>\n<div class=\"J_module\">\n<div class=\"ife-detail-decorate-table\">\n<table class=\"all magic-18\">\n<tbody>\n<tr>\n<td colspan=\"1\" rowspan=\"1\">\n<div class=\"magic-19\">Velocidad M&iacute;nima:<\/div>\n<\/td>\n<td colspan=\"1\" rowspan=\"1\">\n<div class=\"magic-20\">0.3 metros por minuto<\/div>\n<\/td>\n<\/tr>\n<tr>\n<td colspan=\"1\" rowspan=\"1\">\n<div class=\"magic-19\">Velocidad M&aacute;xima:<\/div>\n<\/td>\n<td colspan=\"1\" rowspan=\"1\">\n<div class=\"magic-20\">1 metro por minuto<\/div>\n<\/td>\n<\/tr>\n<tr>\n<td colspan=\"1\" rowspan=\"1\">\n<div class=\"magic-19\">Velocidad general:<\/div>\n<\/td>\n<td colspan=\"1\" rowspan=\"1\">\n<div class=\"magic-20\">0.5 metros por minuto<\/div>\n<\/td>\n<\/tr>\n<tr>\n<td colspan=\"1\" rowspan=\"1\">\n<div class=\"magic-19\">Ancho de v&iacute;a de las ruedas<\/div>\n<\/td>\n<td colspan=\"1\" rowspan=\"1\">\n<div class=\"magic-20\">2m<\/div>\n<\/td>\n<\/tr>\n<tr>\n<td colspan=\"1\" rowspan=\"1\">\n<div class=\"magic-19\">Altura del chasis<\/div>\n<\/td>\n<td colspan=\"1\" rowspan=\"1\">\n<div class=\"magic-20\">0.15 m<\/div>\n<\/td>\n<\/tr>\n<tr>\n<td colspan=\"1\" rowspan=\"1\">\n<div class=\"magic-19\">Itinerario de movimientos de nivelaci&oacute;n con pala<\/div>\n<\/td>\n<td colspan=\"1\" rowspan=\"1\">\n<div class=\"magic-20\">0.1 m<\/div>\n<\/td>\n<\/tr>\n<tr>\n<td colspan=\"1\" rowspan=\"1\">\n<div class=\"magic-19\">El ancho de colocaci&oacute;n m&aacute;s grande (ajustable)<\/div>\n<\/td>\n<td colspan=\"1\" rowspan=\"1\">\n<div class=\"magic-20\">5.7 millones<\/div>\n<\/td>\n<\/tr>\n<tr>\n<td colspan=\"1\" rowspan=\"1\">\n<div class=\"magic-19\">Nivelaci&oacute;n de poder pala<\/div>\n<\/td>\n<td colspan=\"1\" rowspan=\"1\">\n<div class=\"magic-20\">0.5 kW<\/div>\n<\/td>\n<\/tr>\n<tr>\n<td colspan=\"1\" rowspan=\"1\">\n<div class=\"magic-19\">Voltaje:<\/div>\n<\/td>\n<td colspan=\"1\" rowspan=\"1\">\n<div class=\"magic-20\">220V CA, trif&aacute;sico<\/div>\n<\/td>\n<\/tr>\n<tr>\n<td colspan=\"1\" rowspan=\"1\">\n<div class=\"magic-19\">Poder :<\/div>\n<\/td>\n<td colspan=\"1\" rowspan=\"1\">\n<div class=\"magic-20\">3.5 KW<\/div>\n<\/td>\n<\/tr>\n<tr>\n<td colspan=\"1\" rowspan=\"1\">\n<div class=\"magic-19\">Carga de trabajo (M&aacute;xima):<\/div>\n<\/td>\n<td colspan=\"1\" rowspan=\"1\">\n<div class=\"magic-20\">3000 m2\/8 horas<\/div>\n<\/td>\n<\/tr>\n<tr>\n<td colspan=\"1\" rowspan=\"1\">\n<div class=\"magic-19\">Dimensi&oacute;n:<\/div>\n<\/td>\n<td colspan=\"1\" rowspan=\"1\">\n<div class=\"magic-20\">6\/5\/4\/3m*1.8m*1.8m (Largo*Alto*Ancho)<\/div>\n<\/td>\n<\/tr>\n<tr>\n<td colspan=\"1\" rowspan=\"1\">\n<div class=\"magic-19\">Peso:<\/div>\n<\/td>\n<td colspan=\"1\" rowspan=\"1\">\n<div class=\"magic-20\">3000 kg\/2800 kg\/2500 kg\/2200 kg<\/div>\n<\/td>\n<\/tr>\n<\/tbody>\n<\/table>\n<p><b class=\"magic-23\" style=\"font-style: inherit;\">TODAS LAS PIEZAS CLAVE SON TRATADAS T&Eacute;RMICAMENTE<\/b><\/p>\n<p><b class=\"magic-23\" style=\"font-style: inherit;\">M&Aacute;S DURO Y DURADERO<\/b><\/p>\n<\/div>\n<\/div>\n<div class=\"J_module\">\n<div class=\"icbu-pc-images magic-1\">\n<div class=\"flex-layout-v\">\n<div class=\"flex-layout-h magic-1\">\n<div class=\"magic-25\"><img fetchpriority=\"high\" decoding=\"async\" class=\"\" src=\"https:\/\/shopcdnpro.grainajz.com\/category\/39161\/3746\/98a85ec5cd6e69444ae22d2a24f66870\/4%E7%AE%80%E4%BB%8B.jpg\" alt=\"4&#31616;&#20171;.jpg\" width=\"1304\" height=\"1864\"><\/div>\n<\/div>\n<\/div>\n<\/div>\n<\/div>\n<div class=\"J_module\">\n<div class=\"detail-decorate-json-renderer-container\">\n<div class=\"magic-13\">\n<div class=\"magic-14\">\n<div class=\"magic-15\">\n<div class=\"magic-16\" data-id=\"paragraph0\"><\/div>\n<\/div>\n<\/div>\n<\/div>\n<\/div>\n<\/div>\n<div class=\"J_module\">\n<div class=\"icbu-pc-images magic-1\">\n<div>\n<div class=\"flex-layout-v\">\n<div class=\"flex-layout-h magic-1\">\n<div class=\"magic-28\"><img decoding=\"async\" class=\"magic-29\" src=\"https:\/\/sc04.alicdn.com\/kf\/HTB1oTNiRkvoK1RjSZPfq6xPKFXaD\/224628538\/HTB1oTNiRkvoK1RjSZPfq6xPKFXaD.jpg\" alt=\"Fuda Road Paving Machine for Street SY6-400 China Road Printer Construction Works Paving Interlocking Brick Paving 6*1.8*1.8m factory\" width=\"1126\" height=\"1492\" data-id=\"child-image-0\"><\/div>\n<\/div>\n<\/div>\n<\/div>\n<\/div>\n<\/div>\n<div class=\"J_module\">\n<div id=\"ali-anchor-AliMagic-enbl7f\" class=\"magic-0\" data-section=\"AliMagic-enbl7f\" data-section-title=\"Successful Project\">Proyecto Exitoso<\/div>\n<\/div>\n<div class=\"J_module\">\n<div class=\"icbu-pc-images magic-1\">\n<div class=\"flex-layout-v\">\n<div class=\"flex-layout-h magic-1\">\n<div class=\"magic-30\"><\/div>\n<\/div>\n<\/div>\n<\/div>\n<\/div>\n<div class=\"J_module\">\n<div class=\"icbu-pc-images magic-1\">\n<div>\n<div class=\"flex-layout-v\">\n<div class=\"flex-layout-h magic-1\">\n<div class=\"magic-32\"><img decoding=\"async\" class=\"magic-33\" src=\"https:\/\/sc04.alicdn.com\/kf\/H16a71144c76040f5a2236926f30f8eecL\/224628538\/H16a71144c76040f5a2236926f30f8eecL.jpg\" alt=\"Fuda Road Paving Machine for Street SY6-400 China Road Printer Construction Works Paving Interlocking Brick Paving 6*1.8*1.8m supplier\" width=\"1121\" height=\"1087\" data-id=\"child-image-0\"><\/div>\n<\/div>\n<\/div>\n<\/div>\n<\/div>\n<\/div>\n<div class=\"J_module\">\n<div class=\"icbu-pc-images magic-1\">\n<div>\n<div class=\"flex-layout-v\">\n<div class=\"flex-layout-h magic-1\">\n<div class=\"magic-34\"><img decoding=\"async\" class=\"magic-35\" src=\"https:\/\/sc04.alicdn.com\/kf\/H6db3034467434daaabac8629b481177ak\/224628538\/H6db3034467434daaabac8629b481177ak.png\" alt=\"Fuda Road Paving Machine for Street SY6-400 China Road Printer Construction Works Paving Interlocking Brick Paving 6*1.8*1.8m factory\" data-id=\"child-image-0\"><\/div>\n<\/div>\n<\/div>\n<\/div>\n<\/div>\n<\/div>\n<div class=\"J_module\">\n<div class=\"icbu-pc-images magic-1\">\n<div>\n<div class=\"flex-layout-v\">\n<div class=\"flex-layout-h magic-1\">\n<div class=\"magic-42\"><img loading=\"lazy\" decoding=\"async\" class=\"magic-43\" src=\"https:\/\/sc04.alicdn.com\/kf\/Hb7a734d82d2e45fb9f36e7d81775fae98\/224628538\/Hb7a734d82d2e45fb9f36e7d81775fae98.jpg\" alt=\"Fuda Road Paving Machine for Street SY6-400 China Road Printer Construction Works Paving Interlocking Brick Paving 6*1.8*1.8m details\" width=\"1284\" height=\"1751\" data-id=\"child-image-0\"><\/div>\n<\/div>\n<\/div>\n<\/div>\n<\/div>\n<\/div>\n<","protected":false},"excerpt":{"rendered":"<p>A semi-automatic brick paving machine is an engineering machine specifically designed for laying sidewalk bricks, plaza bricks, grass pavers, curb stones, and other building materials. It belongs to the &#8220;human-machine collaboration&#8221; type of equipment:<\/p>\n<p>&#8220;Semi-automatic&#8221; means that the machine replaces the most arduous steps of &#8220;handling, leveling, and compacting,&#8221; but the arrangement of bricks, adjustment of patterns, and treatment of special edges and corners still require manual assistance.<\/p>\n<p>Core function: Through a hydraulic or mechanical transmission system, the machine automatically transports bricks to the paving surface and compacts them through high-frequency vibration, embedding them into the mortar layer to form a smooth and solid pavement.<\/p>\n<p>Extremely high paving efficiency:<\/p>\n<p>Compared to manual labor: The efficiency of one machine is equivalent to the workload of three skilled workers.<\/p>\n<p>Data: The average daily paving area can reach 300-500 square meters or even higher, depending on the brick type, working conditions, and operator skill.<\/p>\n<p>Excellent construction quality:<\/p>\n<p>Good flatness: Mechanical vibration compaction is uniform, effectively avoiding unevenness and &#8220;stepping&#8221; caused by manual hammering.<\/p>\n<p>High density: High-frequency vibration ensures a tight bond between the bricks and the sand cushion layer, significantly reducing the risk of subsidence and loosening during later use.<\/p>\n<p>Straight seams: The machine&#8217;s trajectory is straight, resulting in neat and uniform brick seams with a high aesthetic appeal.<\/p>\n<p>Significantly reduced labor intensity and costs:<\/p>\n<p>Labor savings: Workers do not need to frequently bend over to move and knock bricks, greatly reducing labor intensity. Their main tasks are assisting with brick placement and adjustment.<\/p>\n<p>Labor cost savings, relatively simple operation, and strong adaptability.<\/p>\n<p>Bricks of different sizes (e.g., 200x100mm, 230x115mm, etc.) and different paving patterns (e.g., herringbone, etc.) can be adapted by changing clamps or adjusting parameters.<\/p>\n<p>IV. Typical Application Scenarios<\/p>\n<p>New construction and renovation of municipal sidewalks and bicycle lanes.<\/p>\n<p>City squares, parks, and scenic roads.<\/p>\n<p>Pedestrian streets and parking lots in residential areas and industrial parks.<\/p>\n<p>Pedestrian areas outside large shopping malls and supermarkets.<\/p>\n<p>Paving of grass-paved parking lots.<\/p>\n","protected":false},"featured_media":1989,"template":"","meta":{"_uag_custom_page_level_css":"","site-sidebar-layout":"default","site-content-layout":"","ast-site-content-layout":"default","site-content-style":"default","site-sidebar-style":"default","ast-global-header-display":"","ast-banner-title-visibility":"","ast-main-header-display":"","ast-hfb-above-header-display":"","ast-hfb-below-header-display":"","ast-hfb-mobile-header-display":"","site-post-title":"","ast-breadcrumbs-content":"","ast-featured-img":"","footer-sml-layout":"","ast-disable-related-posts":"","theme-transparent-header-meta":"default","adv-header-id-meta":"","stick-header-meta":"","header-above-stick-meta":"","header-main-stick-meta":"","header-below-stick-meta":"","astra-migrate-meta-layouts":"set","ast-page-background-enabled":"default","ast-page-background-meta":{"desktop":{"background-color":"","background-image":"","background-repeat":"repeat","background-position":"center center","background-size":"auto","background-attachment":"scroll","background-type":"","background-media":"","overlay-type":"","overlay-color":"","overlay-opacity":"","overlay-gradient":""},"tablet":{"background-color":"","background-image":"","background-repeat":"repeat","background-position":"center center","background-size":"auto","background-attachment":"scroll","background-type":"","background-media":"","overlay-type":"","overlay-color":"","overlay-opacity":"","overlay-gradient":""},"mobile":{"background-color":"","background-image":"","background-repeat":"repeat","background-position":"center center","background-size":"auto","background-attachment":"scroll","background-type":"","background-media":"","overlay-type":"","overlay-color":"","overlay-opacity":"","overlay-gradient":""}},"ast-content-background-meta":{"desktop":{"background-color":"var(--ast-global-color-5)","background-image":"","background-repeat":"repeat","background-position":"center center","background-size":"auto","background-attachment":"scroll","background-type":"","background-media":"","overlay-type":"","overlay-color":"","overlay-opacity":"","overlay-gradient":""},"tablet":{"background-color":"var(--ast-global-color-5)","background-image":"","background-repeat":"repeat","background-position":"center center","background-size":"auto","background-attachment":"scroll","background-type":"","background-media":"","overlay-type":"","overlay-color":"","overlay-opacity":"","overlay-gradient":""},"mobile":{"background-color":"var(--ast-global-color-5)","background-image":"","background-repeat":"repeat","background-position":"center center","background-size":"auto","background-attachment":"scroll","background-type":"","background-media":"","overlay-type":"","overlay-color":"","overlay-opacity":"","overlay-gradient":""}}},"product_brand":[],"product_cat":[27],"product_tag":[],"class_list":{"0":"post-1988","1":"product","2":"type-product","3":"status-publish","4":"has-post-thumbnail","6":"product_cat-other-construction-equipments","7":"desktop-align-left","8":"tablet-align-left","9":"mobile-align-left","11":"first","12":"instock","13":"sale","14":"shipping-taxable","15":"purchasable","16":"product-type-simple"},"uagb_featured_image_src":{"full":["https:\/\/tophighmachinery.com\/wp-content\/uploads\/2025\/11\/brick-laying-paving-machine24-scaled.jpg",1920,2560,false],"thumbnail":["https:\/\/tophighmachinery.com\/wp-content\/uploads\/2025\/11\/brick-laying-paving-machine24-150x150.jpg",150,150,true],"medium":["https:\/\/tophighmachinery.com\/wp-content\/uploads\/2025\/11\/brick-laying-paving-machine24-225x300.jpg",225,300,true],"medium_large":["https:\/\/tophighmachinery.com\/wp-content\/uploads\/2025\/11\/brick-laying-paving-machine24-768x1024.jpg",768,1024,true],"large":["https:\/\/tophighmachinery.com\/wp-content\/uploads\/2025\/11\/brick-laying-paving-machine24-768x1024.jpg",768,1024,true],"1536x1536":["https:\/\/tophighmachinery.com\/wp-content\/uploads\/2025\/11\/brick-laying-paving-machine24-1152x1536.jpg",1152,1536,true],"2048x2048":["https:\/\/tophighmachinery.com\/wp-content\/uploads\/2025\/11\/brick-laying-paving-machine24-1536x2048.jpg",1536,2048,true],"woocommerce_thumbnail":["https:\/\/tophighmachinery.com\/wp-content\/uploads\/2025\/11\/brick-laying-paving-machine24-300x300.jpg",300,300,true],"woocommerce_single":["https:\/\/tophighmachinery.com\/wp-content\/uploads\/2025\/11\/brick-laying-paving-machine24-600x800.jpg",600,800,true],"woocommerce_gallery_thumbnail":["https:\/\/tophighmachinery.com\/wp-content\/uploads\/2025\/11\/brick-laying-paving-machine24-100x100.jpg",100,100,true]},"uagb_author_info":{"display_name":"admin@yingchengchina.com","author_link":"https:\/\/tophighmachinery.com\/es-mx\/author\/"},"uagb_comment_info":0,"uagb_excerpt":"A semi-automatic brick paving machine is an engineering machine specifically designed for laying sidewalk bricks, plaza bricks, grass pavers, curb stones, and other building materials. It belongs to the \"human-machine collaboration\" type of equipment: \"Semi-automatic\" means that the machine replaces the most arduous steps of \"handling, leveling, and compacting,\" but the arrangement of bricks, adjustment&hellip;","_links":{"self":[{"href":"https:\/\/tophighmachinery.com\/es-mx\/wp-json\/wp\/v2\/product\/1988","targetHints":{"allow":["GET"]}}],"collection":[{"href":"https:\/\/tophighmachinery.com\/es-mx\/wp-json\/wp\/v2\/product"}],"about":[{"href":"https:\/\/tophighmachinery.com\/es-mx\/wp-json\/wp\/v2\/types\/product"}],"wp:featuredmedia":[{"embeddable":true,"href":"https:\/\/tophighmachinery.com\/es-mx\/wp-json\/wp\/v2\/media\/1989"}],"wp:attachment":[{"href":"https:\/\/tophighmachinery.com\/es-mx\/wp-json\/wp\/v2\/media?parent=1988"}],"wp:term":[{"taxonomy":"product_brand","embeddable":true,"href":"https:\/\/tophighmachinery.com\/es-mx\/wp-json\/wp\/v2\/product_brand?post=1988"},{"taxonomy":"product_cat","embeddable":true,"href":"https:\/\/tophighmachinery.com\/es-mx\/wp-json\/wp\/v2\/product_cat?post=1988"},{"taxonomy":"product_tag","embeddable":true,"href":"https:\/\/tophighmachinery.com\/es-mx\/wp-json\/wp\/v2\/product_tag?post=1988"}],"curies":[{"name":"wp","href":"https:\/\/api.w.org\/{rel}","templated":true}]}}