{"id":1726,"date":"2025-11-04T07:19:46","date_gmt":"2025-11-04T07:19:46","guid":{"rendered":"https:\/\/tophighmachinery.com\/?post_type=product&#038;p=1726"},"modified":"2025-11-05T05:35:25","modified_gmt":"2025-11-05T05:35:25","slug":"moving-diesel-electric-egg-laying-concrete-block-machine-price-interlocking-automatic-brick-making-machinery","status":"publish","type":"product","link":"https:\/\/tophighmachinery.com\/es\/product\/moving-diesel-electric-egg-laying-concrete-block-machine-price-interlocking-automatic-brick-making-machinery\/","title":{"rendered":"QMY4-45 Diesel Potencia M\u00f3vil para Poner Huevos M\u00e1quina de Fabricaci\u00f3n de Bloques de Concreto Ladrillo"},"content":{"rendered":"<div class=\"J_module\"><b class=\"magic-11\" style=\"font-style: inherit;\"><span class=\"magic-12\">PRECIO M&Aacute;S BAJO<\/span><\/b><\/div>\n<div class=\"J_module\">\n<div class=\"icbu-pc-images magic-9\">\n<div class=\"flex-layout-h\">\n<div class=\"text-wrapper magic-10\">\n<div class=\"text-wrapper-left text-theme-light text-align-left\">\n<div class=\"text-content\" data-id=\"left-content\">\n<div><b class=\"magic-11\"><span class=\"magic-12\">GARANT&Iacute;A DE CALIDAD<\/span><\/b><\/div>\n<div><b class=\"magic-11\"><span class=\"magic-12\">Tenemos todo tipo de m&aacute;quinas que pueden satisfacer sus necesidades.<br>y tambi&eacute;n puede hacer la personalizaci&oacute;n.<br>\n<\/span><\/b><\/div>\n<\/div>\n<\/div>\n<\/div>\n<div class=\"flex-layout-v magic-13\">\n<div class=\"magic-14\"><span style=\"font-size: 16px;\">ESPECIFICACIONES DEL PRODUCTO<\/span><\/div>\n<\/div>\n<\/div>\n<\/div>\n<\/div>\n<div class=\"J_module\">\n<div class=\"detail-decorate-json-renderer-container\">\n<div class=\"magic-1\">\n<div class=\"magic-5\">\n<div class=\"magic-6\">\n<div class=\"magic-7\"><span class=\"magic-4\" style=\"color: #2196ed;\">M&aacute;quina m&oacute;vil para fabricar ladrillos de bloques di&eacute;sel en movimiento QMY4-45<br>\n<\/span>1. Capacidad de producci&oacute;n peque&ntilde;a y m&aacute;quina de tama&ntilde;o reducido con precio razonable.<br>2. Baja inversi&oacute;n alta ganancia<br>3. Amplia gama de producci&oacute;n: bloque hueco de concreto, bloque s&oacute;lido de cemento, bloque para muros,<br>Houdis, cabro, bloque de enclavamiento, ladrillo de pavimentaci&oacute;n, ladrillo de calle de color, bordillo&hellip;.<br>4. m&aacute;quina de bloques di&eacute;sel, no necesita energ&iacute;a el&eacute;ctrica, por lo que podr&iacute;a usarse en el pueblo.<br>5. F&aacute;cil de operar<br>No es necesario usar paletas, podr&iacute;a producir ladrillos resistentes.<div><span class=\"magic-4\" style=\"color: #2196ed;\">2. Introducci&oacute;n a la l&iacute;nea de producci&oacute;n de ladrillos semiautom&aacute;tica<br>\n<\/span><\/div>\n<\/div>\n<\/div>\n<\/div>\n<\/div>\n<\/div>\n<\/div>\n<div class=\"J_module\">\n<div class=\"icbu-pc-detailManyImage magic-16\" data-module-name=\"icbu-pc-detailManyImage\">\n<div class=\"magic-17\">&nbsp;<img fetchpriority=\"high\" decoding=\"async\" class=\"alignnone size-medium wp-image-1728\" src=\"https:\/\/tophighmachinery.com\/wp-content\/uploads\/2025\/11\/IMG_20210302_120109-300x300.jpg\" alt=\"\" width=\"300\" height=\"300\" srcset=\"https:\/\/tophighmachinery.com\/wp-content\/uploads\/2025\/11\/IMG_20210302_120109-300x300.jpg 300w, https:\/\/tophighmachinery.com\/wp-content\/uploads\/2025\/11\/IMG_20210302_120109-1024x1024.jpg 1024w, https:\/\/tophighmachinery.com\/wp-content\/uploads\/2025\/11\/IMG_20210302_120109-150x150.jpg 150w, https:\/\/tophighmachinery.com\/wp-content\/uploads\/2025\/11\/IMG_20210302_120109-768x768.jpg 768w, https:\/\/tophighmachinery.com\/wp-content\/uploads\/2025\/11\/IMG_20210302_120109-1536x1536.jpg 1536w, https:\/\/tophighmachinery.com\/wp-content\/uploads\/2025\/11\/IMG_20210302_120109-2048x2048.jpg 2048w, https:\/\/tophighmachinery.com\/wp-content\/uploads\/2025\/11\/IMG_20210302_120109-600x600.jpg 600w, https:\/\/tophighmachinery.com\/wp-content\/uploads\/2025\/11\/IMG_20210302_120109-100x100.jpg 100w\" sizes=\"(max-width: 300px) 100vw, 300px\" \/> <img decoding=\"async\" class=\"alignnone size-medium wp-image-1729\" src=\"https:\/\/tophighmachinery.com\/wp-content\/uploads\/2025\/11\/IMG_20210302_120115-300x300.jpg\" alt=\"\" width=\"300\" height=\"300\" srcset=\"https:\/\/tophighmachinery.com\/wp-content\/uploads\/2025\/11\/IMG_20210302_120115-300x300.jpg 300w, https:\/\/tophighmachinery.com\/wp-content\/uploads\/2025\/11\/IMG_20210302_120115-1024x1024.jpg 1024w, https:\/\/tophighmachinery.com\/wp-content\/uploads\/2025\/11\/IMG_20210302_120115-150x150.jpg 150w, https:\/\/tophighmachinery.com\/wp-content\/uploads\/2025\/11\/IMG_20210302_120115-768x768.jpg 768w, https:\/\/tophighmachinery.com\/wp-content\/uploads\/2025\/11\/IMG_20210302_120115-1536x1536.jpg 1536w, https:\/\/tophighmachinery.com\/wp-content\/uploads\/2025\/11\/IMG_20210302_120115-2048x2048.jpg 2048w, https:\/\/tophighmachinery.com\/wp-content\/uploads\/2025\/11\/IMG_20210302_120115-600x600.jpg 600w, https:\/\/tophighmachinery.com\/wp-content\/uploads\/2025\/11\/IMG_20210302_120115-100x100.jpg 100w\" sizes=\"(max-width: 300px) 100vw, 300px\" \/> <img decoding=\"async\" class=\"alignnone size-medium wp-image-1730\" src=\"https:\/\/tophighmachinery.com\/wp-content\/uploads\/2025\/11\/IMG_20210302_134427-300x300.jpg\" alt=\"\" width=\"300\" height=\"300\" srcset=\"https:\/\/tophighmachinery.com\/wp-content\/uploads\/2025\/11\/IMG_20210302_134427-300x300.jpg 300w, https:\/\/tophighmachinery.com\/wp-content\/uploads\/2025\/11\/IMG_20210302_134427-1024x1024.jpg 1024w, https:\/\/tophighmachinery.com\/wp-content\/uploads\/2025\/11\/IMG_20210302_134427-150x150.jpg 150w, https:\/\/tophighmachinery.com\/wp-content\/uploads\/2025\/11\/IMG_20210302_134427-768x768.jpg 768w, https:\/\/tophighmachinery.com\/wp-content\/uploads\/2025\/11\/IMG_20210302_134427-600x600.jpg 600w, https:\/\/tophighmachinery.com\/wp-content\/uploads\/2025\/11\/IMG_20210302_134427-100x100.jpg 100w, https:\/\/tophighmachinery.com\/wp-content\/uploads\/2025\/11\/IMG_20210302_134427.jpg 1500w\" sizes=\"(max-width: 300px) 100vw, 300px\" \/> <img loading=\"lazy\" decoding=\"async\" class=\"alignnone size-medium wp-image-1731\" src=\"https:\/\/tophighmachinery.com\/wp-content\/uploads\/2025\/11\/IMG_20210302_134437-300x300.jpg\" alt=\"\" width=\"300\" height=\"300\" srcset=\"https:\/\/tophighmachinery.com\/wp-content\/uploads\/2025\/11\/IMG_20210302_134437-300x300.jpg 300w, https:\/\/tophighmachinery.com\/wp-content\/uploads\/2025\/11\/IMG_20210302_134437-1024x1024.jpg 1024w, https:\/\/tophighmachinery.com\/wp-content\/uploads\/2025\/11\/IMG_20210302_134437-150x150.jpg 150w, https:\/\/tophighmachinery.com\/wp-content\/uploads\/2025\/11\/IMG_20210302_134437-768x768.jpg 768w, https:\/\/tophighmachinery.com\/wp-content\/uploads\/2025\/11\/IMG_20210302_134437-600x600.jpg 600w, https:\/\/tophighmachinery.com\/wp-content\/uploads\/2025\/11\/IMG_20210302_134437-100x100.jpg 100w, https:\/\/tophighmachinery.com\/wp-content\/uploads\/2025\/11\/IMG_20210302_134437.jpg 1500w\" sizes=\"(max-width: 300px) 100vw, 300px\" \/> &nbsp;<img loading=\"lazy\" decoding=\"async\" class=\"alignnone size-medium wp-image-1733\" src=\"https:\/\/tophighmachinery.com\/wp-content\/uploads\/2025\/11\/IMG_20210802_163814-300x300.jpg\" alt=\"\" width=\"300\" height=\"300\" srcset=\"https:\/\/tophighmachinery.com\/wp-content\/uploads\/2025\/11\/IMG_20210802_163814-300x300.jpg 300w, https:\/\/tophighmachinery.com\/wp-content\/uploads\/2025\/11\/IMG_20210802_163814-1024x1024.jpg 1024w, https:\/\/tophighmachinery.com\/wp-content\/uploads\/2025\/11\/IMG_20210802_163814-150x150.jpg 150w, https:\/\/tophighmachinery.com\/wp-content\/uploads\/2025\/11\/IMG_20210802_163814-768x768.jpg 768w, https:\/\/tophighmachinery.com\/wp-content\/uploads\/2025\/11\/IMG_20210802_163814-600x600.jpg 600w, https:\/\/tophighmachinery.com\/wp-content\/uploads\/2025\/11\/IMG_20210802_163814-100x100.jpg 100w, https:\/\/tophighmachinery.com\/wp-content\/uploads\/2025\/11\/IMG_20210802_163814.jpg 1500w\" sizes=\"(max-width: 300px) 100vw, 300px\" \/> <img loading=\"lazy\" decoding=\"async\" class=\"alignnone size-medium wp-image-1734\" src=\"https:\/\/tophighmachinery.com\/wp-content\/uploads\/2025\/11\/IMG_20210802_171952-300x300.jpg\" alt=\"\" width=\"300\" height=\"300\" srcset=\"https:\/\/tophighmachinery.com\/wp-content\/uploads\/2025\/11\/IMG_20210802_171952-300x300.jpg 300w, https:\/\/tophighmachinery.com\/wp-content\/uploads\/2025\/11\/IMG_20210802_171952-1024x1024.jpg 1024w, https:\/\/tophighmachinery.com\/wp-content\/uploads\/2025\/11\/IMG_20210802_171952-150x150.jpg 150w, https:\/\/tophighmachinery.com\/wp-content\/uploads\/2025\/11\/IMG_20210802_171952-768x768.jpg 768w, https:\/\/tophighmachinery.com\/wp-content\/uploads\/2025\/11\/IMG_20210802_171952-1536x1536.jpg 1536w, https:\/\/tophighmachinery.com\/wp-content\/uploads\/2025\/11\/IMG_20210802_171952-2048x2048.jpg 2048w, https:\/\/tophighmachinery.com\/wp-content\/uploads\/2025\/11\/IMG_20210802_171952-600x600.jpg 600w, https:\/\/tophighmachinery.com\/wp-content\/uploads\/2025\/11\/IMG_20210802_171952-100x100.jpg 100w\" sizes=\"(max-width: 300px) 100vw, 300px\" \/><\/div>\n<div><span class=\"mars-pro\" data-o='\n&lt;div style=&quot;width: 720px;&quot; class=&quot;wp-video&quot;&gt;&lt;video class=&quot;wp-video-shortcode&quot; id=&quot;video-1726-1&quot; width=&quot;720&quot; height=&quot;1280&quot; preload=&quot;metadata&quot; controls=&quot;controls&quot;&gt;&lt;source type=&quot;video\/mp4&quot; src=&quot;https:\/\/tophighmachinery.com\/wp-content\/uploads\/2025\/11\/4-45-3.mp4?_=1&quot; \/&gt;&lt;a href=&quot;https:\/\/tophighmachinery.com\/wp-content\/uploads\/2025\/11\/4-45-3.mp4&quot;&gt;https:\/\/tophighmachinery.com\/wp-content\/uploads\/2025\/11\/4-45-3.mp4&lt;\/a&gt;&lt;\/video&gt;&lt;\/div&gt;\n'>\n<div style=\"width: 720px;\" class=\"wp-video\"><video class=\"wp-video-shortcode\" id=\"video-1726-2\" width=\"720\" height=\"1280\" preload=\"metadata\" controls=\"controls\"><source type=\"video\/mp4\" src=\"https:\/\/tophighmachinery.com\/wp-content\/uploads\/2025\/11\/4-45-3.mp4?_=2\" \/><a href=\"https:\/\/tophighmachinery.com\/wp-content\/uploads\/2025\/11\/4-45-3.mp4\">https:\/\/tophighmachinery.com\/wp-content\/uploads\/2025\/11\/4-45-3.mp4<\/a><\/video><\/div>\n<\/span><\/div>\n<\/div>\n<\/div>\n<div class=\"J_module\">\n<div class=\"ife-detail-decorate-table\">\n<table class=\"all magic-19\">\n<tbody>\n<tr>\n<td colspan=\"4\" rowspan=\"1\">\n<div class=\"magic-20\">\n<div><\/div>\n<div>\n<p><span style=\"font-size: 16px;\">La m&aacute;quina m&oacute;vil para fabricar ladrillos de cemento di&eacute;sel QMY4-45 es un equipo de producci&oacute;n de ladrillos de cemento a peque&ntilde;a escala, multifuncional y m&oacute;vil, que integra un sistema de potencia, un sistema de desplazamiento y funciones de fabricaci&oacute;n de ladrillos. Es especialmente adecuada para construcciones en campo, &aacute;reas remotas o lugares con suministro el&eacute;ctrico inestable.<\/span><\/p>\n<p>1. Alta Integraci&oacute;n y Movilidad<\/p>\n<p>* Este equipo integra todo el proceso<span style=\"font-size: 16px;\">El proceso de alimentaci&oacute;n, prensado y salida de ladrillos se integra en un solo chasis. Puede moverse y fabricar ladrillos autom&aacute;ticamente, materializando el concepto de \"llevar la f&aacute;brica de ladrillos a la obra de construcci&oacute;n\".<\/span><\/p>\n<p>2. Potencia Di&eacute;sel, Sin Dependencia de la Electricidad<\/p>\n<p>Utilizando un motor di&eacute;sel como fuente de energ&iacute;a, elimina por completo la dependencia de una red el&eacute;ctrica fija. Esto lo hace ideal para su uso en obras de construcci&oacute;n sin electricidad, zonas rurales, regiones monta&ntilde;osas, reconstrucci&oacute;n tras desastres y otros escenarios similares.<\/p>\n<p>3. Multifuncional, con cambios r&aacute;pidos de molde.<\/p>\n<p>El \"4\" en el modelo 4-45 generalmente indica que puede producir 4 ladrillos est&aacute;ndar (por ejemplo, de 400x200x200 mm) por prensado, y el \"45\" indica que cada prensado tarda 45 segundos.<\/p>\n<p>Al cambiar diferentes moldes, puede producir productos de cemento de diversas formas y tama&ntilde;os, tales como: ladrillos para pavimentaci&oacute;n, ladrillos holandeses, ladrillos permeables, bloques para c&eacute;sped, bordillos, etc.<\/p>\n<p>4. Operaci&oacute;n sencilla, r&aacute;pido retorno de la inversi&oacute;n.<\/p>\n<p>El equipo tiene un grado moderado de automatizaci&oacute;n, lo que requiere habilidades t&eacute;cnicas m&iacute;nimas de los operadores; una capacitaci&oacute;n simple es suficiente para operarlo. Debido a su movilidad y bajo costo, puede ponerse r&aacute;pidamente en producci&oacute;n, proporcionando inmediatamente materiales de construcci&oacute;n para proyectos de ingenier&iacute;a, con un corto per&iacute;odo de recuperaci&oacute;n de la inversi&oacute;n.<\/p>\n<\/div>\n<div class=\"magic-3\">ESPECIFICACIONES PARA LA M&Aacute;QUINA DE BLOQUES M&Oacute;VIL DIESEL QM4-45<\/div>\n<\/div>\n<\/td>\n<\/tr>\n<tr>\n<td colspan=\"1\" rowspan=\"3\">\n<div class=\"magic-25\">Capacidad<\/div>\n<\/td>\n<td colspan=\"1\" rowspan=\"1\">\n<div class=\"magic-22\">400 x 200 x 200 mm<\/div>\n<\/td>\n<td colspan=\"1\" rowspan=\"1\">\n<div class=\"magic-23\">pcs\/8horas<\/div>\n<\/td>\n<td colspan=\"1\" rowspan=\"1\">\n<div class=\"magic-26\">2560<\/div>\n<\/td>\n<\/tr>\n<tr>\n<td colspan=\"1\" rowspan=\"1\">\n<div class=\"magic-22\">400 x 150 x 200 mm<\/div>\n<\/td>\n<td colspan=\"1\" rowspan=\"1\">\n<div class=\"magic-23\">pcs\/8horas<\/div>\n<\/td>\n<td colspan=\"1\" rowspan=\"1\">\n<div class=\"magic-26\">3200<\/div>\n<\/td>\n<\/tr>\n<tr>\n<td colspan=\"1\" rowspan=\"1\">\n<div class=\"magic-22\">400*100*200 mm<\/div>\n<\/td>\n<td colspan=\"1\" rowspan=\"1\">\n<div class=\"magic-23\">pcs\/8horas<\/div>\n<\/td>\n<td colspan=\"1\" rowspan=\"1\">\n<div class=\"magic-26\">3840<\/div>\n<\/td>\n<\/tr>\n<tr>\n<td colspan=\"1\" rowspan=\"3\">\n<div class=\"magic-25\">Par&aacute;metros del Correo<\/div>\n<\/td>\n<td colspan=\"1\" rowspan=\"1\">\n<div class=\"magic-22\">Poder<\/div>\n<\/td>\n<td colspan=\"1\" rowspan=\"1\">\n<div class=\"magic-23\">kw<\/div>\n<\/td>\n<td colspan=\"1\" rowspan=\"1\">\n<div class=\"magic-26\">6<\/div>\n<\/td>\n<\/tr>\n<tr>\n<td colspan=\"1\" rowspan=\"1\">\n<div class=\"magic-22\">Voltaje<\/div>\n<\/td>\n<td colspan=\"1\" rowspan=\"1\">\n<div class=\"magic-23\">v<\/div>\n<\/td>\n<td colspan=\"1\" rowspan=\"1\">\n<div class=\"magic-26\">380\/440v<\/div>\n<\/td>\n<\/tr>\n<tr>\n<td colspan=\"1\" rowspan=\"1\">\n<div class=\"magic-22\">Peso<\/div>\n<\/td>\n<td colspan=\"1\" rowspan=\"1\">\n<div class=\"magic-23\">kg<\/div>\n<\/td>\n<td colspan=\"1\" rowspan=\"1\">\n<div class=\"magic-26\">900<\/div>\n<\/td>\n<\/tr>\n<tr>\n<td colspan=\"1\" rowspan=\"3\">\n<div class=\"magic-25\">Rendimiento<\/div>\n<\/td>\n<td colspan=\"1\" rowspan=\"1\">\n<div class=\"magic-22\">Ciclo de moldeo<\/div>\n<\/td>\n<td colspan=\"1\" rowspan=\"1\">\n<div class=\"magic-23\">s<\/div>\n<\/td>\n<td colspan=\"1\" rowspan=\"1\">\n<div class=\"magic-26\">45<\/div>\n<\/td>\n<\/tr>\n<tr>\n<td colspan=\"1\" rowspan=\"1\">\n<div class=\"magic-22\">Dimensi&oacute;n<\/div>\n<\/td>\n<td colspan=\"1\" rowspan=\"1\">\n<div class=\"magic-23\">mm<\/div>\n<\/td>\n<td colspan=\"1\" rowspan=\"1\">\n<div class=\"magic-26\">1500*1355*1380 mm<\/div>\n<\/td>\n<\/tr>\n<tr>\n<td colspan=\"1\" rowspan=\"1\">\n<div class=\"magic-22\">Capacidad<\/div>\n<\/td>\n<td colspan=\"1\" rowspan=\"1\">\n<div class=\"magic-23\">pcs\/8horas<\/div>\n<\/td>\n<td colspan=\"1\" rowspan=\"1\">\n<div class=\"magic-26\">2560<\/div>\n<\/td>\n<\/tr>\n<\/tbody>\n<\/table>\n<\/div>\n<\/div>\n<div class=\"J_module\">\n<div class=\"detail-decorate-json-renderer-container\">\n<div class=\"magic-1\">\n<div class=\"magic-5\">\n<div class=\"magic-6\">\n<div class=\"magic-7\"><i><b><span class=\"magic-27\">Especificaci&oacute;n del producto de la m&aacute;quina autom&aacute;tica\/manual para fabricar bloques\/ladrillos macizos de cemento y arcilla entrelazados<\/span><\/b><\/i><\/div>\n<\/div>\n<\/div>\n<\/div>\n<\/div>\n<\/div>\n<div class=\"J_module\">\n<div class=\"detail-decorate-json-renderer-container\">\n<div class=\"magic-1\">\n<div class=\"magic-5\">\n<div class=\"magic-6\">\n<div class=\"magic-7\">\n<div class=\"magic-3\"><span class=\"magic-27\" style=\"color: #c4433c;\"><b class=\"magic-28\">TODAS LAS PIEZAS CLAVE EST&Aacute;N TRATADAS T&Eacute;RMICAMENTE<\/b><\/span><\/div>\n<div class=\"magic-3\"><span class=\"magic-27\" style=\"color: #c4433c;\"><b class=\"magic-28\">&iexcl;M&Aacute;S RESISTENTE Y DURADERO!<\/b><\/span><\/div>\n<\/div>\n<\/div>\n<\/div>\n<\/div>\n<\/div>\n<\/div>\n<div class=\"J_module\">\n<div class=\"icbu-pc-images magic-9\">\n<div class=\"flex-layout-v\">\n<div class=\"flex-layout-h magic-9\">\n<div class=\"magic-29\"><img loading=\"lazy\" decoding=\"async\" class=\"\" src=\"https:\/\/okki-shop.oss-cn-hangzhou.aliyuncs.com\/category\/39161\/3746\/351fa975ef08717c12fbb2e2c72ad274\/comparison.jpg\" alt=\"comparison.jpg\" width=\"1108\" height=\"2089\"><img loading=\"lazy\" decoding=\"async\" class=\"\" src=\"https:\/\/okki-shop.oss-cn-hangzhou.aliyuncs.com\/category\/39161\/3746\/98a85ec5cd6e69444ae22d2a24f66870\/4%E7%AE%80%E4%BB%8B.jpg\" alt=\"4&#31616;&#20171;.jpg\" width=\"1102\" height=\"1575\"><\/div>\n<\/div>\n<\/div>\n<\/div>\n<\/div>\n<div class=\"J_module\">\n<div class=\"icbu-pc-images magic-9\">\n<div class=\"flex-layout-v\">\n<div class=\"flex-layout-h magic-9\">\n<div class=\"magic-33\"><span style=\"font-size: 16px;\">RED DE VENTAS Y SERVICIO<\/span><\/div>\n<\/div>\n<\/div>\n<\/div>\n<\/div>\n<div class=\"J_module\">\n<div class=\"icbu-pc-images magic-9\">\n<div class=\"flex-layout-v\">\n<div class=\"flex-layout-h magic-9\">\n<div class=\"magic-35\"><\/div>\n<\/div>\n<\/div>\n<\/div>\n<\/div>\n<div class=\"J_module\">\n<div class=\"icbu-pc-images magic-9\">\n<div>\n<div class=\"flex-layout-v\">\n<div class=\"flex-layout-h magic-9\">\n<div class=\"magic-37\"><img loading=\"lazy\" decoding=\"async\" class=\"magic-38\" src=\"\/\/sc04.alicdn.com\/kf\/HTB1oTNiRkvoK1RjSZPfq6xPKFXaD\/224628538\/HTB1oTNiRkvoK1RjSZPfq6xPKFXaD.jpg\" alt=\"Diesel Egg Laying Concrete Block Machine Price Interlocking Manual Brick Making Machinery details\" width=\"1123\" height=\"1488\" data-id=\"child-image-0\"><\/div>\n<\/div>\n<\/div>\n<\/div>\n<\/div>\n<\/div>\n<div class=\"J_module\">\n<div id=\"ali-anchor-AliMagic-f20j50\" class=\"magic-0\" data-section=\"AliMagic-f20j50\" data-section-title=\"Successful Project\">Proyecto Exitoso<\/div>\n<\/div>\n<div class=\"J_module\">\n<div class=\"icbu-pc-images magic-9\">\n<div class=\"flex-layout-v\">\n<div class=\"flex-layout-h magic-9\">\n<div class=\"magic-39\"><\/div>\n<\/div>\n<\/div>\n<\/div>\n<\/div>\n<div class=\"J_module\">\n<div class=\"icbu-pc-images magic-9\">\n<div>\n<div class=\"flex-layout-v\">\n<div class=\"flex-layout-h magic-9\">\n<div class=\"magic-41\"><img loading=\"lazy\" decoding=\"async\" class=\"magic-42\" src=\"\/\/sc04.alicdn.com\/kf\/H16a71144c76040f5a2236926f30f8eecL\/224628538\/H16a71144c76040f5a2236926f30f8eecL.jpg\" alt=\"Diesel Egg Laying Concrete Block Machine Price Interlocking Manual Brick Making Machinery supplier\" width=\"1193\" height=\"1157\" data-id=\"child-image-0\"><\/div>\n<\/div>\n<\/div>\n<\/div>\n<\/div>\n<\/div>\n<","protected":false},"excerpt":{"rendered":"<p><span style=\"font-size: 16px;\">The QMY4-45 diesel-powered mobile cement brick making machine is a multi-functional, mobile, small-scale cement brick production equipment that integrates a power system, a walking system, and brick-making functions. It is particularly suitable for field construction, remote areas, or locations with unstable power supplies.<\/span><\/p>\n<p>1. High Integration and Mobility<\/p>\n<p>2. Diesel Power, No Electricity Dependence<\/p>\n<p>3. Multi-functional, with quick mold changes<\/p>\n<p>4. Simple operation, quick return on investment<\/p>\n","protected":false},"featured_media":1485,"template":"","meta":{"_uag_custom_page_level_css":"","site-sidebar-layout":"default","site-content-layout":"","ast-site-content-layout":"default","site-content-style":"default","site-sidebar-style":"default","ast-global-header-display":"","ast-banner-title-visibility":"","ast-main-header-display":"","ast-hfb-above-header-display":"","ast-hfb-below-header-display":"","ast-hfb-mobile-header-display":"","site-post-title":"","ast-breadcrumbs-content":"","ast-featured-img":"","footer-sml-layout":"","ast-disable-related-posts":"","theme-transparent-header-meta":"default","adv-header-id-meta":"","stick-header-meta":"","header-above-stick-meta":"","header-main-stick-meta":"","header-below-stick-meta":"","astra-migrate-meta-layouts":"set","ast-page-background-enabled":"default","ast-page-background-meta":{"desktop":{"background-color":"","background-image":"","background-repeat":"repeat","background-position":"center center","background-size":"auto","background-attachment":"scroll","background-type":"","background-media":"","overlay-type":"","overlay-color":"","overlay-opacity":"","overlay-gradient":""},"tablet":{"background-color":"","background-image":"","background-repeat":"repeat","background-position":"center center","background-size":"auto","background-attachment":"scroll","background-type":"","background-media":"","overlay-type":"","overlay-color":"","overlay-opacity":"","overlay-gradient":""},"mobile":{"background-color":"","background-image":"","background-repeat":"repeat","background-position":"center center","background-size":"auto","background-attachment":"scroll","background-type":"","background-media":"","overlay-type":"","overlay-color":"","overlay-opacity":"","overlay-gradient":""}},"ast-content-background-meta":{"desktop":{"background-color":"var(--ast-global-color-5)","background-image":"","background-repeat":"repeat","background-position":"center center","background-size":"auto","background-attachment":"scroll","background-type":"","background-media":"","overlay-type":"","overlay-color":"","overlay-opacity":"","overlay-gradient":""},"tablet":{"background-color":"var(--ast-global-color-5)","background-image":"","background-repeat":"repeat","background-position":"center center","background-size":"auto","background-attachment":"scroll","background-type":"","background-media":"","overlay-type":"","overlay-color":"","overlay-opacity":"","overlay-gradient":""},"mobile":{"background-color":"var(--ast-global-color-5)","background-image":"","background-repeat":"repeat","background-position":"center center","background-size":"auto","background-attachment":"scroll","background-type":"","background-media":"","overlay-type":"","overlay-color":"","overlay-opacity":"","overlay-gradient":""}}},"product_brand":[],"product_cat":[23],"product_tag":[],"class_list":{"0":"post-1726","1":"product","2":"type-product","3":"status-publish","4":"has-post-thumbnail","6":"product_cat-moving-block-making-machine","7":"desktop-align-left","8":"tablet-align-left","9":"mobile-align-left","11":"first","12":"instock","13":"sale","14":"shipping-taxable","15":"purchasable","16":"product-type-simple"},"uagb_featured_image_src":{"full":["https:\/\/tophighmachinery.com\/wp-content\/uploads\/2025\/11\/egg-laying-block-machine-qt4-45.jpg",600,600,false],"thumbnail":["https:\/\/tophighmachinery.com\/wp-content\/uploads\/2025\/11\/egg-laying-block-machine-qt4-45-150x150.jpg",150,150,true],"medium":["https:\/\/tophighmachinery.com\/wp-content\/uploads\/2025\/11\/egg-laying-block-machine-qt4-45-300x300.jpg",300,300,true],"medium_large":["https:\/\/tophighmachinery.com\/wp-content\/uploads\/2025\/11\/egg-laying-block-machine-qt4-45.jpg",600,600,false],"large":["https:\/\/tophighmachinery.com\/wp-content\/uploads\/2025\/11\/egg-laying-block-machine-qt4-45.jpg",600,600,false],"1536x1536":["https:\/\/tophighmachinery.com\/wp-content\/uploads\/2025\/11\/egg-laying-block-machine-qt4-45.jpg",600,600,false],"2048x2048":["https:\/\/tophighmachinery.com\/wp-content\/uploads\/2025\/11\/egg-laying-block-machine-qt4-45.jpg",600,600,false],"woocommerce_thumbnail":["https:\/\/tophighmachinery.com\/wp-content\/uploads\/2025\/11\/egg-laying-block-machine-qt4-45-300x300.jpg",300,300,true],"woocommerce_single":["https:\/\/tophighmachinery.com\/wp-content\/uploads\/2025\/11\/egg-laying-block-machine-qt4-45.jpg",600,600,false],"woocommerce_gallery_thumbnail":["https:\/\/tophighmachinery.com\/wp-content\/uploads\/2025\/11\/egg-laying-block-machine-qt4-45-100x100.jpg",100,100,true]},"uagb_author_info":{"display_name":"admin@yingchengchina.com","author_link":"https:\/\/tophighmachinery.com\/es\/author\/"},"uagb_comment_info":0,"uagb_excerpt":"The QMY4-45 diesel-powered mobile cement brick making machine is a multi-functional, mobile, small-scale cement brick production equipment that integrates a power system, a walking system, and brick-making functions. It is particularly suitable for field construction, remote areas, or locations with unstable power supplies. 1. High Integration and Mobility 2. Diesel Power, No Electricity Dependence 3.&hellip;","_links":{"self":[{"href":"https:\/\/tophighmachinery.com\/es\/wp-json\/wp\/v2\/product\/1726","targetHints":{"allow":["GET"]}}],"collection":[{"href":"https:\/\/tophighmachinery.com\/es\/wp-json\/wp\/v2\/product"}],"about":[{"href":"https:\/\/tophighmachinery.com\/es\/wp-json\/wp\/v2\/types\/product"}],"wp:featuredmedia":[{"embeddable":true,"href":"https:\/\/tophighmachinery.com\/es\/wp-json\/wp\/v2\/media\/1485"}],"wp:attachment":[{"href":"https:\/\/tophighmachinery.com\/es\/wp-json\/wp\/v2\/media?parent=1726"}],"wp:term":[{"taxonomy":"product_brand","embeddable":true,"href":"https:\/\/tophighmachinery.com\/es\/wp-json\/wp\/v2\/product_brand?post=1726"},{"taxonomy":"product_cat","embeddable":true,"href":"https:\/\/tophighmachinery.com\/es\/wp-json\/wp\/v2\/product_cat?post=1726"},{"taxonomy":"product_tag","embeddable":true,"href":"https:\/\/tophighmachinery.com\/es\/wp-json\/wp\/v2\/product_tag?post=1726"}],"curies":[{"name":"wp","href":"https:\/\/api.w.org\/{rel}","templated":true}]}}