{"id":1835,"date":"2025-11-06T06:09:10","date_gmt":"2025-11-06T06:09:10","guid":{"rendered":"https:\/\/tophighmachinery.com\/?post_type=product&#038;p=1835"},"modified":"2025-11-06T06:09:10","modified_gmt":"2025-11-06T06:09:10","slug":"qt4-40-manual-small-concrete-interlock-blocks-mold-machine-multifunction-brick-block-making-machine","status":"publish","type":"product","link":"https:\/\/tophighmachinery.com\/es\/product\/qt4-40-manual-small-concrete-interlock-blocks-mold-machine-multifunction-brick-block-making-machine\/","title":{"rendered":"M\u00e1quina Moldeadora de Bloques de Concreto Peque\u00f1os de Interconexi\u00f3n Manual Qt4-40 M\u00e1quina Multifuncional para Hacer Ladrillos y Bloques"},"content":{"rendered":"<div class=\"J_module\">\n<div class=\"detail-decorate-json-renderer-container\">\n<div class=\"magic-1\">\n<div class=\"magic-2\">\n<div class=\"magic-3\">\n<div class=\"magic-4\">\n<div class=\"magic-5\"><b>Venta caliente m&aacute;quina para hacer bloques de construcci&oacute;n QT4-40.<\/b><\/div>\n<div>\n<p>La QT4-40 es una m&aacute;quina compacta de moldeo de bloques semiautom&aacute;tica de alto rendimiento. Su designaci&oacute;n de modelo indica una capacidad de producci&oacute;n de 4 ladrillos huecos de cemento de tama&ntilde;o est&aacute;ndar (400*200*200mm) cada 40 segundos, lo que resulta en una capacidad de producci&oacute;n diaria (8 horas) de 2880 ladrillos huecos de 8 pulgadas.<\/p>\n<p>Durante la producci&oacute;n, se requiere el llenado manual de materias primas y la descarga manual de ladrillos\/transferencia con montacargas: los ladrillos en bruto moldeados, junto con el palet, son expulsados, y luego los trabajadores utilizan carretillas manuales para transportar la pila de ladrillos en bruto a la zona de curado.<\/p>\n<p>Componentes Principales de la L&iacute;nea de Producci&oacute;n: Una l&iacute;nea de producci&oacute;n QT4-40 t&iacute;pica incluye:<br>M&aacute;quina Principal &ndash; M&aacute;quina de Moldeo de Bloques QT4-40<br>Mezcladora: Normalmente equipada con una mezcladora JS350, compatible con la salida de la m&aacute;quina principal.<br>Sistema de Alimentaci&oacute;n: Se utiliza un alimentador de cubo simple opcional o una carretilla manual para levantar y verter el hormig&oacute;n mezclado en la tolva de la m&aacute;quina principal.<br>Sistema de Descarga de Ladrillos: Depende de carros manuales para la transferencia.<br>&Aacute;rea de Curado: Utilizada para el apilamiento y curado natural de los ladrillos en bruto.<\/p>\n<p><img fetchpriority=\"high\" decoding=\"async\" class=\"alignnone wp-image-1836 size-full\" src=\"https:\/\/tophighmachinery.com\/wp-content\/uploads\/2025\/11\/qt4-40-small-block-machine136-scaled.jpg\" alt=\"qt4 40 manual small concrete interlock blocks mold machine multifunction brick block making machine\" width=\"2560\" height=\"2560\" srcset=\"https:\/\/tophighmachinery.com\/wp-content\/uploads\/2025\/11\/qt4-40-small-block-machine136-scaled.jpg 2560w, https:\/\/tophighmachinery.com\/wp-content\/uploads\/2025\/11\/qt4-40-small-block-machine136-300x300.jpg 300w, https:\/\/tophighmachinery.com\/wp-content\/uploads\/2025\/11\/qt4-40-small-block-machine136-1024x1024.jpg 1024w, https:\/\/tophighmachinery.com\/wp-content\/uploads\/2025\/11\/qt4-40-small-block-machine136-150x150.jpg 150w, https:\/\/tophighmachinery.com\/wp-content\/uploads\/2025\/11\/qt4-40-small-block-machine136-768x768.jpg 768w, https:\/\/tophighmachinery.com\/wp-content\/uploads\/2025\/11\/qt4-40-small-block-machine136-1536x1536.jpg 1536w, https:\/\/tophighmachinery.com\/wp-content\/uploads\/2025\/11\/qt4-40-small-block-machine136-2048x2048.jpg 2048w, https:\/\/tophighmachinery.com\/wp-content\/uploads\/2025\/11\/qt4-40-small-block-machine136-600x600.jpg 600w, https:\/\/tophighmachinery.com\/wp-content\/uploads\/2025\/11\/qt4-40-small-block-machine136-100x100.jpg 100w\" sizes=\"(max-width: 2560px) 100vw, 2560px\" \/> <img decoding=\"async\" class=\"alignnone wp-image-1837 size-full\" src=\"https:\/\/tophighmachinery.com\/wp-content\/uploads\/2025\/11\/qt4-40-small-block-machine141-scaled.jpg\" alt=\"qt4 40 manual small concrete interlock blocks mold machine multifunction brick block making machine\" width=\"2560\" height=\"2560\" srcset=\"https:\/\/tophighmachinery.com\/wp-content\/uploads\/2025\/11\/qt4-40-small-block-machine141-scaled.jpg 2560w, https:\/\/tophighmachinery.com\/wp-content\/uploads\/2025\/11\/qt4-40-small-block-machine141-300x300.jpg 300w, https:\/\/tophighmachinery.com\/wp-content\/uploads\/2025\/11\/qt4-40-small-block-machine141-1024x1024.jpg 1024w, https:\/\/tophighmachinery.com\/wp-content\/uploads\/2025\/11\/qt4-40-small-block-machine141-150x150.jpg 150w, https:\/\/tophighmachinery.com\/wp-content\/uploads\/2025\/11\/qt4-40-small-block-machine141-768x768.jpg 768w, https:\/\/tophighmachinery.com\/wp-content\/uploads\/2025\/11\/qt4-40-small-block-machine141-1536x1536.jpg 1536w, https:\/\/tophighmachinery.com\/wp-content\/uploads\/2025\/11\/qt4-40-small-block-machine141-2048x2048.jpg 2048w, https:\/\/tophighmachinery.com\/wp-content\/uploads\/2025\/11\/qt4-40-small-block-machine141-600x600.jpg 600w, https:\/\/tophighmachinery.com\/wp-content\/uploads\/2025\/11\/qt4-40-small-block-machine141-100x100.jpg 100w\" sizes=\"(max-width: 2560px) 100vw, 2560px\" \/> <img decoding=\"async\" class=\"alignnone wp-image-1838 size-full\" src=\"https:\/\/tophighmachinery.com\/wp-content\/uploads\/2025\/11\/qt4-40-small-block-machine144-scaled.jpg\" alt=\"qt4 40 manual small concrete interlock blocks mold machine multifunction brick block making machine\" width=\"2560\" height=\"2560\" srcset=\"https:\/\/tophighmachinery.com\/wp-content\/uploads\/2025\/11\/qt4-40-small-block-machine144-scaled.jpg 2560w, https:\/\/tophighmachinery.com\/wp-content\/uploads\/2025\/11\/qt4-40-small-block-machine144-300x300.jpg 300w, https:\/\/tophighmachinery.com\/wp-content\/uploads\/2025\/11\/qt4-40-small-block-machine144-1024x1024.jpg 1024w, https:\/\/tophighmachinery.com\/wp-content\/uploads\/2025\/11\/qt4-40-small-block-machine144-150x150.jpg 150w, https:\/\/tophighmachinery.com\/wp-content\/uploads\/2025\/11\/qt4-40-small-block-machine144-768x768.jpg 768w, https:\/\/tophighmachinery.com\/wp-content\/uploads\/2025\/11\/qt4-40-small-block-machine144-1536x1536.jpg 1536w, https:\/\/tophighmachinery.com\/wp-content\/uploads\/2025\/11\/qt4-40-small-block-machine144-2048x2048.jpg 2048w, https:\/\/tophighmachinery.com\/wp-content\/uploads\/2025\/11\/qt4-40-small-block-machine144-600x600.jpg 600w, https:\/\/tophighmachinery.com\/wp-content\/uploads\/2025\/11\/qt4-40-small-block-machine144-100x100.jpg 100w\" sizes=\"(max-width: 2560px) 100vw, 2560px\" \/> <img loading=\"lazy\" decoding=\"async\" class=\"alignnone wp-image-1839 size-full\" src=\"https:\/\/tophighmachinery.com\/wp-content\/uploads\/2025\/11\/qt4-40-small-block-machine170-scaled.jpg\" alt=\"qt4 40 manual small concrete interlock blocks mold machine multifunction brick block making machine\" width=\"1920\" height=\"2560\" srcset=\"https:\/\/tophighmachinery.com\/wp-content\/uploads\/2025\/11\/qt4-40-small-block-machine170-scaled.jpg 1920w, https:\/\/tophighmachinery.com\/wp-content\/uploads\/2025\/11\/qt4-40-small-block-machine170-225x300.jpg 225w, https:\/\/tophighmachinery.com\/wp-content\/uploads\/2025\/11\/qt4-40-small-block-machine170-768x1024.jpg 768w, https:\/\/tophighmachinery.com\/wp-content\/uploads\/2025\/11\/qt4-40-small-block-machine170-1152x1536.jpg 1152w, https:\/\/tophighmachinery.com\/wp-content\/uploads\/2025\/11\/qt4-40-small-block-machine170-1536x2048.jpg 1536w, https:\/\/tophighmachinery.com\/wp-content\/uploads\/2025\/11\/qt4-40-small-block-machine170-600x800.jpg 600w\" sizes=\"(max-width: 1920px) 100vw, 1920px\" \/> <img loading=\"lazy\" decoding=\"async\" class=\"alignnone wp-image-1840 size-full\" src=\"https:\/\/tophighmachinery.com\/wp-content\/uploads\/2025\/11\/qt4-40-small-block-machine175-scaled.jpg\" alt=\"qt4 40 manual small concrete interlock blocks mold machine multifunction brick block making machine\" width=\"2560\" height=\"1920\" srcset=\"https:\/\/tophighmachinery.com\/wp-content\/uploads\/2025\/11\/qt4-40-small-block-machine175-scaled.jpg 2560w, https:\/\/tophighmachinery.com\/wp-content\/uploads\/2025\/11\/qt4-40-small-block-machine175-300x225.jpg 300w, https:\/\/tophighmachinery.com\/wp-content\/uploads\/2025\/11\/qt4-40-small-block-machine175-1024x768.jpg 1024w, https:\/\/tophighmachinery.com\/wp-content\/uploads\/2025\/11\/qt4-40-small-block-machine175-768x576.jpg 768w, https:\/\/tophighmachinery.com\/wp-content\/uploads\/2025\/11\/qt4-40-small-block-machine175-1536x1152.jpg 1536w, https:\/\/tophighmachinery.com\/wp-content\/uploads\/2025\/11\/qt4-40-small-block-machine175-2048x1536.jpg 2048w, https:\/\/tophighmachinery.com\/wp-content\/uploads\/2025\/11\/qt4-40-small-block-machine175-600x450.jpg 600w\" sizes=\"(max-width: 2560px) 100vw, 2560px\" \/><\/p>\n<\/div>\n<\/div>\n<\/div>\n<\/div>\n<\/div>\n<\/div>\n<\/div>\n<div class=\"J_module\">\n<div class=\"ife-detail-decorate-table\">\n<table class=\"has-title hight-light-first-column all magic-9\">\n<tbody>\n<tr>\n<td colspan=\"1\" rowspan=\"1\">\n<div class=\"magic-10\">Materia prima<\/div>\n<\/td>\n<td colspan=\"1\" rowspan=\"1\">\n<div class=\"magic-11\">concreto<\/div>\n<\/td>\n<td colspan=\"1\" rowspan=\"4\">\n<div class=\"magic-12\"><\/div>\n<\/td>\n<td colspan=\"1\" rowspan=\"1\">\n<div class=\"magic-13\">Lugar de Origen<\/div>\n<\/td>\n<td colspan=\"1\" rowspan=\"1\">\n<div class=\"magic-14\">Shandong, China<\/div>\n<\/td>\n<\/tr>\n<tr>\n<td colspan=\"1\" rowspan=\"1\">\n<div class=\"magic-10\">Tama&ntilde;o del pal&eacute;<\/div>\n<\/td>\n<td colspan=\"1\" rowspan=\"1\">\n<div class=\"magic-11\">850*550 mm<\/div>\n<\/td>\n<td colspan=\"1\" rowspan=\"1\">\n<div class=\"magic-13\">Voltaje<\/div>\n<\/td>\n<td colspan=\"1\" rowspan=\"1\">\n<div class=\"magic-14\">220v\/480v\ncomo solicitaste<\/div>\n<\/td>\n<\/tr>\n<tr>\n<td colspan=\"1\" rowspan=\"1\">\n<div class=\"magic-10\">Mezcladora<\/div>\n<\/td>\n<td colspan=\"1\" rowspan=\"1\">\n<div class=\"magic-11\">JQ350<\/div>\n<\/td>\n<td colspan=\"1\" rowspan=\"1\">\n<div class=\"magic-13\">Garant&iacute;a<\/div>\n<\/td>\n<td colspan=\"1\" rowspan=\"1\">\n<div class=\"magic-14\">1 a&ntilde;o<\/div>\n<\/td>\n<\/tr>\n<tr>\n<td colspan=\"1\" rowspan=\"1\">\n<div class=\"magic-10\">Ciclo de moldeo<\/div>\n<\/td>\n<td colspan=\"1\" rowspan=\"1\">\n<div class=\"magic-11\">35-40 a&ntilde;os<\/div>\n<\/td>\n<td colspan=\"1\" rowspan=\"1\">\n<div class=\"magic-13\">Capacidad<\/div>\n<\/td>\n<td colspan=\"1\" rowspan=\"1\">\n<div class=\"magic-14\">3000-4000 piezas\/d&iacute;a<\/div>\n<\/td>\n<\/tr>\n<\/tbody>\n<\/table>\n<\/div>\n<\/div>\n<div class=\"J_module\">\n<div class=\"detail-decorate-json-renderer-container\">\n<div class=\"magic-1\">\n<div class=\"magic-2\">\n<div class=\"magic-3\">\n<div>\n<p><iframe title=\"qt4 40 small semi automatic block making machine supplier test to make concrete bricks before ship.\" width=\"422\" height=\"750\" src=\"https:\/\/www.youtube.com\/embed\/Lilp_2X8xIE?feature=oembed\" frameborder=\"0\" allow=\"accelerometer; autoplay; clipboard-write; encrypted-media; gyroscope; picture-in-picture; web-share\" referrerpolicy=\"strict-origin-when-cross-origin\" allowfullscreen><\/iframe><\/p>\n<\/div>\n<div class=\"magic-4\">Dise&ntilde;o de ladrillos<\/div>\n<\/div>\n<\/div>\n<\/div>\n<\/div>\n<\/div>\n<div class=\"J_module\">\n<div class=\"detail-decorate-json-renderer-container\">\n<div class=\"magic-1\">\n<div class=\"magic-2\">\n<div class=\"magic-3\">\n<div class=\"magic-4\">La m&aacute;quina multifuncional QT4-40 puede producir diferentes bloques huecos, bloques s&oacute;lidos y bloques de pavimento cambiando los moldes.<\/div>\n<\/div>\n<\/div>\n<\/div>\n<\/div>\n<\/div>\n<div class=\"J_module\">\n<div class=\"icbu-pc-images magic-6\">\n<div class=\"flex-layout-v\">\n<div class=\"flex-layout-h magic-6\">\n<div class=\"magic-20\"><\/div>\n<\/div>\n<\/div>\n<\/div>\n<\/div>\n<div class=\"J_module\">\n<div class=\"icbu-pc-images magic-6\">\n<div>\n<div class=\"flex-layout-v\">\n<div class=\"flex-layout-h magic-6\">\n<div class=\"magic-22\"><img decoding=\"async\" class=\"magic-23\" src=\"https:\/\/sc01.alicdn.com\/kf\/Hdb7fcf71886943b5821b6f72033e7fa0o\/224628538\/Hdb7fcf71886943b5821b6f72033e7fa0o.jpg\" alt=\"Qt4-40 Automatic Manual Small Concrete Interlock Blocks Mold Machine Multifunction Brick Block Making Machine Bloquera details\"><\/div>\n<\/div>\n<\/div>\n<\/div>\n<\/div>\n<\/div>\n<div class=\"J_module\">\n<div class=\"icbu-pc-images magic-6\">\n<div>\n<div class=\"flex-layout-v\">\n<div class=\"flex-layout-h magic-6\">\n<div class=\"magic-24\"><img decoding=\"async\" class=\"magic-25\" src=\"https:\/\/sc02.alicdn.com\/kf\/H162d2d53c9f84898abc7620d600bee72y\/224628538\/H162d2d53c9f84898abc7620d600bee72y.jpg\" alt=\"Qt4-40 Automatic Manual Small Concrete Interlock Blocks Mold Machine Multifunction Brick Block Making Machine Bloquera details\"><\/div>\n<\/div>\n<\/div>\n<\/div>\n<\/div>\n<\/div>\n<div class=\"J_module\">\n<div class=\"detail-decorate-json-renderer-container\">\n<div class=\"magic-1\">\n<div class=\"magic-2\">\n<div class=\"magic-3\">\n<div class=\"magic-4\">Ventajas de la M&aacute;quina para Hacer Bloques de Concreto QT4-40<div>Inversi&oacute;n muy baja, puede ahorrar costos r&aacute;pidamente, es la opci&oacute;n ideal para f&aacute;bricas peque&ntilde;as y medianas.<br>2. Control el&eacute;ctrico, en comparaci&oacute;n con la m&aacute;quina de ladrillos tradicional, ahorra m&aacute;s energ&iacute;a el&eacute;ctrica.<br>Los moldes son intercambiables seg&uacute;n los requisitos del cliente.<br>Nuestros l&iacute;deres s&oacute;lidos, los soportes de acero de canal son m&aacute;s firmes que otros.<br>5. No usar fuego para cocer bloques ni construir hornos para ahorrar fuentes de energ&iacute;a y campos.<br>6. Sin chimenea para proteger el medio ambiente y evitar la contaminaci&oacute;n.<br>7. El proceso de producci&oacute;n es simple, se pueden fabricar en todas partes.<br>8. Baja inversi&oacute;n y obtenci&oacute;n de resultados mucho m&aacute;s r&aacute;pidos, los clientes pueden obtener ganancias en medio a&ntilde;o despu&eacute;s de invertir.<br>El bloque se puede producir durante todo el a&ntilde;o.<\/div>\n<\/div>\n<\/div>\n<\/div>\n<\/div>\n<\/div>\n<\/div>\n<div class=\"J_module\">\n<div class=\"icbu-pc-images magic-6\">\n<div class=\"flex-layout-v\">\n<div class=\"flex-layout-h magic-6\">\n<div class=\"magic-26\"><img loading=\"lazy\" decoding=\"async\" class=\"\" src=\"https:\/\/shopcdnpro.grainajz.com\/category\/39161\/3746\/98a85ec5cd6e69444ae22d2a24f66870\/4%E7%AE%80%E4%BB%8B.jpg\" alt=\"4&#31616;&#20171;.jpg\" width=\"1263\" height=\"1805\"><\/div>\n<\/div>\n<\/div>\n<\/div>\n<\/div>\n<div class=\"J_module\">\n<div class=\"icbu-pc-images magic-6\">\n<div>\n<div class=\"flex-layout-v\">\n<div class=\"flex-layout-h magic-6\">\n<div class=\"magic-28\"><img loading=\"lazy\" decoding=\"async\" class=\"magic-29\" src=\"https:\/\/sc02.alicdn.com\/kf\/Hb7a734d82d2e45fb9f36e7d81775fae98\/224628538\/Hb7a734d82d2e45fb9f36e7d81775fae98.jpg\" alt=\"Qt4-40 Automatic Manual Small Concrete Interlock Blocks Mold Machine Multifunction Brick Block Making Machine Bloquera manufacture\" width=\"1175\" height=\"1603\"><\/div>\n<\/div>\n<\/div>\n<\/div>\n<\/div>\n<\/div>\n<div class=\"J_module\">\n<div id=\"ali-anchor-AliMagic-cfhr6q\" class=\"magic-0\" data-section=\"AliMagic-cfhr6q\" data-section-title=\"Company Introduction\">Introducci&oacute;n de la Empresa<\/div>\n<\/div>\n<div class=\"J_module\">\n<div class=\"icbu-pc-images magic-6\">\n<div>\n<div class=\"flex-layout-v\">\n<div class=\"flex-layout-h magic-6\">\n<div class=\"magic-34\"><img loading=\"lazy\" decoding=\"async\" class=\"magic-35\" src=\"https:\/\/sc02.alicdn.com\/kf\/H92ce9bfe81ec44fa8ab2094f25428b55E\/224628538\/H92ce9bfe81ec44fa8ab2094f25428b55E.jpg\" alt=\"Qt4-40 Automatic Manual Small Concrete Interlock Blocks Mold Machine Multifunction Brick Block Making Machine Bloquera manufacture\" width=\"1162\" height=\"756\"><\/div>\n<\/div>\n<\/div>\n<\/div>\n<\/div>\n<\/div>\n<div class=\"J_module\">\n<div class=\"icbu-pc-images magic-6\">\n<div>\n<div class=\"flex-layout-v\">\n<div class=\"flex-layout-h magic-6\">\n<div class=\"magic-36\"><img loading=\"lazy\" decoding=\"async\" class=\"magic-37\" src=\"https:\/\/sc01.alicdn.com\/kf\/Hcd4ef8bddcee4d13929e32da5e402dfb6\/224628538\/Hcd4ef8bddcee4d13929e32da5e402dfb6.jpg\" alt=\"Qt4-40 Automatic Manual Small Concrete Interlock Blocks Mold Machine Multifunction Brick Block Making Machine Bloquera details\" width=\"1272\" height=\"1916\"><\/div>\n<\/div>\n<\/div>\n<\/div>\n<\/div>\n<\/div>\n<div class=\"J_module\">\n<div id=\"ali-anchor-AliMagic-5tlxab\" class=\"magic-0\" data-section=\"AliMagic-5tlxab\" data-section-title=\"FAQ\"><\/div>\n<\/div>\n<","protected":false},"excerpt":{"rendered":"<p>QT4-40 Core Advantages:<br \/>\nExcellent cost-performance ratio.<br \/>\nStable and relatively high output: can make up to 3000 hollow blocks(8 hours)<br \/>\nPrice is significantly lower than fully automatic lines, yet output is considerable, resulting in a short payback period.<br \/>\nSimple operation and maintenance.<br \/>\nSimpler structure than fully automatic lines, lower failure rate, lower maintenance costs, and less demanding on operators.<br \/>\nHigh product strength. Stronger vibration force and hydraulic pressure ensure the density and molding quality of the brick blanks.<\/p>\n<p>Disadvantages:Still requires manual handling of cement bricks using trolleys, not achieving fully automated production line operation.Output limit is constrained by the manual handling speed and cannot be infinitely increased by increasing the cycle time like a fully automatic line.<\/p>\n","protected":false},"featured_media":1373,"template":"","meta":{"_uag_custom_page_level_css":"","site-sidebar-layout":"default","site-content-layout":"","ast-site-content-layout":"default","site-content-style":"default","site-sidebar-style":"default","ast-global-header-display":"","ast-banner-title-visibility":"","ast-main-header-display":"","ast-hfb-above-header-display":"","ast-hfb-below-header-display":"","ast-hfb-mobile-header-display":"","site-post-title":"","ast-breadcrumbs-content":"","ast-featured-img":"","footer-sml-layout":"","theme-transparent-header-meta":"default","adv-header-id-meta":"","stick-header-meta":"","header-above-stick-meta":"","header-main-stick-meta":"","header-below-stick-meta":"","astra-migrate-meta-layouts":"set","ast-page-background-enabled":"default","ast-page-background-meta":{"desktop":{"background-color":"","background-image":"","background-repeat":"repeat","background-position":"center center","background-size":"auto","background-attachment":"scroll","background-type":"","background-media":"","overlay-type":"","overlay-color":"","overlay-opacity":"","overlay-gradient":""},"tablet":{"background-color":"","background-image":"","background-repeat":"repeat","background-position":"center center","background-size":"auto","background-attachment":"scroll","background-type":"","background-media":"","overlay-type":"","overlay-color":"","overlay-opacity":"","overlay-gradient":""},"mobile":{"background-color":"","background-image":"","background-repeat":"repeat","background-position":"center center","background-size":"auto","background-attachment":"scroll","background-type":"","background-media":"","overlay-type":"","overlay-color":"","overlay-opacity":"","overlay-gradient":""}},"ast-content-background-meta":{"desktop":{"background-color":"var(--ast-global-color-5)","background-image":"","background-repeat":"repeat","background-position":"center center","background-size":"auto","background-attachment":"scroll","background-type":"","background-media":"","overlay-type":"","overlay-color":"","overlay-opacity":"","overlay-gradient":""},"tablet":{"background-color":"var(--ast-global-color-5)","background-image":"","background-repeat":"repeat","background-position":"center center","background-size":"auto","background-attachment":"scroll","background-type":"","background-media":"","overlay-type":"","overlay-color":"","overlay-opacity":"","overlay-gradient":""},"mobile":{"background-color":"var(--ast-global-color-5)","background-image":"","background-repeat":"repeat","background-position":"center center","background-size":"auto","background-attachment":"scroll","background-type":"","background-media":"","overlay-type":"","overlay-color":"","overlay-opacity":"","overlay-gradient":""}}},"product_brand":[],"product_cat":[25],"product_tag":[],"class_list":{"0":"post-1835","1":"product","2":"type-product","3":"status-publish","4":"has-post-thumbnail","6":"product_cat-semi-automatic-block-making-machine","7":"desktop-align-left","8":"tablet-align-left","9":"mobile-align-left","11":"first","12":"instock","13":"sale","14":"shipping-taxable","15":"purchasable","16":"product-type-simple"},"uagb_featured_image_src":{"full":["https:\/\/tophighmachinery.com\/wp-content\/uploads\/2025\/11\/4-40-block-type-3.webp",600,600,false],"thumbnail":["https:\/\/tophighmachinery.com\/wp-content\/uploads\/2025\/11\/4-40-block-type-3-150x150.webp",150,150,true],"medium":["https:\/\/tophighmachinery.com\/wp-content\/uploads\/2025\/11\/4-40-block-type-3-300x300.webp",300,300,true],"medium_large":["https:\/\/tophighmachinery.com\/wp-content\/uploads\/2025\/11\/4-40-block-type-3.webp",600,600,false],"large":["https:\/\/tophighmachinery.com\/wp-content\/uploads\/2025\/11\/4-40-block-type-3.webp",600,600,false],"1536x1536":["https:\/\/tophighmachinery.com\/wp-content\/uploads\/2025\/11\/4-40-block-type-3.webp",600,600,false],"2048x2048":["https:\/\/tophighmachinery.com\/wp-content\/uploads\/2025\/11\/4-40-block-type-3.webp",600,600,false],"woocommerce_thumbnail":["https:\/\/tophighmachinery.com\/wp-content\/uploads\/2025\/11\/4-40-block-type-3-300x300.webp",300,300,true],"woocommerce_single":["https:\/\/tophighmachinery.com\/wp-content\/uploads\/2025\/11\/4-40-block-type-3.webp",600,600,false],"woocommerce_gallery_thumbnail":["https:\/\/tophighmachinery.com\/wp-content\/uploads\/2025\/11\/4-40-block-type-3-100x100.webp",100,100,true]},"uagb_author_info":{"display_name":"admin@yingchengchina.com","author_link":"https:\/\/tophighmachinery.com\/es\/author\/"},"uagb_comment_info":0,"uagb_excerpt":"QT4-40 Core Advantages: Excellent cost-performance ratio. Stable and relatively high output: can make up to 3000 hollow blocks(8 hours) Price is significantly lower than fully automatic lines, yet output is considerable, resulting in a short payback period. Simple operation and maintenance. Simpler structure than fully automatic lines, lower failure rate, lower maintenance costs, and less&hellip;","_links":{"self":[{"href":"https:\/\/tophighmachinery.com\/es\/wp-json\/wp\/v2\/product\/1835","targetHints":{"allow":["GET"]}}],"collection":[{"href":"https:\/\/tophighmachinery.com\/es\/wp-json\/wp\/v2\/product"}],"about":[{"href":"https:\/\/tophighmachinery.com\/es\/wp-json\/wp\/v2\/types\/product"}],"wp:featuredmedia":[{"embeddable":true,"href":"https:\/\/tophighmachinery.com\/es\/wp-json\/wp\/v2\/media\/1373"}],"wp:attachment":[{"href":"https:\/\/tophighmachinery.com\/es\/wp-json\/wp\/v2\/media?parent=1835"}],"wp:term":[{"taxonomy":"product_brand","embeddable":true,"href":"https:\/\/tophighmachinery.com\/es\/wp-json\/wp\/v2\/product_brand?post=1835"},{"taxonomy":"product_cat","embeddable":true,"href":"https:\/\/tophighmachinery.com\/es\/wp-json\/wp\/v2\/product_cat?post=1835"},{"taxonomy":"product_tag","embeddable":true,"href":"https:\/\/tophighmachinery.com\/es\/wp-json\/wp\/v2\/product_tag?post=1835"}],"curies":[{"name":"wp","href":"https:\/\/api.w.org\/{rel}","templated":true}]}}