{"id":1847,"date":"2025-11-06T06:45:12","date_gmt":"2025-11-06T06:45:12","guid":{"rendered":"https:\/\/tophighmachinery.com\/?post_type=product&#038;p=1847"},"modified":"2025-11-06T06:45:12","modified_gmt":"2025-11-06T06:45:12","slug":"qt4-30-hydraulic-diesel-power-hollow-block-making-machine-concrete-brick-maker-machinery","status":"publish","type":"product","link":"https:\/\/tophighmachinery.com\/es\/product\/qt4-30-hydraulic-diesel-power-hollow-block-making-machine-concrete-brick-maker-machinery\/","title":{"rendered":"QT4-30 M\u00e1quina Hidr\u00e1ulica de Fabricaci\u00f3n de Bloques Huecos con Motor Di\u00e9sel para Concreto y Ladrillos"},"content":{"rendered":"<div class=\"J_module\">\n<div class=\"detail-decorate-json-renderer-container\">\n<div class=\"magic-1\">\n<h3 class=\"magic-3\"><span style=\"color: #3f3fff;\" data-spm-anchor-id=\"a2700.details-description.0.i0.6862m8BWm8BWJs\">Aplicaci&oacute;n del Producto<\/span><\/h3>\n<div class=\"magic-4\">\n<div class=\"magic-5\">\n<div class=\"magic-6\">\n<p class=\"magic-7\">1. Motor di&eacute;sel, no utiliza electricidad, muy adecuado para zonas con escasez de electricidad.<br>2. Sistema hidr&aacute;ulico, hasta 15MPA de presi&oacute;n puede producir bloques y adoquines de alta densidad.<br>3. Motor de arranque el&eacute;ctrico, f&aacute;cil de encender.<br>4. Adopte el motor di&eacute;sel Changchai, que es el fabricante de motores di&eacute;sel de mejor calidad en China, con m&aacute;s de 80 a&ntilde;os de experiencia en la fabricaci&oacute;n de motores.<\/p>\n<p>Se le pueden acoplar ruedas para hacerlo m&oacute;vil y manejable.<\/p>\n<p data-wp-editing=\"1\"><img fetchpriority=\"high\" decoding=\"async\" class=\"alignnone wp-image-1848 size-full\" src=\"https:\/\/tophighmachinery.com\/wp-content\/uploads\/2025\/11\/IMG_5313-scaled.jpg\" alt=\"qt4 30 hydraulic diesel power hollow block making machine concrete brick maker machinery\" width=\"2560\" height=\"1707\" srcset=\"https:\/\/tophighmachinery.com\/wp-content\/uploads\/2025\/11\/IMG_5313-scaled.jpg 2560w, https:\/\/tophighmachinery.com\/wp-content\/uploads\/2025\/11\/IMG_5313-300x200.jpg 300w, https:\/\/tophighmachinery.com\/wp-content\/uploads\/2025\/11\/IMG_5313-1024x683.jpg 1024w, https:\/\/tophighmachinery.com\/wp-content\/uploads\/2025\/11\/IMG_5313-768x512.jpg 768w, https:\/\/tophighmachinery.com\/wp-content\/uploads\/2025\/11\/IMG_5313-1536x1024.jpg 1536w, https:\/\/tophighmachinery.com\/wp-content\/uploads\/2025\/11\/IMG_5313-2048x1365.jpg 2048w, https:\/\/tophighmachinery.com\/wp-content\/uploads\/2025\/11\/IMG_5313-600x400.jpg 600w\" sizes=\"(max-width: 2560px) 100vw, 2560px\" \/> <img decoding=\"async\" class=\"alignnone wp-image-1849 size-full\" src=\"https:\/\/tophighmachinery.com\/wp-content\/uploads\/2025\/11\/IMG_5315-scaled.jpg\" alt=\"qt4 30 hydraulic diesel power hollow block making machine concrete brick maker machinery\" width=\"2560\" height=\"1707\" srcset=\"https:\/\/tophighmachinery.com\/wp-content\/uploads\/2025\/11\/IMG_5315-scaled.jpg 2560w, https:\/\/tophighmachinery.com\/wp-content\/uploads\/2025\/11\/IMG_5315-300x200.jpg 300w, https:\/\/tophighmachinery.com\/wp-content\/uploads\/2025\/11\/IMG_5315-1024x683.jpg 1024w, https:\/\/tophighmachinery.com\/wp-content\/uploads\/2025\/11\/IMG_5315-768x512.jpg 768w, https:\/\/tophighmachinery.com\/wp-content\/uploads\/2025\/11\/IMG_5315-1536x1024.jpg 1536w, https:\/\/tophighmachinery.com\/wp-content\/uploads\/2025\/11\/IMG_5315-2048x1365.jpg 2048w, https:\/\/tophighmachinery.com\/wp-content\/uploads\/2025\/11\/IMG_5315-600x400.jpg 600w\" sizes=\"(max-width: 2560px) 100vw, 2560px\" \/> <img decoding=\"async\" class=\"alignnone wp-image-1850 size-full\" src=\"https:\/\/tophighmachinery.com\/wp-content\/uploads\/2025\/11\/IMG_5318-scaled.jpg\" alt=\"qt4 30 hydraulic diesel power hollow block making machine concrete brick maker machinery\" width=\"2560\" height=\"1707\" srcset=\"https:\/\/tophighmachinery.com\/wp-content\/uploads\/2025\/11\/IMG_5318-scaled.jpg 2560w, https:\/\/tophighmachinery.com\/wp-content\/uploads\/2025\/11\/IMG_5318-300x200.jpg 300w, https:\/\/tophighmachinery.com\/wp-content\/uploads\/2025\/11\/IMG_5318-1024x683.jpg 1024w, https:\/\/tophighmachinery.com\/wp-content\/uploads\/2025\/11\/IMG_5318-768x512.jpg 768w, https:\/\/tophighmachinery.com\/wp-content\/uploads\/2025\/11\/IMG_5318-1536x1024.jpg 1536w, https:\/\/tophighmachinery.com\/wp-content\/uploads\/2025\/11\/IMG_5318-2048x1365.jpg 2048w, https:\/\/tophighmachinery.com\/wp-content\/uploads\/2025\/11\/IMG_5318-600x400.jpg 600w\" sizes=\"(max-width: 2560px) 100vw, 2560px\" \/> <img loading=\"lazy\" decoding=\"async\" class=\"alignnone wp-image-1851 size-full\" src=\"https:\/\/tophighmachinery.com\/wp-content\/uploads\/2025\/11\/IMG_5319-scaled.jpg\" alt=\"qt4 30 hydraulic diesel power hollow block making machine concrete brick maker machinery\" width=\"2560\" height=\"1707\" srcset=\"https:\/\/tophighmachinery.com\/wp-content\/uploads\/2025\/11\/IMG_5319-scaled.jpg 2560w, https:\/\/tophighmachinery.com\/wp-content\/uploads\/2025\/11\/IMG_5319-300x200.jpg 300w, https:\/\/tophighmachinery.com\/wp-content\/uploads\/2025\/11\/IMG_5319-1024x683.jpg 1024w, https:\/\/tophighmachinery.com\/wp-content\/uploads\/2025\/11\/IMG_5319-768x512.jpg 768w, https:\/\/tophighmachinery.com\/wp-content\/uploads\/2025\/11\/IMG_5319-1536x1024.jpg 1536w, https:\/\/tophighmachinery.com\/wp-content\/uploads\/2025\/11\/IMG_5319-2048x1365.jpg 2048w, https:\/\/tophighmachinery.com\/wp-content\/uploads\/2025\/11\/IMG_5319-600x400.jpg 600w\" sizes=\"(max-width: 2560px) 100vw, 2560px\" \/> <img loading=\"lazy\" decoding=\"async\" class=\"alignnone wp-image-1852 size-full\" src=\"https:\/\/tophighmachinery.com\/wp-content\/uploads\/2025\/11\/IMG_20211021_150102-scaled.jpg\" alt=\"qt4 30 hydraulic diesel power hollow block making machine concrete brick maker machinery\" width=\"2560\" height=\"2560\" srcset=\"https:\/\/tophighmachinery.com\/wp-content\/uploads\/2025\/11\/IMG_20211021_150102-scaled.jpg 2560w, https:\/\/tophighmachinery.com\/wp-content\/uploads\/2025\/11\/IMG_20211021_150102-300x300.jpg 300w, https:\/\/tophighmachinery.com\/wp-content\/uploads\/2025\/11\/IMG_20211021_150102-1024x1024.jpg 1024w, https:\/\/tophighmachinery.com\/wp-content\/uploads\/2025\/11\/IMG_20211021_150102-150x150.jpg 150w, https:\/\/tophighmachinery.com\/wp-content\/uploads\/2025\/11\/IMG_20211021_150102-768x768.jpg 768w, https:\/\/tophighmachinery.com\/wp-content\/uploads\/2025\/11\/IMG_20211021_150102-1536x1536.jpg 1536w, https:\/\/tophighmachinery.com\/wp-content\/uploads\/2025\/11\/IMG_20211021_150102-2048x2048.jpg 2048w, https:\/\/tophighmachinery.com\/wp-content\/uploads\/2025\/11\/IMG_20211021_150102-600x600.jpg 600w, https:\/\/tophighmachinery.com\/wp-content\/uploads\/2025\/11\/IMG_20211021_150102-100x100.jpg 100w\" sizes=\"(max-width: 2560px) 100vw, 2560px\" \/><\/p>\n<div class=\"ast-oembed-container \" style=\"height: 100%;\"><iframe title=\"Fuda machinrey ,electric motor driven QT4-30 hydraulic concrete hollow block, paving brick machine\" width=\"500\" height=\"281\" src=\"https:\/\/www.youtube.com\/embed\/SOEGRNB1mFU?feature=oembed\" frameborder=\"0\" allow=\"accelerometer; autoplay; clipboard-write; encrypted-media; gyroscope; picture-in-picture; web-share\" referrerpolicy=\"strict-origin-when-cross-origin\" allowfullscreen><\/iframe><\/div>\n<\/div>\n<\/div>\n<\/div>\n<\/div>\n<\/div>\n<\/div>\n<div class=\"J_module\">\n<div class=\"ife-detail-decorate-table\">\n<table class=\"has-title all magic-8\">\n<tbody>\n<tr>\n<td colspan=\"4\">\n<div class=\"magic-9\">\n<div class=\"magic-10\"><b>ESPECIFICACIONES PARA LA M&Aacute;QUINA DE BLOQUES DE MOTOR DIESEL QT4-30<\/b><\/div>\n<\/div>\n<\/td>\n<\/tr>\n<tr>\n<td rowspan=\"3\">\n<div class=\"magic-13\">\n<div><\/div>\n<div><span class=\"magic-14\">Motor<\/span><\/div>\n<\/div>\n<\/td>\n<td>\n<div class=\"magic-15\">Motor di&eacute;sel.<\/div>\n<\/td>\n<td>\n<div class=\"magic-16\">Marca<\/div>\n<\/td>\n<td>\n<div class=\"magic-17\">Changchai ZS1105<\/div>\n<\/td>\n<\/tr>\n<tr>\n<td>\n<div class=\"magic-15\">Consumo de petr&oacute;leo<\/div>\n<\/td>\n<td>\n<div class=\"magic-16\">L\/H<\/div>\n<\/td>\n<td>\n<div class=\"magic-17\">2<\/div>\n<\/td>\n<\/tr>\n<tr>\n<td>\n<div class=\"magic-15\">Modo de arranque del motor di&eacute;sel<\/div>\n<\/td>\n<td>\n<div class=\"magic-16\"><\/div>\n<\/td>\n<td>\n<div class=\"magic-17\">Arranque el&eacute;ctrico<\/div>\n<\/td>\n<\/tr>\n<tr>\n<td rowspan=\"3\">\n<div class=\"magic-13\">\n<div><\/div>\n<div><span class=\"magic-14\">Principales par&aacute;metros de rendimiento<\/span><\/div>\n<\/div>\n<\/td>\n<td>\n<div class=\"magic-15\">Dimensi&oacute;n de la m&aacute;quina anfitriona<\/div>\n<\/td>\n<td>\n<div class=\"magic-16\">MM<\/div>\n<\/td>\n<td>\n<div class=\"magic-17\">1440x1330x1720<\/div>\n<\/td>\n<\/tr>\n<tr>\n<td>\n<div class=\"magic-15\">Dimensi&oacute;n del motor di&eacute;sel<\/div>\n<\/td>\n<td>\n<div class=\"magic-16\">MM<\/div>\n<\/td>\n<td>\n<div class=\"magic-17\">1400x900x1320<\/div>\n<\/td>\n<\/tr>\n<tr>\n<td>\n<div class=\"magic-15\">Potencia total de la m&aacute;quina<\/div>\n<\/td>\n<td>\n<div class=\"magic-16\">HP<\/div>\n<\/td>\n<td>\n<div class=\"magic-17\">18<\/div>\n<\/td>\n<\/tr>\n<tr>\n<td rowspan=\"3\">\n<div class=\"magic-13\">\n<div><\/div>\n<div>ESPECIFICACIONES<\/div>\n<\/div>\n<\/td>\n<td>\n<div class=\"magic-15\">Tama&ntilde;o del pal&eacute;<\/div>\n<\/td>\n<td>\n<div class=\"magic-16\">MM<\/div>\n<\/td>\n<td>\n<div class=\"magic-17\">850x550x25<\/div>\n<\/td>\n<\/tr>\n<tr>\n<td>\n<div class=\"magic-15\">Ciclo por molde<\/div>\n<\/td>\n<td>\n<div class=\"magic-16\">S<\/div>\n<\/td>\n<td>\n<div class=\"magic-17\">30<\/div>\n<\/td>\n<\/tr>\n<tr>\n<td>\n<div class=\"magic-15\">Tipo de bloque<\/div>\n<\/td>\n<td>\n<div class=\"magic-16\"><\/div>\n<\/td>\n<td>\n<div class=\"magic-17\">bloque, adoqu&iacute;n, bordillo y as&iacute; sucesivamente<\/div>\n<\/td>\n<\/tr>\n<\/tbody>\n<\/table>\n<div class=\"J_module\">\n<div class=\"detail-decorate-json-renderer-container\">\n<div class=\"magic-1\">\n<div class=\"magic-5\">\n<div class=\"magic-6\">\n<div class=\"magic-7\">\n<div>\n<h3 class=\"magic-3\"><span style=\"color: #3f6fff;\">Caracter&iacute;sticas Principales<\/span><\/h3>\n<div class=\"magic-4\">\n<div class=\"magic-5\">\n<div class=\"magic-6\">\n<p class=\"magic-7\">1) Estructura simple de tipo lineal, f&aacute;cil de instalar y mantener.<\/p>\n<p class=\"magic-7\">Adoptando componentes de marcas mundiales famosas y avanzadas en piezas neum&aacute;ticas, piezas el&eacute;ctricas y piezas de operaci&oacute;n.<\/p>\n<p class=\"magic-7\">3) Doble cig&uuml;e&ntilde;a de alta presi&oacute;n para controlar la apertura y cierre del molde.<\/p>\n<p class=\"magic-7\">Funcionando con un alto nivel de automatizaci&oacute;n y utilizaci&oacute;n de inteligencia, sin contaminaci&oacute;n.<\/p>\n<p class=\"magic-7\" data-spm-anchor-id=\"a2700.details-description.0.i1.6862m8BWm8BWJs\">5) Aplicar motor de buena calidad para garantizar la calidad de la m&aacute;quina.<\/p>\n<\/div>\n<\/div>\n<\/div>\n<\/div>\n<div class=\"magic-3\"><span class=\"magic-28\"><b class=\"magic-15\">TODAS LAS PIEZAS CLAVE EST&Aacute;N TRATADAS T&Eacute;RMICAMENTE<\/b><\/span><\/div>\n<div class=\"magic-3\"><span class=\"magic-28\"><b class=\"magic-15\">&iexcl;M&Aacute;S RESISTENTE Y DURADERO!<\/b><\/span><\/div>\n<\/div>\n<\/div>\n<\/div>\n<\/div>\n<\/div>\n<\/div>\n<div class=\"J_module\">\n<div class=\"icbu-pc-images magic-8\">\n<div class=\"flex-layout-v\">\n<div class=\"flex-layout-h magic-8\">\n<div class=\"magic-29\"><img loading=\"lazy\" decoding=\"async\" class=\"\" src=\"https:\/\/shopcdnpro.grainajz.com\/category\/39161\/3746\/351fa975ef08717c12fbb2e2c72ad274\/comparison.jpg\" alt=\"comparison.jpg\" width=\"1222\" height=\"2304\"><img loading=\"lazy\" decoding=\"async\" class=\"\" src=\"https:\/\/shopcdnpro.grainajz.com\/category\/39161\/3746\/98a85ec5cd6e69444ae22d2a24f66870\/4%E7%AE%80%E4%BB%8B.jpg\" alt=\"4&#31616;&#20171;.jpg\" width=\"1176\" height=\"1681\"><\/div>\n<\/div>\n<\/div>\n<\/div>\n<\/div>\n<div class=\"J_module\">\n<div class=\"detail-decorate-json-renderer-container\">\n<div class=\"magic-1\">\n<div class=\"magic-5\">\n<div class=\"magic-6\">\n<div class=\"magic-7\">\n<div class=\"magic-3\"><b class=\"magic-10\"><span class=\"magic-4\">Controlador L&oacute;gico Programable SIEMENS<\/span><\/b><\/div>\n<\/div>\n<\/div>\n<\/div>\n<\/div>\n<\/div>\n<\/div>\n<div class=\"J_module\">\n<div class=\"icbu-pc-images magic-8\">\n<div>\n<div class=\"flex-layout-v\">\n<div class=\"flex-layout-h magic-8\">\n<div class=\"magic-31\"><img decoding=\"async\" class=\"magic-32\" src=\"https:\/\/sc04.alicdn.com\/kf\/Hae4c079d93954393a737fc55424d8333l\/224628538\/Hae4c079d93954393a737fc55424d8333l.png\" alt=\"Qt4 24 Concrete Fly Ash Block Making Machine Automatic Manual Brick Mold Machinery Processing Production Line supplier\" data-id=\"child-image-0\"><\/div>\n<div class=\"magic-33\"><img decoding=\"async\" class=\"magic-34\" src=\"https:\/\/sc04.alicdn.com\/kf\/Hb379e0a974804e4687e48c5647036cddi\/224628538\/Hb379e0a974804e4687e48c5647036cddi.png\" alt=\"Qt4 24 Concrete Fly Ash Block Making Machine Automatic Manual Brick Mold Machinery Processing Production Line supplier\" data-id=\"child-image-1\"><\/div>\n<\/div>\n<\/div>\n<\/div>\n<\/div>\n<\/div>\n<div class=\"J_module\">\n<div id=\"ali-anchor-AliMagic-eb76o9\" class=\"magic-0\" data-section=\"AliMagic-eb76o9\" data-section-title=\"SALES AND SERVICE NETWORK\">RED DE VENTAS Y SERVICIO<\/div>\n<\/div>\n<div class=\"J_module\">\n<div class=\"icbu-pc-images magic-8\">\n<div class=\"flex-layout-v\">\n<div class=\"flex-layout-h magic-8\">\n<div class=\"magic-35\"><\/div>\n<\/div>\n<\/div>\n<\/div>\n<\/div>\n<div class=\"J_module\">\n<div class=\"icbu-pc-images magic-8\">\n<div>\n<div class=\"flex-layout-v\">\n<div class=\"flex-layout-h magic-8\">\n<div class=\"magic-37\"><img loading=\"lazy\" decoding=\"async\" class=\"magic-38\" src=\"https:\/\/sc04.alicdn.com\/kf\/HTB1oTNiRkvoK1RjSZPfq6xPKFXaD\/224628538\/HTB1oTNiRkvoK1RjSZPfq6xPKFXaD.jpg\" alt=\"Qt4 24 Concrete Fly Ash Block Making Machine Automatic Manual Brick Mold Machinery Processing Production Line manufacture\" width=\"1118\" height=\"1482\" data-id=\"child-image-0\"><\/div>\n<\/div>\n<\/div>\n<\/div>\n<\/div>\n<\/div>\n<div class=\"J_module\">\n<div class=\"icbu-pc-detailSellerRecommend magic-16\" data-magic='{\"mds\":{\"assetsVersion\":\"0.0.14\",\"assetsPackageName\":\"icbumod\",\"moduleNameAlias\":\"icbu-pc-detailSellerRecommend\",\"moduleData\":{\"config\":{\"columnCount\":4,\"titleKey\":6,\"products\":[1600066973977,1600084979196,1600222737702,60632661740,1600215855057,60780575964,1600226420814,1600252473717]}}},\"version\":1}'><span style=\"font-size: 16px;\">Proyecto Exitoso<\/span><\/div>\n<\/div>\n<div class=\"J_module\">\n<div class=\"icbu-pc-images magic-8\">\n<div class=\"flex-layout-v\">\n<div class=\"flex-layout-h magic-8\">\n<div class=\"magic-39\"><img loading=\"lazy\" decoding=\"async\" class=\"magic-42\" style=\"font-style: inherit; font-weight: inherit;\" src=\"https:\/\/sc04.alicdn.com\/kf\/H16a71144c76040f5a2236926f30f8eecL\/224628538\/H16a71144c76040f5a2236926f30f8eecL.jpg\" alt=\"Qt4 24 Concrete Fly Ash Block Making Machine Automatic Manual Brick Mold Machinery Processing Production Line manufacture\" width=\"1215\" height=\"1178\" data-id=\"child-image-0\"><\/div>\n<\/div>\n<\/div>\n<\/div>\n<\/div>\n<\/div>\n<\/div>\n<","protected":false},"excerpt":{"rendered":"<div class=\"magic-4\">\n<div class=\"magic-5\">\n<div class=\"magic-6\">\n<p>The QT4-30 is a highly automated small block molding machine with hydraulic transmission as its core. The model number 4-30 means it can produce 4 standard-sized hollow cement bricks (400*200*200mm) every 30 seconds, and 3840 8-inch hollow bricks per day (8 hours).<\/p>\n<p>Its core feature is the use of a mature hydraulic system for mold pressurization, demolding, and various other actions.<\/p>\n<p>Advantages: Stable and adjustable pressure, high molding pressure, resulting in high-density and high-strength brick blanks. Smooth operation, low noise, and high reliability.<\/p>\n<p>With its stable hydraulic system and large vibration force, the QT4-30 can produce a variety of high-quality cement products: standard bricks, porous bricks (hollow bricks), various hollow blocks (its main product), paving bricks, grass pavers, and curb stones (achieved by changing molds and extending the molding cycle).<\/p>\n<\/div>\n<\/div>\n<\/div>\n","protected":false},"featured_media":1854,"template":"","meta":{"_uag_custom_page_level_css":"","site-sidebar-layout":"default","site-content-layout":"","ast-site-content-layout":"default","site-content-style":"default","site-sidebar-style":"default","ast-global-header-display":"","ast-banner-title-visibility":"","ast-main-header-display":"","ast-hfb-above-header-display":"","ast-hfb-below-header-display":"","ast-hfb-mobile-header-display":"","site-post-title":"","ast-breadcrumbs-content":"","ast-featured-img":"","footer-sml-layout":"","ast-disable-related-posts":"","theme-transparent-header-meta":"default","adv-header-id-meta":"","stick-header-meta":"","header-above-stick-meta":"","header-main-stick-meta":"","header-below-stick-meta":"","astra-migrate-meta-layouts":"set","ast-page-background-enabled":"default","ast-page-background-meta":{"desktop":{"background-color":"","background-image":"","background-repeat":"repeat","background-position":"center center","background-size":"auto","background-attachment":"scroll","background-type":"","background-media":"","overlay-type":"","overlay-color":"","overlay-opacity":"","overlay-gradient":""},"tablet":{"background-color":"","background-image":"","background-repeat":"repeat","background-position":"center center","background-size":"auto","background-attachment":"scroll","background-type":"","background-media":"","overlay-type":"","overlay-color":"","overlay-opacity":"","overlay-gradient":""},"mobile":{"background-color":"","background-image":"","background-repeat":"repeat","background-position":"center center","background-size":"auto","background-attachment":"scroll","background-type":"","background-media":"","overlay-type":"","overlay-color":"","overlay-opacity":"","overlay-gradient":""}},"ast-content-background-meta":{"desktop":{"background-color":"var(--ast-global-color-5)","background-image":"","background-repeat":"repeat","background-position":"center center","background-size":"auto","background-attachment":"scroll","background-type":"","background-media":"","overlay-type":"","overlay-color":"","overlay-opacity":"","overlay-gradient":""},"tablet":{"background-color":"var(--ast-global-color-5)","background-image":"","background-repeat":"repeat","background-position":"center center","background-size":"auto","background-attachment":"scroll","background-type":"","background-media":"","overlay-type":"","overlay-color":"","overlay-opacity":"","overlay-gradient":""},"mobile":{"background-color":"var(--ast-global-color-5)","background-image":"","background-repeat":"repeat","background-position":"center center","background-size":"auto","background-attachment":"scroll","background-type":"","background-media":"","overlay-type":"","overlay-color":"","overlay-opacity":"","overlay-gradient":""}}},"product_brand":[],"product_cat":[25],"product_tag":[],"class_list":{"0":"post-1847","1":"product","2":"type-product","3":"status-publish","4":"has-post-thumbnail","6":"product_cat-semi-automatic-block-making-machine","7":"desktop-align-left","8":"tablet-align-left","9":"mobile-align-left","11":"first","12":"instock","13":"sale","14":"shipping-taxable","15":"purchasable","16":"product-type-simple"},"uagb_featured_image_src":{"full":["https:\/\/tophighmachinery.com\/wp-content\/uploads\/2025\/11\/\u5fae\u4fe1\u56fe\u7247_20181226113953.png",740,756,false],"thumbnail":["https:\/\/tophighmachinery.com\/wp-content\/uploads\/2025\/11\/\u5fae\u4fe1\u56fe\u7247_20181226113953-150x150.png",150,150,true],"medium":["https:\/\/tophighmachinery.com\/wp-content\/uploads\/2025\/11\/\u5fae\u4fe1\u56fe\u7247_20181226113953-294x300.png",294,300,true],"medium_large":["https:\/\/tophighmachinery.com\/wp-content\/uploads\/2025\/11\/\u5fae\u4fe1\u56fe\u7247_20181226113953.png",740,756,false],"large":["https:\/\/tophighmachinery.com\/wp-content\/uploads\/2025\/11\/\u5fae\u4fe1\u56fe\u7247_20181226113953.png",740,756,false],"1536x1536":["https:\/\/tophighmachinery.com\/wp-content\/uploads\/2025\/11\/\u5fae\u4fe1\u56fe\u7247_20181226113953.png",740,756,false],"2048x2048":["https:\/\/tophighmachinery.com\/wp-content\/uploads\/2025\/11\/\u5fae\u4fe1\u56fe\u7247_20181226113953.png",740,756,false],"woocommerce_thumbnail":["https:\/\/tophighmachinery.com\/wp-content\/uploads\/2025\/11\/\u5fae\u4fe1\u56fe\u7247_20181226113953-300x300.png",300,300,true],"woocommerce_single":["https:\/\/tophighmachinery.com\/wp-content\/uploads\/2025\/11\/\u5fae\u4fe1\u56fe\u7247_20181226113953-600x613.png",600,613,true],"woocommerce_gallery_thumbnail":["https:\/\/tophighmachinery.com\/wp-content\/uploads\/2025\/11\/\u5fae\u4fe1\u56fe\u7247_20181226113953-100x100.png",100,100,true]},"uagb_author_info":{"display_name":"admin@yingchengchina.com","author_link":"https:\/\/tophighmachinery.com\/es\/author\/"},"uagb_comment_info":0,"uagb_excerpt":"The QT4-30 is a highly automated small block molding machine with hydraulic transmission as its core. The model number 4-30 means it can produce 4 standard-sized hollow cement bricks (400*200*200mm) every 30 seconds, and 3840 8-inch hollow bricks per day (8 hours). Its core feature is the use of a mature hydraulic system for mold&hellip;","_links":{"self":[{"href":"https:\/\/tophighmachinery.com\/es\/wp-json\/wp\/v2\/product\/1847","targetHints":{"allow":["GET"]}}],"collection":[{"href":"https:\/\/tophighmachinery.com\/es\/wp-json\/wp\/v2\/product"}],"about":[{"href":"https:\/\/tophighmachinery.com\/es\/wp-json\/wp\/v2\/types\/product"}],"wp:featuredmedia":[{"embeddable":true,"href":"https:\/\/tophighmachinery.com\/es\/wp-json\/wp\/v2\/media\/1854"}],"wp:attachment":[{"href":"https:\/\/tophighmachinery.com\/es\/wp-json\/wp\/v2\/media?parent=1847"}],"wp:term":[{"taxonomy":"product_brand","embeddable":true,"href":"https:\/\/tophighmachinery.com\/es\/wp-json\/wp\/v2\/product_brand?post=1847"},{"taxonomy":"product_cat","embeddable":true,"href":"https:\/\/tophighmachinery.com\/es\/wp-json\/wp\/v2\/product_cat?post=1847"},{"taxonomy":"product_tag","embeddable":true,"href":"https:\/\/tophighmachinery.com\/es\/wp-json\/wp\/v2\/product_tag?post=1847"}],"curies":[{"name":"wp","href":"https:\/\/api.w.org\/{rel}","templated":true}]}}