{"id":1886,"date":"2025-11-07T02:50:08","date_gmt":"2025-11-07T02:50:08","guid":{"rendered":"https:\/\/tophighmachinery.com\/?post_type=product&#038;p=1886"},"modified":"2025-11-07T02:50:08","modified_gmt":"2025-11-07T02:50:08","slug":"qt40-3c-mini-small-moving-mobile-concrete-hollow-block-brick-making-machine","status":"publish","type":"product","link":"https:\/\/tophighmachinery.com\/es\/product\/qt40-3c-mini-small-moving-mobile-concrete-hollow-block-brick-making-machine\/","title":{"rendered":"QT40-3C Mini Peque\u00f1a M\u00e1quina M\u00f3vil para Hacer Ladrillos de Bloques de Concreto Huecos"},"content":{"rendered":"<p>La QT40-3C es una peque&ntilde;a m&aacute;quina de fabricaci&oacute;n de ladrillos por vibraci&oacute;n, de sobremesa, accionada mec&aacute;nicamente y operada manualmente.<\/p>\n<p>Caracter&iacute;sticas principales:<br>Peque&ntilde;o y port&aacute;til: La m&aacute;quina generalmente pesa alrededor de 100 kg, con una estructura compacta.<\/p>\n<p>Equipado con ruedas, puede ser remolcado por un tractor o manualmente, lo que lo hace ideal para desplazarse entre sitios de construcci&oacute;n y materializar el concepto de \"producci&oacute;n m&oacute;vil\".<\/p>\n<p>Transmisi&oacute;n Mec&aacute;nica y Operaci&oacute;n Manual: Utiliza un mecanismo tradicional de engranajes, cig&uuml;e&ntilde;al y palanca para mover la cabeza de presi&oacute;n y la caja del molde.<\/p>\n<p>Todas las operaciones (como la alimentaci&oacute;n, la vibraci&oacute;n y el desmoldeo) se controlan manualmente mediante palancas. Esto significa que no requiere sistemas de control hidr&aacute;ulicos o el&eacute;ctricos complejos, lo que simplifica el mantenimiento y reduce la tasa de fallos.<\/p>\n<p>Vibraci&oacute;n de Mesa: El motor vibratorio est&aacute; montado en la mesa de la m&aacute;quina de fabricar ladrillos, transmitiendo la fuerza de vibraci&oacute;n al molde a trav&eacute;s de la mesa, compactando as&iacute; el material de concreto dentro del molde.<\/p>\n<p>La fuerza de excitaci&oacute;n de este m&eacute;todo es relativamente peque&ntilde;a en comparaci&oacute;n con la vibraci&oacute;n de la caja de moldeo, pero es suficiente para producir ladrillos macizos y ladrillos huecos ordinarios.<\/p>\n<p>Funcionalidad de M&uacute;ltiples Moldes: El componente central es el \"molde\". Los usuarios pueden adquirir diferentes moldes para producir ladrillos de cemento de distintas especificaciones, como ladrillos huecos, ladrillos macizos y ladrillos entrelazados, en la misma m&aacute;quina principal, aumentando as&iacute; la flexibilidad del equipo.<\/p>\n<p><img fetchpriority=\"high\" decoding=\"async\" class=\"alignnone wp-image-1887 size-full\" src=\"https:\/\/tophighmachinery.com\/wp-content\/uploads\/2025\/11\/IMG_1369-scaled.jpg\" alt=\"qt40 3c mini small moving mobile concrete hollow block brick making machine\" width=\"2560\" height=\"1707\" srcset=\"https:\/\/tophighmachinery.com\/wp-content\/uploads\/2025\/11\/IMG_1369-scaled.jpg 2560w, https:\/\/tophighmachinery.com\/wp-content\/uploads\/2025\/11\/IMG_1369-300x200.jpg 300w, https:\/\/tophighmachinery.com\/wp-content\/uploads\/2025\/11\/IMG_1369-1024x683.jpg 1024w, https:\/\/tophighmachinery.com\/wp-content\/uploads\/2025\/11\/IMG_1369-768x512.jpg 768w, https:\/\/tophighmachinery.com\/wp-content\/uploads\/2025\/11\/IMG_1369-1536x1024.jpg 1536w, https:\/\/tophighmachinery.com\/wp-content\/uploads\/2025\/11\/IMG_1369-2048x1365.jpg 2048w, https:\/\/tophighmachinery.com\/wp-content\/uploads\/2025\/11\/IMG_1369-600x400.jpg 600w\" sizes=\"(max-width: 2560px) 100vw, 2560px\" \/><img decoding=\"async\" class=\"alignnone wp-image-1892 size-full\" style=\"font-weight: inherit;\" src=\"https:\/\/tophighmachinery.com\/wp-content\/uploads\/2025\/11\/IMG_1377-scaled.jpg\" alt=\"qt40 3c mini small moving mobile concrete hollow block brick making machine\" width=\"2560\" height=\"1707\" srcset=\"https:\/\/tophighmachinery.com\/wp-content\/uploads\/2025\/11\/IMG_1377-scaled.jpg 2560w, https:\/\/tophighmachinery.com\/wp-content\/uploads\/2025\/11\/IMG_1377-300x200.jpg 300w, https:\/\/tophighmachinery.com\/wp-content\/uploads\/2025\/11\/IMG_1377-1024x683.jpg 1024w, https:\/\/tophighmachinery.com\/wp-content\/uploads\/2025\/11\/IMG_1377-768x512.jpg 768w, https:\/\/tophighmachinery.com\/wp-content\/uploads\/2025\/11\/IMG_1377-1536x1024.jpg 1536w, https:\/\/tophighmachinery.com\/wp-content\/uploads\/2025\/11\/IMG_1377-2048x1365.jpg 2048w, https:\/\/tophighmachinery.com\/wp-content\/uploads\/2025\/11\/IMG_1377-600x400.jpg 600w\" sizes=\"(max-width: 2560px) 100vw, 2560px\" \/><img decoding=\"async\" class=\"alignnone wp-image-1891 size-full\" style=\"font-style: inherit; font-weight: inherit;\" src=\"https:\/\/tophighmachinery.com\/wp-content\/uploads\/2025\/11\/IMG_1374-scaled.jpg\" alt=\"qt40 3c mini small moving mobile concrete hollow block brick making machine\" width=\"2560\" height=\"1707\" srcset=\"https:\/\/tophighmachinery.com\/wp-content\/uploads\/2025\/11\/IMG_1374-scaled.jpg 2560w, https:\/\/tophighmachinery.com\/wp-content\/uploads\/2025\/11\/IMG_1374-300x200.jpg 300w, https:\/\/tophighmachinery.com\/wp-content\/uploads\/2025\/11\/IMG_1374-1024x683.jpg 1024w, https:\/\/tophighmachinery.com\/wp-content\/uploads\/2025\/11\/IMG_1374-768x512.jpg 768w, https:\/\/tophighmachinery.com\/wp-content\/uploads\/2025\/11\/IMG_1374-1536x1024.jpg 1536w, https:\/\/tophighmachinery.com\/wp-content\/uploads\/2025\/11\/IMG_1374-2048x1365.jpg 2048w, https:\/\/tophighmachinery.com\/wp-content\/uploads\/2025\/11\/IMG_1374-600x400.jpg 600w\" sizes=\"(max-width: 2560px) 100vw, 2560px\" \/><img loading=\"lazy\" decoding=\"async\" class=\"alignnone wp-image-1888 size-full\" style=\"font-style: inherit; font-weight: inherit;\" src=\"https:\/\/tophighmachinery.com\/wp-content\/uploads\/2025\/11\/IMG_1371-scaled.jpg\" alt=\"qt40 3c mini small moving mobile concrete hollow block brick making machine\" width=\"2560\" height=\"1707\" srcset=\"https:\/\/tophighmachinery.com\/wp-content\/uploads\/2025\/11\/IMG_1371-scaled.jpg 2560w, https:\/\/tophighmachinery.com\/wp-content\/uploads\/2025\/11\/IMG_1371-300x200.jpg 300w, https:\/\/tophighmachinery.com\/wp-content\/uploads\/2025\/11\/IMG_1371-1024x683.jpg 1024w, https:\/\/tophighmachinery.com\/wp-content\/uploads\/2025\/11\/IMG_1371-768x512.jpg 768w, https:\/\/tophighmachinery.com\/wp-content\/uploads\/2025\/11\/IMG_1371-1536x1024.jpg 1536w, https:\/\/tophighmachinery.com\/wp-content\/uploads\/2025\/11\/IMG_1371-2048x1365.jpg 2048w, https:\/\/tophighmachinery.com\/wp-content\/uploads\/2025\/11\/IMG_1371-600x400.jpg 600w\" sizes=\"(max-width: 2560px) 100vw, 2560px\" \/><img loading=\"lazy\" decoding=\"async\" class=\"alignnone wp-image-1890 size-full\" style=\"font-style: inherit; font-weight: inherit;\" src=\"https:\/\/tophighmachinery.com\/wp-content\/uploads\/2025\/11\/IMG_1373-scaled.jpg\" alt=\"qt40 3c mini small moving mobile concrete hollow block brick making machine\" width=\"2560\" height=\"1707\" srcset=\"https:\/\/tophighmachinery.com\/wp-content\/uploads\/2025\/11\/IMG_1373-scaled.jpg 2560w, https:\/\/tophighmachinery.com\/wp-content\/uploads\/2025\/11\/IMG_1373-300x200.jpg 300w, https:\/\/tophighmachinery.com\/wp-content\/uploads\/2025\/11\/IMG_1373-1024x683.jpg 1024w, https:\/\/tophighmachinery.com\/wp-content\/uploads\/2025\/11\/IMG_1373-768x512.jpg 768w, https:\/\/tophighmachinery.com\/wp-content\/uploads\/2025\/11\/IMG_1373-1536x1024.jpg 1536w, https:\/\/tophighmachinery.com\/wp-content\/uploads\/2025\/11\/IMG_1373-2048x1365.jpg 2048w, https:\/\/tophighmachinery.com\/wp-content\/uploads\/2025\/11\/IMG_1373-600x400.jpg 600w\" sizes=\"(max-width: 2560px) 100vw, 2560px\" \/><img loading=\"lazy\" decoding=\"async\" class=\"alignnone wp-image-1889 size-full\" style=\"font-style: inherit; font-weight: inherit;\" src=\"https:\/\/tophighmachinery.com\/wp-content\/uploads\/2025\/11\/IMG_1372-scaled.jpg\" alt=\"qt40 3c mini small moving mobile concrete hollow block brick making machine\" width=\"2560\" height=\"1707\" srcset=\"https:\/\/tophighmachinery.com\/wp-content\/uploads\/2025\/11\/IMG_1372-scaled.jpg 2560w, https:\/\/tophighmachinery.com\/wp-content\/uploads\/2025\/11\/IMG_1372-300x200.jpg 300w, https:\/\/tophighmachinery.com\/wp-content\/uploads\/2025\/11\/IMG_1372-1024x683.jpg 1024w, https:\/\/tophighmachinery.com\/wp-content\/uploads\/2025\/11\/IMG_1372-768x512.jpg 768w, https:\/\/tophighmachinery.com\/wp-content\/uploads\/2025\/11\/IMG_1372-1536x1024.jpg 1536w, https:\/\/tophighmachinery.com\/wp-content\/uploads\/2025\/11\/IMG_1372-2048x1365.jpg 2048w, https:\/\/tophighmachinery.com\/wp-content\/uploads\/2025\/11\/IMG_1372-600x400.jpg 600w\" sizes=\"(max-width: 2560px) 100vw, 2560px\" \/><\/p>\n<div class=\"ast-oembed-container \" style=\"height: 100%;\"><iframe title=\"small briquette block making machine #smallbrickmakingmachine #egglayingblockmachine\" width=\"422\" height=\"750\" src=\"https:\/\/www.youtube.com\/embed\/NreP3pk70oE?feature=oembed\" frameborder=\"0\" allow=\"accelerometer; autoplay; clipboard-write; encrypted-media; gyroscope; picture-in-picture; web-share\" referrerpolicy=\"strict-origin-when-cross-origin\" allowfullscreen><\/iframe><\/div>\n<p align=\"justify\"><strong>QT40-3C mini m&aacute;quina de bloques m&oacute;vil<\/strong><\/p>\n<p align=\"justify\"><strong>QT40-3C es una peque&ntilde;a m&aacute;quina manual para fabricar bloques de la serie de m&aacute;quinas de bloques\/ladrillos tipo puesta de huevo.<\/strong><\/p>\n<p align=\"justify\" data-spm-anchor-id=\"a2700.details-description.0.i0.1f17JyCJJyCJ2f\"><strong>El m&eacute;todo de vibraci&oacute;n de la m&aacute;quina de fabricar ladrillos QT40-3C es de vibraci&oacute;n simult&aacute;nea. Por lo tanto, los bloques producidos son de buena calidad, gran densidad y alta resistencia.<\/strong><\/p>\n<table style=\"height: 449px;\" border=\"1\" width=\"938\">\n<tbody>\n<tr>\n<td colspan=\"2\" data-spm-anchor-id=\"a2700.details-description.0.i1.1f17JyCJJyCJ2f\"><strong>par&aacute;metros t&eacute;cnicos<\/strong><\/td>\n<\/tr>\n<tr>\n<td><strong>Dimensi&oacute;n<\/strong><\/td>\n<td><strong>950*1050*1260mm<\/strong><\/td>\n<\/tr>\n<tr>\n<td><strong>Poder<\/strong><\/td>\n<td><strong>1.5KW<\/strong><\/td>\n<\/tr>\n<tr>\n<td><strong>Voltaje<\/strong><\/td>\n<td><strong>220v\/380v<\/strong><\/td>\n<\/tr>\n<tr>\n<td><strong>Peso<\/strong><\/td>\n<td><strong>350 kilogramos<\/strong><\/td>\n<\/tr>\n<tr>\n<td><strong>Fuerza de vibraci&oacute;n<\/strong><\/td>\n<td><strong>18kn<\/strong><\/td>\n<\/tr>\n<tr>\n<td><strong>Frecuencia de vibraci&oacute;n<\/strong><\/td>\n<td><strong>2800 r\/min<\/strong><\/td>\n<\/tr>\n<tr>\n<td><strong>Ciclo de moldeo<\/strong><\/td>\n<td><strong>45 segundos<\/strong><\/td>\n<\/tr>\n<tr>\n<td><strong>Trabajador<\/strong><\/td>\n<td><strong>2-3 trabajadores<\/strong><\/td>\n<\/tr>\n<\/tbody>\n<\/table>\n<table style=\"height: 330px;\" border=\"1\" width=\"1001\">\n<tbody>\n<tr>\n<td><strong>Nombre<\/strong><\/td>\n<td><strong>Piezas\/molde<\/strong><\/td>\n<td><strong>Piezas\/8 horas<\/strong><\/td>\n<\/tr>\n<tr>\n<td><strong>400 x 200 x 200 mm<\/strong><\/td>\n<td><strong>2<\/strong><\/td>\n<td><strong>1280<\/strong><\/td>\n<\/tr>\n<tr>\n<td><strong>400 x 150 x 200 mm<\/strong><\/td>\n<td><strong>2<\/strong><\/td>\n<td><strong>1280<\/strong><\/td>\n<\/tr>\n<tr>\n<td><strong>400*125*200mm<\/strong><\/td>\n<td><strong>3<\/strong><\/td>\n<td><strong>1920<\/strong><\/td>\n<\/tr>\n<tr>\n<td><strong>400*100*200 mm<\/strong><\/td>\n<td><strong>3<\/strong><\/td>\n<td><strong>1920<\/strong><\/td>\n<\/tr>\n<tr>\n<td><strong>Ladrillo macizo<\/strong>\n<p><strong>400 x 200 x 200 mm<\/strong><\/p><\/td>\n<td><strong>2<\/strong><\/td>\n<td data-spm-anchor-id=\"a2700.details-description.0.i4.1f17JyCJJyCJ2f\"><strong>1280<\/strong><\/td>\n<\/tr>\n<\/tbody>\n<\/table>\n<div class=\"J_module\">\n<div class=\"detail-decorate-json-renderer-container\">\n<div class=\"magic-16\">\n<div class=\"magic-17\">\n<div class=\"magic-18\">\n<div class=\"magic-19\">\n<div class=\"magic-28\"><span class=\"magic-29\"><b class=\"magic-30\">TODAS LAS PIEZAS CLAVE EST&Aacute;N TRATADAS T&Eacute;RMICAMENTE<\/b><\/span><\/div>\n<div class=\"magic-28\"><span class=\"magic-29\"><b class=\"magic-30\">&iexcl;M&Aacute;S RESISTENTE Y DURADERO!<\/b><\/span><\/div>\n<\/div>\n<\/div>\n<\/div>\n<\/div>\n<\/div>\n<\/div>\n<div class=\"J_module\">\n<div class=\"icbu-pc-images magic-1\">\n<div class=\"flex-layout-v\">\n<div class=\"flex-layout-h magic-1\">\n<div class=\"magic-31\"><img loading=\"lazy\" decoding=\"async\" class=\"\" src=\"https:\/\/shopcdnpro.grainajz.com\/category\/39161\/3746\/98a85ec5cd6e69444ae22d2a24f66870\/4%E7%AE%80%E4%BB%8B.jpg\" alt=\"4&#31616;&#20171;.jpg\" width=\"1198\" height=\"1712\"><\/div>\n<\/div>\n<\/div>\n<\/div>\n<\/div>\n<div class=\"J_module\">\n<div class=\"detail-decorate-json-renderer-container\">\n<div class=\"magic-16\">\n<div class=\"magic-17\">\n<div class=\"magic-18\">\n<div class=\"magic-19\">\n<div class=\"magic-28\"><img loading=\"lazy\" decoding=\"async\" class=\"magic-43\" style=\"font-style: inherit; font-weight: inherit;\" src=\"https:\/\/sc04.alicdn.com\/kf\/HTB1oTNiRkvoK1RjSZPfq6xPKFXaD\/224628538\/HTB1oTNiRkvoK1RjSZPfq6xPKFXaD.jpg\" alt=\"Qmy10-15 Mobile Egg Laying Brick Machinery Interlocking Concrete Moving Automatic Block Car Making Machine factory\" width=\"1272\" height=\"1686\" data-id=\"child-image-0\"><\/div>\n<\/div>\n<\/div>\n<\/div>\n<\/div>\n<\/div>\n<\/div>\n<div class=\"J_module\">\n<div id=\"ali-anchor-AliMagic-udh3gj\" class=\"magic-0\" data-section=\"AliMagic-udh3gj\" data-section-title=\"Successful Project\">Proyecto Exitoso<\/div>\n<\/div>\n<div class=\"J_module\">\n<div class=\"icbu-pc-images magic-1\">\n<div>\n<div class=\"flex-layout-v\">\n<div class=\"flex-layout-h magic-1\">\n<div class=\"magic-46\"><img loading=\"lazy\" decoding=\"async\" class=\"magic-47\" src=\"https:\/\/sc04.alicdn.com\/kf\/H16a71144c76040f5a2236926f30f8eecL\/224628538\/H16a71144c76040f5a2236926f30f8eecL.jpg\" alt=\"Qmy10-15 Mobile Egg Laying Brick Machinery Interlocking Concrete Moving Automatic Block Car Making Machine details\" width=\"1256\" height=\"1218\" data-id=\"child-image-0\"><\/div>\n<\/div>\n<\/div>\n<\/div>\n<\/div>\n<\/div>\n<div class=\"J_module\">\n<div class=\"icbu-pc-images magic-1\">\n<div>\n<div class=\"flex-layout-v\">\n<div class=\"flex-layout-h magic-1\">\n<div class=\"magic-48\"><img decoding=\"async\" class=\"magic-49\" src=\"https:\/\/sc04.alicdn.com\/kf\/H6db3034467434daaabac8629b481177ak\/224628538\/H6db3034467434daaabac8629b481177ak.png\" alt=\"Qmy10-15 Mobile Egg Laying Brick Machinery Interlocking Concrete Moving Automatic Block Car Making Machine manufacture\" data-id=\"child-image-0\"><\/div>\n<\/div>\n<\/div>\n<\/div>\n<\/div>\n<\/div>\n<div class=\"J_module\">\n<div class=\"icbu-pc-images magic-1\">\n<div class=\"flex-layout-v\">\n<div class=\"flex-layout-h magic-1\">\n<div class=\"magic-50\"><\/div>\n<\/div>\n<\/div>\n<\/div>\n<\/div>\n<div class=\"J_module\">\n<div class=\"icbu-pc-images magic-1\">\n<div class=\"flex-layout-v\">\n<div class=\"flex-layout-h magic-1\">\n<div class=\"magic-52\"><\/div>\n<\/div>\n<\/div>\n<\/div>\n<\/div>\n<div class=\"J_module\">\n<div class=\"icbu-pc-images magic-1\">\n<div class=\"flex-layout-v\">\n<div class=\"flex-layout-h magic-1\">\n<div class=\"magic-54\"><\/div>\n<\/div>\n<\/div>\n<\/div>\n<\/div>\n<div class=\"J_module\">\n<div class=\"icbu-pc-images magic-1\">\n<div>\n<div class=\"flex-layout-v\">\n<div class=\"flex-layout-h magic-1\">\n<div class=\"magic-56\"><img loading=\"lazy\" decoding=\"async\" class=\"magic-57\" src=\"https:\/\/sc04.alicdn.com\/kf\/Hb7a734d82d2e45fb9f36e7d81775fae98\/224628538\/Hb7a734d82d2e45fb9f36e7d81775fae98.jpg\" alt=\"Qmy10-15 Mobile Egg Laying Brick Machinery Interlocking Concrete Moving Automatic Block Car Making Machine supplier\" width=\"1221\" height=\"1665\" data-id=\"child-image-0\"><\/div>\n<\/div>\n<\/div>\n<\/div>\n<\/div>\n<\/div>\n<","protected":false},"excerpt":{"rendered":"<p>The QT40-3C is a small, manually operated, mechanically driven, tabletop vibrating brick-making machine.<\/p>\n<p>Advantages:<br \/>\nLow Investment Cost: One of the cheapest entry-level brick-making machines, with a low barrier to entry for startups.<br \/>\nSimple Operation: No highly skilled workers are required; simple training is all it takes to operate it.<br \/>\nConvenient Maintenance: Simple mechanical structure, easy maintenance, and inexpensive and readily available spare parts.<br \/>\nEnergy Saving: Low power consumption.<br \/>\nHigh Mobility: Ideal for mobile operations.<\/p>\n<p>Disadvantages:<br \/>\nHigh Labor Intensity: Relies entirely on manual operation; production efficiency is affected by the operator&#8217;s physical strength, requiring 2-3 people.<br \/>\nLow Production Efficiency: Compared to fully automatic hydraulic brick machines, output is very limited.<br \/>\nSlightly Poor Product Consistency: Due to manual control of material feeding and vibration time, the density and appearance consistency of bricks are not as good as with automatic equipment.<\/p>\n<p>Safety: Manual operation carries a certain risk of pinching injuries; extra caution is required.<\/p>\n<p>Suitable Scenarios and Users:<br \/>\nSmall-Scale Individual Entrepreneurs: Individuals with limited funds who wish to start small.<\/p>\n<p>Rural self-built house owners: Producing their own bricks for construction reduces costs.<\/p>\n<p>Small building material factories: Used as auxiliary or start-up equipment.<\/p>\n<p>Construction sites: On-site brick making reduces transportation costs and utilizes construction waste.<\/p>\n<p>Export to developing countries: Due to their durability and low price, they are often exported to Africa, Southeast Asia, and other regions.<\/p>\n","protected":false},"featured_media":1893,"template":"","meta":{"_uag_custom_page_level_css":"","site-sidebar-layout":"default","site-content-layout":"","ast-site-content-layout":"default","site-content-style":"default","site-sidebar-style":"default","ast-global-header-display":"","ast-banner-title-visibility":"","ast-main-header-display":"","ast-hfb-above-header-display":"","ast-hfb-below-header-display":"","ast-hfb-mobile-header-display":"","site-post-title":"","ast-breadcrumbs-content":"","ast-featured-img":"","footer-sml-layout":"","ast-disable-related-posts":"","theme-transparent-header-meta":"default","adv-header-id-meta":"","stick-header-meta":"","header-above-stick-meta":"","header-main-stick-meta":"","header-below-stick-meta":"","astra-migrate-meta-layouts":"set","ast-page-background-enabled":"default","ast-page-background-meta":{"desktop":{"background-color":"","background-image":"","background-repeat":"repeat","background-position":"center center","background-size":"auto","background-attachment":"scroll","background-type":"","background-media":"","overlay-type":"","overlay-color":"","overlay-opacity":"","overlay-gradient":""},"tablet":{"background-color":"","background-image":"","background-repeat":"repeat","background-position":"center center","background-size":"auto","background-attachment":"scroll","background-type":"","background-media":"","overlay-type":"","overlay-color":"","overlay-opacity":"","overlay-gradient":""},"mobile":{"background-color":"","background-image":"","background-repeat":"repeat","background-position":"center center","background-size":"auto","background-attachment":"scroll","background-type":"","background-media":"","overlay-type":"","overlay-color":"","overlay-opacity":"","overlay-gradient":""}},"ast-content-background-meta":{"desktop":{"background-color":"var(--ast-global-color-5)","background-image":"","background-repeat":"repeat","background-position":"center center","background-size":"auto","background-attachment":"scroll","background-type":"","background-media":"","overlay-type":"","overlay-color":"","overlay-opacity":"","overlay-gradient":""},"tablet":{"background-color":"var(--ast-global-color-5)","background-image":"","background-repeat":"repeat","background-position":"center center","background-size":"auto","background-attachment":"scroll","background-type":"","background-media":"","overlay-type":"","overlay-color":"","overlay-opacity":"","overlay-gradient":""},"mobile":{"background-color":"var(--ast-global-color-5)","background-image":"","background-repeat":"repeat","background-position":"center center","background-size":"auto","background-attachment":"scroll","background-type":"","background-media":"","overlay-type":"","overlay-color":"","overlay-opacity":"","overlay-gradient":""}}},"product_brand":[],"product_cat":[23],"product_tag":[],"class_list":{"0":"post-1886","1":"product","2":"type-product","3":"status-publish","4":"has-post-thumbnail","6":"product_cat-moving-block-making-machine","7":"desktop-align-left","8":"tablet-align-left","9":"mobile-align-left","11":"first","12":"instock","13":"sale","14":"shipping-taxable","15":"purchasable","16":"product-type-simple"},"uagb_featured_image_src":{"full":["https:\/\/tophighmachinery.com\/wp-content\/uploads\/2025\/11\/HTB1exnhXsTxK1Rjy0Fgq6yovpXaz.jpg",800,800,false],"thumbnail":["https:\/\/tophighmachinery.com\/wp-content\/uploads\/2025\/11\/HTB1exnhXsTxK1Rjy0Fgq6yovpXaz-150x150.jpg",150,150,true],"medium":["https:\/\/tophighmachinery.com\/wp-content\/uploads\/2025\/11\/HTB1exnhXsTxK1Rjy0Fgq6yovpXaz-300x300.jpg",300,300,true],"medium_large":["https:\/\/tophighmachinery.com\/wp-content\/uploads\/2025\/11\/HTB1exnhXsTxK1Rjy0Fgq6yovpXaz-768x768.jpg",768,768,true],"large":["https:\/\/tophighmachinery.com\/wp-content\/uploads\/2025\/11\/HTB1exnhXsTxK1Rjy0Fgq6yovpXaz.jpg",800,800,false],"1536x1536":["https:\/\/tophighmachinery.com\/wp-content\/uploads\/2025\/11\/HTB1exnhXsTxK1Rjy0Fgq6yovpXaz.jpg",800,800,false],"2048x2048":["https:\/\/tophighmachinery.com\/wp-content\/uploads\/2025\/11\/HTB1exnhXsTxK1Rjy0Fgq6yovpXaz.jpg",800,800,false],"woocommerce_thumbnail":["https:\/\/tophighmachinery.com\/wp-content\/uploads\/2025\/11\/HTB1exnhXsTxK1Rjy0Fgq6yovpXaz-300x300.jpg",300,300,true],"woocommerce_single":["https:\/\/tophighmachinery.com\/wp-content\/uploads\/2025\/11\/HTB1exnhXsTxK1Rjy0Fgq6yovpXaz-600x600.jpg",600,600,true],"woocommerce_gallery_thumbnail":["https:\/\/tophighmachinery.com\/wp-content\/uploads\/2025\/11\/HTB1exnhXsTxK1Rjy0Fgq6yovpXaz-100x100.jpg",100,100,true]},"uagb_author_info":{"display_name":"admin@yingchengchina.com","author_link":"https:\/\/tophighmachinery.com\/es\/author\/"},"uagb_comment_info":0,"uagb_excerpt":"The QT40-3C is a small, manually operated, mechanically driven, tabletop vibrating brick-making machine. Advantages: Low Investment Cost: One of the cheapest entry-level brick-making machines, with a low barrier to entry for startups. Simple Operation: No highly skilled workers are required; simple training is all it takes to operate it. Convenient Maintenance: Simple mechanical structure, easy&hellip;","_links":{"self":[{"href":"https:\/\/tophighmachinery.com\/es\/wp-json\/wp\/v2\/product\/1886","targetHints":{"allow":["GET"]}}],"collection":[{"href":"https:\/\/tophighmachinery.com\/es\/wp-json\/wp\/v2\/product"}],"about":[{"href":"https:\/\/tophighmachinery.com\/es\/wp-json\/wp\/v2\/types\/product"}],"wp:featuredmedia":[{"embeddable":true,"href":"https:\/\/tophighmachinery.com\/es\/wp-json\/wp\/v2\/media\/1893"}],"wp:attachment":[{"href":"https:\/\/tophighmachinery.com\/es\/wp-json\/wp\/v2\/media?parent=1886"}],"wp:term":[{"taxonomy":"product_brand","embeddable":true,"href":"https:\/\/tophighmachinery.com\/es\/wp-json\/wp\/v2\/product_brand?post=1886"},{"taxonomy":"product_cat","embeddable":true,"href":"https:\/\/tophighmachinery.com\/es\/wp-json\/wp\/v2\/product_cat?post=1886"},{"taxonomy":"product_tag","embeddable":true,"href":"https:\/\/tophighmachinery.com\/es\/wp-json\/wp\/v2\/product_tag?post=1886"}],"curies":[{"name":"wp","href":"https:\/\/api.w.org\/{rel}","templated":true}]}}