{"id":1818,"date":"2025-11-06T02:58:05","date_gmt":"2025-11-06T02:58:05","guid":{"rendered":"https:\/\/tophighmachinery.com\/?post_type=product&#038;p=1818"},"modified":"2025-11-06T02:58:05","modified_gmt":"2025-11-06T02:58:05","slug":"qt4-24-concrete-fly-ash-block-making-machine-automatic-manual-brick-mold-machinery-small-production-line","status":"publish","type":"product","link":"https:\/\/tophighmachinery.com\/fr-ca\/product\/qt4-24-concrete-fly-ash-block-making-machine-automatic-manual-brick-mold-machinery-small-production-line\/","title":{"rendered":"Machine \u00e0 fabriquer des blocs de b\u00e9ton \u00e0 cendres volantes Qt4-24 Automatique Manuel Moule \u00e0 briques Petite ligne de production"},"content":{"rendered":"<div class=\"J_module\">\n<div class=\"detail-decorate-json-renderer-container\">\n<div class=\"magic-1\">\n<div class=\"magic-5\">\n<div class=\"magic-6\">\n<div class=\"magic-7\" data-id=\"paragraph0\"><span class=\"magic-4\">Blocs creux QT 4-24 Machine allemande de fabrication de briques de qualit&eacute; en b&eacute;ton<\/span>\n<div><span class=\"magic-4\">Principales caract&eacute;ristiques.<\/span>\n<div><span class=\"magic-11\">1. La machine &agrave; blocs multifonction QT4-24 peut produire diff&eacute;rents blocs creux, blocs pleins et blocs de pavage en changeant les moules.<\/span><\/div>\n<div><span class=\"magic-11\"><span class=\"magic-15\">2. Technologie avanc&eacute;e La machine adopte la technologie de moulage par vibration, les briques<\/span>Produits de cette mani&egrave;re, ils sont durables et r&eacute;sistants &agrave; l'usure.<\/span><\/div>\n<div><span class=\"magic-11\">3. Moule &agrave; briques de haute qualit&eacute;, adopte la technologie de coupe et le traitement thermique les plus avanc&eacute;s pour garantir la qualit&eacute; du produit et assurer la facilit&eacute; d'utilisation pour les clients.<\/span><\/div>\n<\/div>\n<\/div>\n<\/div>\n<\/div>\n<\/div>\n<\/div>\n<\/div>\n<div class=\"J_module\">\n<div class=\"icbu-pc-detailVideoShow magic-16\" data-magic='{\"mds\":{\"assetsVersion\":\"0.0.6\",\"assetsPackageName\":\"icbumod\",\"moduleNameAlias\":\"icbu-pc-detailVideoShow\",\"moduleData\":{\"videoInfo\":{\"coverUrl\":\"https:\/\/sc04.alicdn.com\/kf\/H2a0635d4156140be825c5ab4e128ce06b.jpg\",\"duration\":30,\"fileSize\":\"12820573\",\"videoName\":\"qt4-24.mp4\",\"videoId\":307389244335},\"hideBottom\":false}},\"version\":1}'><img decoding=\"async\" src=\"https:\/\/shopcdnpro.grainajz.com\/category\/39161\/3746\/ccceb9cc9e6f529cbb753976352d8bf0\/semi%20automatic%20block%20machine42.jpg\" alt=\"semi automatic block machine42.jpg\"><img decoding=\"async\" src=\"https:\/\/shopcdnpro.grainajz.com\/category\/39161\/3746\/6ce156715a29b4b5db06afe4af96ef9d\/semi%20automatic%20block%20machine46.jpg\" alt=\"semi automatic block machine46.jpg\"><img decoding=\"async\" src=\"https:\/\/shopcdnpro.grainajz.com\/category\/39161\/3746\/96d7204844a51eb70f4d7186ee5ceca8\/semi%20automatic%20block%20machine47.jpg\" alt=\"semi automatic block machine47.jpg\"><img decoding=\"async\" src=\"https:\/\/shopcdnpro.grainajz.com\/category\/39161\/3746\/f291c39177e2c9aa7a5e3b108bafd569\/semi%20automatic%20block%20machine49.jpg\" alt=\"semi automatic block machine49.jpg\"><\/div>\n<\/div>\n<div class=\"J_module\">\n<div class=\"icbu-pc-images magic-8\">\n<div class=\"flex-layout-v\">\n<div class=\"flex-layout-h magic-8\">\n<div class=\"magic-19\"><img fetchpriority=\"high\" decoding=\"async\" class=\"alignnone wp-image-1819 size-full\" src=\"https:\/\/tophighmachinery.com\/wp-content\/uploads\/2025\/11\/semi-automatic-block-machine32-scaled.jpg\" alt=\"qt4 24 concrete fly ash block making machine automatic manual brick mold machinery small production line\" width=\"2560\" height=\"1707\" srcset=\"https:\/\/tophighmachinery.com\/wp-content\/uploads\/2025\/11\/semi-automatic-block-machine32-scaled.jpg 2560w, https:\/\/tophighmachinery.com\/wp-content\/uploads\/2025\/11\/semi-automatic-block-machine32-300x200.jpg 300w, https:\/\/tophighmachinery.com\/wp-content\/uploads\/2025\/11\/semi-automatic-block-machine32-1024x683.jpg 1024w, https:\/\/tophighmachinery.com\/wp-content\/uploads\/2025\/11\/semi-automatic-block-machine32-768x512.jpg 768w, https:\/\/tophighmachinery.com\/wp-content\/uploads\/2025\/11\/semi-automatic-block-machine32-1536x1024.jpg 1536w, https:\/\/tophighmachinery.com\/wp-content\/uploads\/2025\/11\/semi-automatic-block-machine32-2048x1365.jpg 2048w, https:\/\/tophighmachinery.com\/wp-content\/uploads\/2025\/11\/semi-automatic-block-machine32-600x400.jpg 600w\" sizes=\"(max-width: 2560px) 100vw, 2560px\" \/> <img decoding=\"async\" class=\"alignnone wp-image-1820 size-full\" src=\"https:\/\/tophighmachinery.com\/wp-content\/uploads\/2025\/11\/semi-automatic-block-machine40-scaled.jpg\" alt=\"qt4 24 concrete fly ash block making machine automatic manual brick mold machinery small production line\" width=\"2560\" height=\"1707\" srcset=\"https:\/\/tophighmachinery.com\/wp-content\/uploads\/2025\/11\/semi-automatic-block-machine40-scaled.jpg 2560w, https:\/\/tophighmachinery.com\/wp-content\/uploads\/2025\/11\/semi-automatic-block-machine40-300x200.jpg 300w, https:\/\/tophighmachinery.com\/wp-content\/uploads\/2025\/11\/semi-automatic-block-machine40-1024x683.jpg 1024w, https:\/\/tophighmachinery.com\/wp-content\/uploads\/2025\/11\/semi-automatic-block-machine40-768x512.jpg 768w, https:\/\/tophighmachinery.com\/wp-content\/uploads\/2025\/11\/semi-automatic-block-machine40-1536x1024.jpg 1536w, https:\/\/tophighmachinery.com\/wp-content\/uploads\/2025\/11\/semi-automatic-block-machine40-2048x1365.jpg 2048w, https:\/\/tophighmachinery.com\/wp-content\/uploads\/2025\/11\/semi-automatic-block-machine40-600x400.jpg 600w\" sizes=\"(max-width: 2560px) 100vw, 2560px\" \/><\/div>\n<\/div>\n<\/div>\n<\/div>\n<\/div>\n<div class=\"J_module\">\n<div class=\"ife-detail-decorate-table\">\n<table class=\"all magic-21\">\n<tbody>\n<tr>\n<td colspan=\"1\" rowspan=\"1\">\n<div class=\"magic-22\">Alimentation de la machine h&ocirc;te<\/div>\n<\/td>\n<td colspan=\"1\" rowspan=\"1\">\n<div class=\"magic-23\">13,45 kW<\/div>\n<\/td>\n<td colspan=\"1\" rowspan=\"4\">\n<div class=\"magic-24\"><\/div>\n<\/td>\n<td colspan=\"1\" rowspan=\"1\">\n<div class=\"magic-25\">Num&eacute;ro de mod&egrave;le<\/div>\n<\/td>\n<td colspan=\"1\" rowspan=\"1\">\n<div class=\"magic-26\">QT4-24<\/div>\n<\/td>\n<\/tr>\n<tr>\n<td colspan=\"1\" rowspan=\"1\">\n<div class=\"magic-22\">Force de vibration<\/div>\n<\/td>\n<td colspan=\"1\" rowspan=\"1\">\n<div class=\"magic-23\">35,5 kN<\/div>\n<\/td>\n<td colspan=\"1\" rowspan=\"1\">\n<div class=\"magic-25\">P&eacute;riode de Formage de la Machine &agrave; Blocs<\/div>\n<\/td>\n<td colspan=\"1\" rowspan=\"1\">\n<div class=\"magic-26\">24-26S<\/div>\n<\/td>\n<\/tr>\n<tr>\n<td colspan=\"1\" rowspan=\"1\">\n<div class=\"magic-22\">&Eacute;lectricit&eacute;<\/div>\n<\/td>\n<td colspan=\"1\" rowspan=\"1\">\n<div class=\"magic-23\">380V\/220V<\/div>\n<\/td>\n<td colspan=\"1\" rowspan=\"1\">\n<div class=\"magic-25\">Taille de la palette<\/div>\n<\/td>\n<td colspan=\"1\" rowspan=\"1\">\n<div class=\"magic-26\">850 x 550 x 25 mm<\/div>\n<\/td>\n<\/tr>\n<tr>\n<td colspan=\"1\" rowspan=\"1\">\n<div class=\"magic-22\">Couleur<\/div>\n<\/td>\n<td colspan=\"1\" rowspan=\"1\">\n<div class=\"magic-23\">&Agrave; votre demande<\/div>\n<\/td>\n<td colspan=\"1\" rowspan=\"1\">\n<div class=\"magic-25\">Forfait de transport<\/div>\n<\/td>\n<td colspan=\"1\" rowspan=\"1\">\n<div class=\"magic-26\">Colis nu dans un conteneur de 20 pieds<\/div>\n<\/td>\n<\/tr>\n<\/tbody>\n<\/table>\n<\/div>\n<\/div>\n<div class=\"J_module\">\n<div id=\"ali-anchor-AliMagic-ekeuuz\" class=\"magic-0\" data-section=\"AliMagic-ekeuuz\" data-section-title=\"PRODUCT CONFIGURATION\">\n<div class=\"ast-oembed-container \" style=\"height: 100%;\"><iframe title=\"QT4-24B Block Making Machine\" width=\"500\" height=\"281\" src=\"https:\/\/www.youtube.com\/embed\/IiWsrnX6GZ0?feature=oembed\" frameborder=\"0\" allow=\"accelerometer; autoplay; clipboard-write; encrypted-media; gyroscope; picture-in-picture; web-share\" referrerpolicy=\"strict-origin-when-cross-origin\" allowfullscreen><\/iframe><\/div>\n<\/div>\n<\/div>\n<div class=\"J_module\">\n<div class=\"detail-decorate-json-renderer-container\">\n<div class=\"magic-1\">\n<div class=\"magic-5\">\n<div class=\"magic-6\">\n<div class=\"magic-7\">\n<div class=\"magic-3\"><span class=\"magic-28\"><b class=\"magic-15\">TOUTES LES PI&Egrave;CES CL&Eacute;S SONT TRAIT&Eacute;ES THERMIQUEMENT<\/b><\/span><\/div>\n<div class=\"magic-3\"><span class=\"magic-28\"><b class=\"magic-15\">PLUS DUR ET PLUS R&Eacute;SISTANT!<\/b><\/span><\/div>\n<\/div>\n<\/div>\n<\/div>\n<\/div>\n<\/div>\n<\/div>\n<div class=\"J_module\">\n<div class=\"icbu-pc-images magic-8\">\n<div class=\"flex-layout-v\">\n<div class=\"flex-layout-h magic-8\">\n<div class=\"magic-29\"><img decoding=\"async\" class=\"\" src=\"https:\/\/shopcdnpro.grainajz.com\/category\/39161\/3746\/351fa975ef08717c12fbb2e2c72ad274\/comparison.jpg\" alt=\"comparison.jpg\" width=\"1222\" height=\"2304\"><img loading=\"lazy\" decoding=\"async\" class=\"\" src=\"https:\/\/shopcdnpro.grainajz.com\/category\/39161\/3746\/98a85ec5cd6e69444ae22d2a24f66870\/4%E7%AE%80%E4%BB%8B.jpg\" alt=\"4&#31616;&#20171;.jpg\" width=\"1176\" height=\"1681\"><\/div>\n<\/div>\n<\/div>\n<\/div>\n<\/div>\n<div class=\"J_module\">\n<div class=\"detail-decorate-json-renderer-container\">\n<div class=\"magic-1\">\n<div class=\"magic-5\">\n<div class=\"magic-6\">\n<div class=\"magic-7\">\n<div class=\"magic-3\"><b class=\"magic-10\"><span class=\"magic-4\">SIEMENS Contr&ocirc;leur Logique Programmable<\/span><\/b><\/div>\n<\/div>\n<\/div>\n<\/div>\n<\/div>\n<\/div>\n<\/div>\n<div class=\"J_module\">\n<div class=\"icbu-pc-images magic-8\">\n<div>\n<div class=\"flex-layout-v\">\n<div class=\"flex-layout-h magic-8\">\n<div class=\"magic-31\"><img decoding=\"async\" class=\"magic-32\" src=\"https:\/\/sc04.alicdn.com\/kf\/Hae4c079d93954393a737fc55424d8333l\/224628538\/Hae4c079d93954393a737fc55424d8333l.png\" alt=\"Qt4 24 Concrete Fly Ash Block Making Machine Automatic Manual Brick Mold Machinery Processing Production Line supplier\" data-id=\"child-image-0\"><\/div>\n<div class=\"magic-33\"><img decoding=\"async\" class=\"magic-34\" src=\"https:\/\/sc04.alicdn.com\/kf\/Hb379e0a974804e4687e48c5647036cddi\/224628538\/Hb379e0a974804e4687e48c5647036cddi.png\" alt=\"Qt4 24 Concrete Fly Ash Block Making Machine Automatic Manual Brick Mold Machinery Processing Production Line supplier\" data-id=\"child-image-1\"><\/div>\n<\/div>\n<\/div>\n<\/div>\n<\/div>\n<\/div>\n<div class=\"J_module\">\n<div id=\"ali-anchor-AliMagic-eb76o9\" class=\"magic-0\" data-section=\"AliMagic-eb76o9\" data-section-title=\"SALES AND SERVICE NETWORK\">R&Eacute;SEAU DE VENTES ET DE SERVICE<\/div>\n<\/div>\n<div class=\"J_module\">\n<div class=\"icbu-pc-images magic-8\">\n<div class=\"flex-layout-v\">\n<div class=\"flex-layout-h magic-8\">\n<div class=\"magic-35\"><\/div>\n<\/div>\n<\/div>\n<\/div>\n<\/div>\n<div class=\"J_module\">\n<div class=\"icbu-pc-images magic-8\">\n<div>\n<div class=\"flex-layout-v\">\n<div class=\"flex-layout-h magic-8\">\n<div class=\"magic-37\"><img loading=\"lazy\" decoding=\"async\" class=\"magic-38\" src=\"https:\/\/sc04.alicdn.com\/kf\/HTB1oTNiRkvoK1RjSZPfq6xPKFXaD\/224628538\/HTB1oTNiRkvoK1RjSZPfq6xPKFXaD.jpg\" alt=\"Qt4 24 Concrete Fly Ash Block Making Machine Automatic Manual Brick Mold Machinery Processing Production Line manufacture\" width=\"1118\" height=\"1482\" data-id=\"child-image-0\"><\/div>\n<\/div>\n<\/div>\n<\/div>\n<\/div>\n<\/div>\n<div class=\"J_module\">\n<div class=\"icbu-pc-detailSellerRecommend magic-16\" data-magic='{\"mds\":{\"assetsVersion\":\"0.0.14\",\"assetsPackageName\":\"icbumod\",\"moduleNameAlias\":\"icbu-pc-detailSellerRecommend\",\"moduleData\":{\"config\":{\"columnCount\":4,\"titleKey\":6,\"products\":[1600066973977,1600084979196,1600222737702,60632661740,1600215855057,60780575964,1600226420814,1600252473717]}}},\"version\":1}'><span style=\"font-size: 16px;\">Projet r&eacute;ussi<\/span><\/div>\n<\/div>\n<div class=\"J_module\">\n<div class=\"icbu-pc-images magic-8\">\n<div class=\"flex-layout-v\">\n<div class=\"flex-layout-h magic-8\">\n<div class=\"magic-39\"><img loading=\"lazy\" decoding=\"async\" class=\"magic-42\" style=\"font-style: inherit; font-weight: inherit;\" src=\"https:\/\/sc04.alicdn.com\/kf\/H16a71144c76040f5a2236926f30f8eecL\/224628538\/H16a71144c76040f5a2236926f30f8eecL.jpg\" alt=\"Qt4 24 Concrete Fly Ash Block Making Machine Automatic Manual Brick Mold Machinery Processing Production Line manufacture\" width=\"1215\" height=\"1178\" data-id=\"child-image-0\"><\/div>\n<\/div>\n<\/div>\n<\/div>\n<\/div>\n<","protected":false},"excerpt":{"rendered":"<p>The QT4-24 is a semi-automatic block forming machine designed for small investors in areas with limited budgets and low labor costs. It retains the core vibration and pressurization functions, but manual operation is used for processes such as board feeding and brick output, achieving a cost-effective combination of &#8220;automated core processes and manual auxiliary processes.&#8221;<\/p>\n<p>The &#8220;4-24&#8221; in its model name refers to the ability to produce 4 standard hollow bricks (400*200*200mm) every 24 seconds, theoretically producing 4800 hollow bricks per day (8 hours).<\/p>\n<p>Production Line Components (Simplified Version)<br \/>\nMain Unit &#8211; QT4-24 Block Forming Machine: Core equipment.<\/p>\n<p>Mixer: Such as a JQ350 concrete mixer, used for mixing raw materials.<\/p>\n<p>Trolley\/Feeder: The mixed material is manually transported to the main unit&#8217;s hopper using a trolley or a simple lifting hopper.<\/p>\n<p>Manual Board Feeding: Operators manually place empty pallets (trays) under the machine&#8217;s forming table.<\/p>\n<p>Manual brick unloading: After molding, the brick blanks, along with the pallets, are ejected and transported to the curing area by workers using manual forklifts or by direct handling.<\/p>\n<p>Note: The QT4-24 does not have a fully automatic pallet circulation system, automatic brick unloading machine, or stacking machine.<\/p>\n","protected":false},"featured_media":1601,"template":"","meta":{"_uag_custom_page_level_css":"","site-sidebar-layout":"default","site-content-layout":"","ast-site-content-layout":"default","site-content-style":"default","site-sidebar-style":"default","ast-global-header-display":"","ast-banner-title-visibility":"","ast-main-header-display":"","ast-hfb-above-header-display":"","ast-hfb-below-header-display":"","ast-hfb-mobile-header-display":"","site-post-title":"","ast-breadcrumbs-content":"","ast-featured-img":"","footer-sml-layout":"","ast-disable-related-posts":"","theme-transparent-header-meta":"default","adv-header-id-meta":"","stick-header-meta":"","header-above-stick-meta":"","header-main-stick-meta":"","header-below-stick-meta":"","astra-migrate-meta-layouts":"set","ast-page-background-enabled":"default","ast-page-background-meta":{"desktop":{"background-color":"","background-image":"","background-repeat":"repeat","background-position":"center center","background-size":"auto","background-attachment":"scroll","background-type":"","background-media":"","overlay-type":"","overlay-color":"","overlay-opacity":"","overlay-gradient":""},"tablet":{"background-color":"","background-image":"","background-repeat":"repeat","background-position":"center center","background-size":"auto","background-attachment":"scroll","background-type":"","background-media":"","overlay-type":"","overlay-color":"","overlay-opacity":"","overlay-gradient":""},"mobile":{"background-color":"","background-image":"","background-repeat":"repeat","background-position":"center center","background-size":"auto","background-attachment":"scroll","background-type":"","background-media":"","overlay-type":"","overlay-color":"","overlay-opacity":"","overlay-gradient":""}},"ast-content-background-meta":{"desktop":{"background-color":"var(--ast-global-color-5)","background-image":"","background-repeat":"repeat","background-position":"center center","background-size":"auto","background-attachment":"scroll","background-type":"","background-media":"","overlay-type":"","overlay-color":"","overlay-opacity":"","overlay-gradient":""},"tablet":{"background-color":"var(--ast-global-color-5)","background-image":"","background-repeat":"repeat","background-position":"center center","background-size":"auto","background-attachment":"scroll","background-type":"","background-media":"","overlay-type":"","overlay-color":"","overlay-opacity":"","overlay-gradient":""},"mobile":{"background-color":"var(--ast-global-color-5)","background-image":"","background-repeat":"repeat","background-position":"center center","background-size":"auto","background-attachment":"scroll","background-type":"","background-media":"","overlay-type":"","overlay-color":"","overlay-opacity":"","overlay-gradient":""}}},"product_brand":[],"product_cat":[25],"product_tag":[],"class_list":{"0":"post-1818","1":"product","2":"type-product","3":"status-publish","4":"has-post-thumbnail","6":"product_cat-semi-automatic-block-making-machine","7":"desktop-align-left","8":"tablet-align-left","9":"mobile-align-left","11":"first","12":"instock","13":"sale","14":"shipping-taxable","15":"purchasable","16":"product-type-simple"},"uagb_featured_image_src":{"full":["https:\/\/tophighmachinery.com\/wp-content\/uploads\/2025\/11\/semi-small-block4.png",600,600,false],"thumbnail":["https:\/\/tophighmachinery.com\/wp-content\/uploads\/2025\/11\/semi-small-block4-150x150.png",150,150,true],"medium":["https:\/\/tophighmachinery.com\/wp-content\/uploads\/2025\/11\/semi-small-block4-300x300.png",300,300,true],"medium_large":["https:\/\/tophighmachinery.com\/wp-content\/uploads\/2025\/11\/semi-small-block4.png",600,600,false],"large":["https:\/\/tophighmachinery.com\/wp-content\/uploads\/2025\/11\/semi-small-block4.png",600,600,false],"1536x1536":["https:\/\/tophighmachinery.com\/wp-content\/uploads\/2025\/11\/semi-small-block4.png",600,600,false],"2048x2048":["https:\/\/tophighmachinery.com\/wp-content\/uploads\/2025\/11\/semi-small-block4.png",600,600,false],"woocommerce_thumbnail":["https:\/\/tophighmachinery.com\/wp-content\/uploads\/2025\/11\/semi-small-block4-300x300.png",300,300,true],"woocommerce_single":["https:\/\/tophighmachinery.com\/wp-content\/uploads\/2025\/11\/semi-small-block4.png",600,600,false],"woocommerce_gallery_thumbnail":["https:\/\/tophighmachinery.com\/wp-content\/uploads\/2025\/11\/semi-small-block4-100x100.png",100,100,true]},"uagb_author_info":{"display_name":"admin@yingchengchina.com","author_link":"https:\/\/tophighmachinery.com\/fr-ca\/author\/"},"uagb_comment_info":0,"uagb_excerpt":"The QT4-24 is a semi-automatic block forming machine designed for small investors in areas with limited budgets and low labor costs. It retains the core vibration and pressurization functions, but manual operation is used for processes such as board feeding and brick output, achieving a cost-effective combination of \"automated core processes and manual auxiliary processes.\"&hellip;","_links":{"self":[{"href":"https:\/\/tophighmachinery.com\/fr-ca\/wp-json\/wp\/v2\/product\/1818","targetHints":{"allow":["GET"]}}],"collection":[{"href":"https:\/\/tophighmachinery.com\/fr-ca\/wp-json\/wp\/v2\/product"}],"about":[{"href":"https:\/\/tophighmachinery.com\/fr-ca\/wp-json\/wp\/v2\/types\/product"}],"wp:featuredmedia":[{"embeddable":true,"href":"https:\/\/tophighmachinery.com\/fr-ca\/wp-json\/wp\/v2\/media\/1601"}],"wp:attachment":[{"href":"https:\/\/tophighmachinery.com\/fr-ca\/wp-json\/wp\/v2\/media?parent=1818"}],"wp:term":[{"taxonomy":"product_brand","embeddable":true,"href":"https:\/\/tophighmachinery.com\/fr-ca\/wp-json\/wp\/v2\/product_brand?post=1818"},{"taxonomy":"product_cat","embeddable":true,"href":"https:\/\/tophighmachinery.com\/fr-ca\/wp-json\/wp\/v2\/product_cat?post=1818"},{"taxonomy":"product_tag","embeddable":true,"href":"https:\/\/tophighmachinery.com\/fr-ca\/wp-json\/wp\/v2\/product_tag?post=1818"}],"curies":[{"name":"wp","href":"https:\/\/api.w.org\/{rel}","templated":true}]}}