{"id":2089,"date":"2025-11-11T05:57:06","date_gmt":"2025-11-11T05:57:06","guid":{"rendered":"https:\/\/tophighmachinery.com\/?post_type=product&#038;p=2089"},"modified":"2025-11-17T07:39:10","modified_gmt":"2025-11-17T07:39:10","slug":"qt12-15-hydraulic-big-brick-production-line-automatic-concrete-block-making-machine","status":"publish","type":"product","link":"https:\/\/tophighmachinery.com\/pt-br\/product\/qt12-15-hydraulic-big-brick-production-line-automatic-concrete-block-making-machine\/","title":{"rendered":"Linha de Produ\u00e7\u00e3o de Tijolos Grandes Hidr\u00e1ulicos QT12-15 M\u00e1quina Autom\u00e1tica de Fabrica\u00e7\u00e3o de Blocos de Concreto"},"content":{"rendered":"<div class=\"J_module\">\n<div style=\"text-align: left;\" data-section=\"AliMagic-c4mrs0\" data-section-title=\"PRODUCT SPECIFICATIONS\"><span class=\"magic-19\"><strong>Descri&ccedil;&atilde;o da produ&ccedil;&atilde;o da f&aacute;brica de m&aacute;quinas de tijolos QT12-15<\/strong><br>a. A mat&eacute;ria-prima &eacute; entregue na m&aacute;quina de dosagem usando uma carregadeira de rodas, necessitando de 1 trabalhador.<br>b. Entrega de cimento na betoneira, do silo de cimento por transportador de parafuso de cimento<br>c. Misturador misturando o material, depois entrega para a m&aacute;quina de tijolos, transportador aqui precisa de 1 trabalhador<br>d. Ap&oacute;s fazer os blocos, entregar os blocos para um empilhador<br>Empilhadeira entrega blocos para a &aacute;rea de cura, precisa de 1 trabalhador<br>f. &Aacute;rea de cura: A cura requer 10-15 dias, depois retire os blocos do palete; s&atilde;o necess&aacute;rios 1-2 trabalhadores.<br>g. Ap&oacute;s a cura, retire os blocos do palete, o palete &eacute; entregue &agrave; m&aacute;quina de alimenta&ccedil;&atilde;o de paletes por empilhadeira<br>Blocos dispostos na &aacute;rea de estoque de blocos<br>\n<\/span><\/div>\n<\/div>\n<div class=\"J_module\" style=\"text-align: left;\">\n<div class=\"icbu-pc-images magic-1\">\n<div class=\"flex-layout-v\">\n<div class=\"magic-7\"><img fetchpriority=\"high\" decoding=\"async\" class=\"alignnone wp-image-2090 size-full\" src=\"https:\/\/tophighmachinery.com\/wp-content\/uploads\/2025\/11\/IMG_1248-scaled.jpg\" alt=\"qt12 15 hydraulic big brick production line automatic concrete block making machine\" width=\"2560\" height=\"1707\" srcset=\"https:\/\/tophighmachinery.com\/wp-content\/uploads\/2025\/11\/IMG_1248-scaled.jpg 2560w, https:\/\/tophighmachinery.com\/wp-content\/uploads\/2025\/11\/IMG_1248-300x200.jpg 300w, https:\/\/tophighmachinery.com\/wp-content\/uploads\/2025\/11\/IMG_1248-1024x683.jpg 1024w, https:\/\/tophighmachinery.com\/wp-content\/uploads\/2025\/11\/IMG_1248-768x512.jpg 768w, https:\/\/tophighmachinery.com\/wp-content\/uploads\/2025\/11\/IMG_1248-1536x1024.jpg 1536w, https:\/\/tophighmachinery.com\/wp-content\/uploads\/2025\/11\/IMG_1248-2048x1365.jpg 2048w, https:\/\/tophighmachinery.com\/wp-content\/uploads\/2025\/11\/IMG_1248-600x400.jpg 600w\" sizes=\"(max-width: 2560px) 100vw, 2560px\" \/> <img decoding=\"async\" class=\"alignnone wp-image-2091 size-full\" src=\"https:\/\/tophighmachinery.com\/wp-content\/uploads\/2025\/11\/IMG_1251-scaled.jpg\" alt=\"qt12 15 hydraulic big brick production line automatic concrete block making machine\" width=\"2560\" height=\"1707\" srcset=\"https:\/\/tophighmachinery.com\/wp-content\/uploads\/2025\/11\/IMG_1251-scaled.jpg 2560w, https:\/\/tophighmachinery.com\/wp-content\/uploads\/2025\/11\/IMG_1251-300x200.jpg 300w, https:\/\/tophighmachinery.com\/wp-content\/uploads\/2025\/11\/IMG_1251-1024x683.jpg 1024w, https:\/\/tophighmachinery.com\/wp-content\/uploads\/2025\/11\/IMG_1251-768x512.jpg 768w, https:\/\/tophighmachinery.com\/wp-content\/uploads\/2025\/11\/IMG_1251-1536x1024.jpg 1536w, https:\/\/tophighmachinery.com\/wp-content\/uploads\/2025\/11\/IMG_1251-2048x1365.jpg 2048w, https:\/\/tophighmachinery.com\/wp-content\/uploads\/2025\/11\/IMG_1251-600x400.jpg 600w\" sizes=\"(max-width: 2560px) 100vw, 2560px\" \/> <img decoding=\"async\" class=\"alignnone wp-image-2092 size-full\" src=\"https:\/\/tophighmachinery.com\/wp-content\/uploads\/2025\/11\/IMG_1271-scaled.jpg\" alt=\"qt12 15 hydraulic big brick production line automatic concrete block making machine\" width=\"2560\" height=\"1707\" srcset=\"https:\/\/tophighmachinery.com\/wp-content\/uploads\/2025\/11\/IMG_1271-scaled.jpg 2560w, https:\/\/tophighmachinery.com\/wp-content\/uploads\/2025\/11\/IMG_1271-300x200.jpg 300w, https:\/\/tophighmachinery.com\/wp-content\/uploads\/2025\/11\/IMG_1271-1024x683.jpg 1024w, https:\/\/tophighmachinery.com\/wp-content\/uploads\/2025\/11\/IMG_1271-768x512.jpg 768w, https:\/\/tophighmachinery.com\/wp-content\/uploads\/2025\/11\/IMG_1271-1536x1024.jpg 1536w, https:\/\/tophighmachinery.com\/wp-content\/uploads\/2025\/11\/IMG_1271-2048x1365.jpg 2048w, https:\/\/tophighmachinery.com\/wp-content\/uploads\/2025\/11\/IMG_1271-600x400.jpg 600w\" sizes=\"(max-width: 2560px) 100vw, 2560px\" \/> <img loading=\"lazy\" decoding=\"async\" class=\"alignnone wp-image-2093 size-full\" src=\"https:\/\/tophighmachinery.com\/wp-content\/uploads\/2025\/11\/IMG_1273-scaled.jpg\" alt=\"qt12 15 hydraulic big brick production line automatic concrete block making machine\" width=\"2560\" height=\"1707\" srcset=\"https:\/\/tophighmachinery.com\/wp-content\/uploads\/2025\/11\/IMG_1273-scaled.jpg 2560w, https:\/\/tophighmachinery.com\/wp-content\/uploads\/2025\/11\/IMG_1273-300x200.jpg 300w, https:\/\/tophighmachinery.com\/wp-content\/uploads\/2025\/11\/IMG_1273-1024x683.jpg 1024w, https:\/\/tophighmachinery.com\/wp-content\/uploads\/2025\/11\/IMG_1273-768x512.jpg 768w, https:\/\/tophighmachinery.com\/wp-content\/uploads\/2025\/11\/IMG_1273-1536x1024.jpg 1536w, https:\/\/tophighmachinery.com\/wp-content\/uploads\/2025\/11\/IMG_1273-2048x1365.jpg 2048w, https:\/\/tophighmachinery.com\/wp-content\/uploads\/2025\/11\/IMG_1273-600x400.jpg 600w\" sizes=\"(max-width: 2560px) 100vw, 2560px\" \/> <img loading=\"lazy\" decoding=\"async\" class=\"alignnone wp-image-2094 size-full\" src=\"https:\/\/tophighmachinery.com\/wp-content\/uploads\/2025\/11\/IMG_1282-scaled.jpg\" alt=\"qt12 15 hydraulic big brick production line automatic concrete block making machine\" width=\"2560\" height=\"1707\" srcset=\"https:\/\/tophighmachinery.com\/wp-content\/uploads\/2025\/11\/IMG_1282-scaled.jpg 2560w, https:\/\/tophighmachinery.com\/wp-content\/uploads\/2025\/11\/IMG_1282-300x200.jpg 300w, https:\/\/tophighmachinery.com\/wp-content\/uploads\/2025\/11\/IMG_1282-1024x683.jpg 1024w, https:\/\/tophighmachinery.com\/wp-content\/uploads\/2025\/11\/IMG_1282-768x512.jpg 768w, https:\/\/tophighmachinery.com\/wp-content\/uploads\/2025\/11\/IMG_1282-1536x1024.jpg 1536w, https:\/\/tophighmachinery.com\/wp-content\/uploads\/2025\/11\/IMG_1282-2048x1365.jpg 2048w, https:\/\/tophighmachinery.com\/wp-content\/uploads\/2025\/11\/IMG_1282-600x400.jpg 600w\" sizes=\"(max-width: 2560px) 100vw, 2560px\" \/> <img loading=\"lazy\" decoding=\"async\" class=\"alignnone wp-image-2095 size-full\" src=\"https:\/\/tophighmachinery.com\/wp-content\/uploads\/2025\/11\/IMG_1309-scaled.jpg\" alt=\"qt12 15 hydraulic big brick production line automatic concrete block making machine\" width=\"2560\" height=\"1707\" srcset=\"https:\/\/tophighmachinery.com\/wp-content\/uploads\/2025\/11\/IMG_1309-scaled.jpg 2560w, https:\/\/tophighmachinery.com\/wp-content\/uploads\/2025\/11\/IMG_1309-300x200.jpg 300w, https:\/\/tophighmachinery.com\/wp-content\/uploads\/2025\/11\/IMG_1309-1024x683.jpg 1024w, https:\/\/tophighmachinery.com\/wp-content\/uploads\/2025\/11\/IMG_1309-768x512.jpg 768w, https:\/\/tophighmachinery.com\/wp-content\/uploads\/2025\/11\/IMG_1309-1536x1024.jpg 1536w, https:\/\/tophighmachinery.com\/wp-content\/uploads\/2025\/11\/IMG_1309-2048x1365.jpg 2048w, https:\/\/tophighmachinery.com\/wp-content\/uploads\/2025\/11\/IMG_1309-600x400.jpg 600w\" sizes=\"(max-width: 2560px) 100vw, 2560px\" \/><\/div>\n<\/div>\n<\/div>\n<\/div>\n<div class=\"J_module\" style=\"text-align: left;\">\n<div class=\"detail-decorate-json-renderer-container\">\n<div class=\"magic-15\">\n<div class=\"magic-16\">\n<div class=\"magic-17\">\n<div class=\"magic-18\">\n<div>\n<div class=\"magic-29\"><span class=\"magic-30\"><b class=\"magic-31\">TODAS AS PARTES-CHAVE S&Atilde;O TRATADAS TERMICAMENTE<\/b><\/span><\/div>\n<div class=\"magic-29\"><span class=\"magic-30\"><b class=\"magic-31\">MAIS FORTE E DUR&Aacute;VEL!<\/b><\/span><\/div>\n<\/div>\n<div><span style=\"font-size: 16px;\">ESPECIFICA&Ccedil;&Otilde;ES PARA A M&Aacute;QUINA DE BLOCO AUTOM&Aacute;TICA QT12-15<\/span><\/div>\n<\/div>\n<\/div>\n<\/div>\n<\/div>\n<\/div>\n<\/div>\n<div class=\"J_module\" style=\"text-align: left;\">\n<div class=\"ife-detail-decorate-table\">\n<table class=\"all magic-20\">\n<tbody>\n<tr>\n<td colspan=\"1\" rowspan=\"1\">\n<div class=\"magic-21\"><span class=\"magic-3\">A<\/span><\/div>\n<\/td>\n<td colspan=\"1\" rowspan=\"1\">\n<div class=\"magic-22\"><span class=\"magic-3\">M&aacute;quina de tijolos anfitri&atilde; QT12-15<br>a. Sistema autom&aacute;tico de paletes<br>b. Sistema autom&aacute;tico de alimenta&ccedil;&atilde;o de materiais<\/span><\/div>\n<\/td>\n<td colspan=\"1\" rowspan=\"1\">\n<div class=\"magic-23\"><\/div>\n<\/td>\n<td colspan=\"2\" rowspan=\"1\">\n<div class=\"magic-24\"><span class=\"magic-3\">(2) Informa&ccedil;&otilde;es t&eacute;cnicas da planta autom&aacute;tica de tijolos QT12-15:<\/span><\/div>\n<\/td>\n<\/tr>\n<tr>\n<td colspan=\"1\" rowspan=\"1\">\n<div class=\"magic-21\"><span class=\"magic-3\">B<\/span><\/div>\n<\/td>\n<td colspan=\"1\" rowspan=\"1\">\n<div class=\"magic-22\"><span class=\"magic-3\">Bloqueador de receptor<\/span><\/div>\n<\/td>\n<td colspan=\"1\" rowspan=\"1\">\n<div class=\"magic-23\"><\/div>\n<\/td>\n<td colspan=\"1\" rowspan=\"1\">\n<div class=\"magic-27\"><span class=\"magic-3\">QT12-15 Pot&ecirc;ncia total da m&aacute;quina host<\/span><\/div>\n<\/td>\n<td colspan=\"1\" rowspan=\"1\">\n<div class=\"magic-28\"><span class=\"magic-3\">56 kW<\/span><\/div>\n<\/td>\n<\/tr>\n<tr>\n<td colspan=\"1\" rowspan=\"1\">\n<div class=\"magic-21\"><span class=\"magic-3\">C<\/span><\/div>\n<\/td>\n<td colspan=\"1\" rowspan=\"1\">\n<div class=\"magic-22\"><span class=\"magic-3\">Stacker, ele poderia empilhar 4-5 blocos de paletes<\/span><\/div>\n<\/td>\n<td colspan=\"1\" rowspan=\"1\">\n<div class=\"magic-23\"><\/div>\n<\/td>\n<td colspan=\"1\" rowspan=\"1\">\n<div class=\"magic-27\"><span class=\"magic-3\">Ciclo de moldagem<\/span><\/div>\n<\/td>\n<td colspan=\"1\" rowspan=\"1\">\n<div class=\"magic-28\"><span class=\"magic-3\">15 segundos<\/span><\/div>\n<\/td>\n<\/tr>\n<tr>\n<td colspan=\"1\" rowspan=\"1\">\n<div class=\"magic-21\"><span class=\"magic-3\">D<\/span><\/div>\n<\/td>\n<td colspan=\"1\" rowspan=\"1\">\n<div class=\"magic-22\"><span class=\"magic-3\">Esteira transportadora de 8 metros<\/span><\/div>\n<\/td>\n<td colspan=\"1\" rowspan=\"1\">\n<div class=\"magic-23\"><\/div>\n<\/td>\n<td colspan=\"1\" rowspan=\"1\">\n<div class=\"magic-27\"><span class=\"magic-3\">Tamanho da m&aacute;quina de tijolos<\/span><\/div>\n<\/td>\n<td colspan=\"1\" rowspan=\"1\">\n<div class=\"magic-28\"><span class=\"magic-3\">5300*2050*2700<\/span><\/div>\n<\/td>\n<\/tr>\n<tr>\n<td colspan=\"1\" rowspan=\"1\">\n<div class=\"magic-21\"><span class=\"magic-3\">E<\/span><\/div>\n<\/td>\n<td colspan=\"1\" rowspan=\"1\">\n<div class=\"magic-22\"><span class=\"magic-3\">JS750 Misturador com pot&ecirc;ncia maior, 38,6 KW<\/span><\/div>\n<\/td>\n<td colspan=\"1\" rowspan=\"1\">\n<div class=\"magic-23\"><\/div>\n<\/td>\n<td colspan=\"1\" rowspan=\"1\">\n<div class=\"magic-27\"><span class=\"magic-3\">Peso<\/span><\/div>\n<\/td>\n<td colspan=\"1\" rowspan=\"1\">\n<div class=\"magic-28\"><span class=\"magic-3\">8000 KGS<\/span><\/div>\n<\/td>\n<\/tr>\n<tr>\n<td colspan=\"1\" rowspan=\"1\">\n<div class=\"magic-21\"><span class=\"magic-3\">F<\/span><\/div>\n<\/td>\n<td colspan=\"1\" rowspan=\"1\">\n<div class=\"magic-22\"><span class=\"magic-3\">M&aacute;quina de dosagem PLD 800, pot&ecirc;ncia, 9 KW<\/span><\/div>\n<\/td>\n<td colspan=\"1\" rowspan=\"1\">\n<div class=\"magic-23\"><\/div>\n<\/td>\n<td colspan=\"1\" rowspan=\"1\">\n<div class=\"magic-27\"><span class=\"magic-3\">Tamanho do palete<\/span><\/div>\n<\/td>\n<td colspan=\"1\" rowspan=\"1\">\n<div class=\"magic-28\"><span class=\"magic-3\">1300*870 mm<\/span><\/div>\n<\/td>\n<\/tr>\n<\/tbody>\n<\/table>\n<div class=\"J_module\">\n<div class=\"detail-decorate-json-renderer-container\">\n<div class=\"magic-15\">\n<div class=\"magic-16\">\n<div class=\"magic-17\">\n<div class=\"magic-18\">\n<div>\n<p><iframe title=\"effect of pallet free fully automatic brick making machine\" width=\"500\" height=\"281\" src=\"https:\/\/www.youtube.com\/embed\/LSV6VTxihfA?feature=oembed\" frameborder=\"0\" allow=\"accelerometer; autoplay; clipboard-write; encrypted-media; gyroscope; picture-in-picture; web-share\" referrerpolicy=\"strict-origin-when-cross-origin\" allowfullscreen><\/iframe><\/p>\n<\/div>\n<div class=\"magic-29\"><b class=\"magic-34\"><span class=\"magic-35\">CONTROLADOR L&Oacute;GICO PROGRAM&Aacute;VEL SIEMENS<\/span><\/b><\/div>\n<\/div>\n<\/div>\n<\/div>\n<\/div>\n<\/div>\n<\/div>\n<div class=\"J_module\">\n<div class=\"icbu-pc-images magic-1\">\n<div>\n<div class=\"flex-layout-v\">\n<div class=\"flex-layout-h magic-1\">\n<div class=\"magic-36\"><img decoding=\"async\" class=\"magic-37\" src=\"https:\/\/sc04.alicdn.com\/kf\/Hae4c079d93954393a737fc55424d8333l\/224628538\/Hae4c079d93954393a737fc55424d8333l.png\" alt=\"Automatic Building Material Machinery Concrete Block Brick Making Machine Hydraulic Interlocking Cement Brick Production Line details\" data-id=\"child-image-0\"><\/div>\n<div class=\"magic-38\"><img decoding=\"async\" class=\"magic-39\" src=\"https:\/\/sc04.alicdn.com\/kf\/Hb379e0a974804e4687e48c5647036cddi\/224628538\/Hb379e0a974804e4687e48c5647036cddi.png\" alt=\"Automatic Building Material Machinery Concrete Block Brick Making Machine Hydraulic Interlocking Cement Brick Production Line manufacture\" data-id=\"child-image-1\"><\/div>\n<\/div>\n<\/div>\n<\/div>\n<\/div>\n<\/div>\n<div class=\"J_module\">\n<div id=\"ali-anchor-AliMagic-3y5mki\" class=\"magic-0\" data-section=\"AliMagic-3y5mki\" data-section-title=\"SALES AND SERVICE NETWORK\">REDE DE VENDAS E SERVI&Ccedil;OS<\/div>\n<\/div>\n<div class=\"J_module\">\n<div class=\"icbu-pc-detailSellerRecommend magic-40\" data-magic='{\"mds\":{\"assetsVersion\":\"0.0.14\",\"assetsPackageName\":\"icbumod\",\"moduleNameAlias\":\"icbu-pc-detailSellerRecommend\",\"moduleData\":{\"config\":{\"columnCount\":4,\"titleKey\":6,\"products\":[1600226434872,1600408841398,1600335433111,1600227599319,1600274029885,1600343820622,1600245387118,60836904577,60663828490,1600084979196,1600270683324,1600336315427]}}},\"version\":1}'><img loading=\"lazy\" decoding=\"async\" class=\"\" style=\"font-style: inherit; font-weight: inherit;\" src=\"https:\/\/shopcdnpro.grainajz.com\/category\/39161\/3746\/98a85ec5cd6e69444ae22d2a24f66870\/4%E7%AE%80%E4%BB%8B.jpg\" alt=\"4&#31616;&#20171;.jpg\" width=\"1097\" height=\"1568\"><img loading=\"lazy\" decoding=\"async\" class=\"\" style=\"font-style: inherit; font-weight: inherit;\" src=\"https:\/\/shopcdnpro.grainajz.com\/category\/39161\/3746\/1d8991244ae68bb92b6e7e70fc696327\/8%E5%8C%85%E8%A3%85.jpg\" alt=\"8&#21253;&#35013;.jpg\" width=\"1153\" height=\"1573\"><\/div>\n<\/div>\n<\/div>\n<\/div>\n<div class=\"J_module\" style=\"text-align: left;\">\n<div class=\"detail-decorate-json-renderer-container\">\n<div class=\"magic-15\">\n<div class=\"magic-16\">\n<div class=\"magic-17\">\n<div class=\"magic-18\"><\/div>\n<\/div>\n<\/div>\n<\/div>\n<\/div>\n<\/div>\n<div class=\"J_module\" style=\"text-align: left;\">\n<div class=\"icbu-pc-detailSellerRecommend magic-40\" data-magic='{\"mds\":{\"assetsVersion\":\"0.0.14\",\"assetsPackageName\":\"icbumod\",\"moduleNameAlias\":\"icbu-pc-detailSellerRecommend\",\"moduleData\":{\"config\":{\"columnCount\":4,\"titleKey\":6,\"products\":[1600226434872,1600408841398,1600335433111,1600227599319,1600274029885,1600343820622,1600245387118,60836904577,60663828490,1600084979196,1600270683324,1600336315427]}}},\"version\":1}'><img loading=\"lazy\" decoding=\"async\" class=\"magic-45\" style=\"font-style: inherit; font-weight: inherit;\" src=\"https:\/\/sc04.alicdn.com\/kf\/HTB1oTNiRkvoK1RjSZPfq6xPKFXaD\/224628538\/HTB1oTNiRkvoK1RjSZPfq6xPKFXaD.jpg\" alt=\"Automatic Building Material Machinery Concrete Block Brick Making Machine Hydraulic Interlocking Cement Brick Production Line details\" width=\"1138\" height=\"1508\" data-id=\"child-image-0\"><\/div>\n<\/div>\n<div class=\"J_module\" style=\"text-align: left;\">\n<div id=\"ali-anchor-AliMagic-v7cjxr\" class=\"magic-0\" data-section=\"AliMagic-v7cjxr\" data-section-title=\"Successful Project\">Projeto Bem-Sucedido<\/div>\n<\/div>\n<div class=\"J_module\" style=\"text-align: left;\">\n<div class=\"icbu-pc-images magic-1\">\n<div>\n<div class=\"flex-layout-v\">\n<div class=\"flex-layout-h magic-1\">\n<div class=\"magic-48\"><img loading=\"lazy\" decoding=\"async\" class=\"magic-49\" src=\"https:\/\/sc04.alicdn.com\/kf\/H16a71144c76040f5a2236926f30f8eecL\/224628538\/H16a71144c76040f5a2236926f30f8eecL.jpg\" alt=\"Automatic Building Material Machinery Concrete Block Brick Making Machine Hydraulic Interlocking Cement Brick Production Line manufacture\" width=\"1172\" height=\"1136\" data-id=\"child-image-0\"><\/div>\n<\/div>\n<\/div>\n<\/div>\n<\/div>\n<\/div>\n<div class=\"J_module\" style=\"text-align: left;\">\n<div class=\"icbu-pc-images magic-1\">\n<div>\n<div class=\"flex-layout-v\">\n<div class=\"flex-layout-h magic-1\">\n<div class=\"magic-50\"><img loading=\"lazy\" decoding=\"async\" class=\"magic-8\" src=\"https:\/\/sc04.alicdn.com\/kf\/H6db3034467434daaabac8629b481177ak\/224628538\/H6db3034467434daaabac8629b481177ak.png\" alt=\"Automatic Building Material Machinery Concrete Block Brick Making Machine Hydraulic Interlocking Cement Brick Production Line manufacture\" width=\"1157\" height=\"1157\" data-id=\"child-image-0\"><\/div>\n<\/div>\n<\/div>\n<\/div>\n<\/div>\n<\/div>\n<div class=\"J_module\" style=\"text-align: left;\">\n<div class=\"icbu-pc-images magic-1\">\n<div class=\"flex-layout-v\">\n<div class=\"flex-layout-h magic-1\">\n<div class=\"magic-51\"><img loading=\"lazy\" decoding=\"async\" class=\"magic-58\" style=\"font-style: inherit; font-weight: inherit;\" src=\"https:\/\/sc04.alicdn.com\/kf\/Hb7a734d82d2e45fb9f36e7d81775fae98\/224628538\/Hb7a734d82d2e45fb9f36e7d81775fae98.jpg\" alt=\"Automatic Building Material Machinery Concrete Block Brick Making Machine Hydraulic Interlocking Cement Brick Production Line details\" width=\"1131\" height=\"1543\" data-id=\"child-image-0\"><\/div>\n<\/div>\n<\/div>\n<\/div>\n<\/div>\n<div class=\"J_module\">\n<div class=\"detail-decorate-json-renderer-container\">\n<div class=\"magic-15\">\n<h3 class=\"magic-43\" style=\"text-align: left;\" data-id=\"title0\"><\/h3>\n<\/div>\n<\/div>\n<\/div>\n<","protected":false},"excerpt":{"rendered":"<p>The QT10-15 is a fully automatic, high-strength, and high-efficiency block molding machine. Its name, &#8220;QT12-15,&#8221; means it can produce 12 standard hollow bricks (400mm \u00d7 200mm \u00d7 200mm) every 15 seconds.<\/p>\n<p>Key Features:<\/p>\n<p>Fully Automatic Operation: From material feeding, placement, vibration pressing, demolding, to finished product conveying, pallet transfer, and stacking, everything is automatically controlled by a programmable logic controller (PLC). Human intervention is mainly for monitoring, maintenance, and raw material preparation.<\/p>\n<p>High-Efficiency Production: It can easily produce over 23,040 hollow bricks per day (8 hours).<\/p>\n<p>Multi-Purpose Functionality: By changing different molds, the QT12-15 can produce a wide variety of cement products, including:<br \/>\nVarious blocks: hollow blocks, solid blocks. Paving bricks: grass pavers, permeable bricks, plaza bricks, curb stones, etc. Ideal for medium and large-sized building material factories and brick factories. Projects for the resource utilization of solid waste such as construction waste, fly ash, and slag. Production of precast components for various municipal engineering projects.<\/p>\n","protected":false},"featured_media":2096,"template":"","meta":{"_uag_custom_page_level_css":"","site-sidebar-layout":"default","site-content-layout":"","ast-site-content-layout":"default","site-content-style":"default","site-sidebar-style":"default","ast-global-header-display":"","ast-banner-title-visibility":"","ast-main-header-display":"","ast-hfb-above-header-display":"","ast-hfb-below-header-display":"","ast-hfb-mobile-header-display":"","site-post-title":"","ast-breadcrumbs-content":"","ast-featured-img":"","footer-sml-layout":"","theme-transparent-header-meta":"default","adv-header-id-meta":"","stick-header-meta":"","header-above-stick-meta":"","header-main-stick-meta":"","header-below-stick-meta":"","astra-migrate-meta-layouts":"set","ast-page-background-enabled":"default","ast-page-background-meta":{"desktop":{"background-color":"","background-image":"","background-repeat":"repeat","background-position":"center center","background-size":"auto","background-attachment":"scroll","background-type":"","background-media":"","overlay-type":"","overlay-color":"","overlay-opacity":"","overlay-gradient":""},"tablet":{"background-color":"","background-image":"","background-repeat":"repeat","background-position":"center center","background-size":"auto","background-attachment":"scroll","background-type":"","background-media":"","overlay-type":"","overlay-color":"","overlay-opacity":"","overlay-gradient":""},"mobile":{"background-color":"","background-image":"","background-repeat":"repeat","background-position":"center center","background-size":"auto","background-attachment":"scroll","background-type":"","background-media":"","overlay-type":"","overlay-color":"","overlay-opacity":"","overlay-gradient":""}},"ast-content-background-meta":{"desktop":{"background-color":"var(--ast-global-color-5)","background-image":"","background-repeat":"repeat","background-position":"center center","background-size":"auto","background-attachment":"scroll","background-type":"","background-media":"","overlay-type":"","overlay-color":"","overlay-opacity":"","overlay-gradient":""},"tablet":{"background-color":"var(--ast-global-color-5)","background-image":"","background-repeat":"repeat","background-position":"center center","background-size":"auto","background-attachment":"scroll","background-type":"","background-media":"","overlay-type":"","overlay-color":"","overlay-opacity":"","overlay-gradient":""},"mobile":{"background-color":"var(--ast-global-color-5)","background-image":"","background-repeat":"repeat","background-position":"center center","background-size":"auto","background-attachment":"scroll","background-type":"","background-media":"","overlay-type":"","overlay-color":"","overlay-opacity":"","overlay-gradient":""}}},"product_brand":[],"product_cat":[24],"product_tag":[],"class_list":{"0":"post-2089","1":"product","2":"type-product","3":"status-publish","4":"has-post-thumbnail","6":"product_cat-automaticblock-making-machine","7":"desktop-align-left","8":"tablet-align-left","9":"mobile-align-left","11":"first","12":"instock","13":"sale","14":"shipping-taxable","15":"purchasable","16":"product-type-simple"},"uagb_featured_image_src":{"full":["https:\/\/tophighmachinery.com\/wp-content\/uploads\/2025\/11\/IMG_1324-scaled.jpg",2560,1707,false],"thumbnail":["https:\/\/tophighmachinery.com\/wp-content\/uploads\/2025\/11\/IMG_1324-150x150.jpg",150,150,true],"medium":["https:\/\/tophighmachinery.com\/wp-content\/uploads\/2025\/11\/IMG_1324-300x200.jpg",300,200,true],"medium_large":["https:\/\/tophighmachinery.com\/wp-content\/uploads\/2025\/11\/IMG_1324-768x512.jpg",768,512,true],"large":["https:\/\/tophighmachinery.com\/wp-content\/uploads\/2025\/11\/IMG_1324-1024x683.jpg",1024,683,true],"1536x1536":["https:\/\/tophighmachinery.com\/wp-content\/uploads\/2025\/11\/IMG_1324-1536x1024.jpg",1536,1024,true],"2048x2048":["https:\/\/tophighmachinery.com\/wp-content\/uploads\/2025\/11\/IMG_1324-2048x1365.jpg",2048,1365,true],"woocommerce_thumbnail":["https:\/\/tophighmachinery.com\/wp-content\/uploads\/2025\/11\/IMG_1324-300x300.jpg",300,300,true],"woocommerce_single":["https:\/\/tophighmachinery.com\/wp-content\/uploads\/2025\/11\/IMG_1324-600x400.jpg",600,400,true],"woocommerce_gallery_thumbnail":["https:\/\/tophighmachinery.com\/wp-content\/uploads\/2025\/11\/IMG_1324-100x100.jpg",100,100,true]},"uagb_author_info":{"display_name":"admin@yingchengchina.com","author_link":"https:\/\/tophighmachinery.com\/pt-br\/author\/"},"uagb_comment_info":0,"uagb_excerpt":"The QT10-15 is a fully automatic, high-strength, and high-efficiency block molding machine. Its name, \"QT12-15,\" means it can produce 12 standard hollow bricks (400mm \u00d7 200mm \u00d7 200mm) every 15 seconds. Key Features: Fully Automatic Operation: From material feeding, placement, vibration pressing, demolding, to finished product conveying, pallet transfer, and stacking, everything is automatically controlled&hellip;","_links":{"self":[{"href":"https:\/\/tophighmachinery.com\/pt-br\/wp-json\/wp\/v2\/product\/2089","targetHints":{"allow":["GET"]}}],"collection":[{"href":"https:\/\/tophighmachinery.com\/pt-br\/wp-json\/wp\/v2\/product"}],"about":[{"href":"https:\/\/tophighmachinery.com\/pt-br\/wp-json\/wp\/v2\/types\/product"}],"wp:featuredmedia":[{"embeddable":true,"href":"https:\/\/tophighmachinery.com\/pt-br\/wp-json\/wp\/v2\/media\/2096"}],"wp:attachment":[{"href":"https:\/\/tophighmachinery.com\/pt-br\/wp-json\/wp\/v2\/media?parent=2089"}],"wp:term":[{"taxonomy":"product_brand","embeddable":true,"href":"https:\/\/tophighmachinery.com\/pt-br\/wp-json\/wp\/v2\/product_brand?post=2089"},{"taxonomy":"product_cat","embeddable":true,"href":"https:\/\/tophighmachinery.com\/pt-br\/wp-json\/wp\/v2\/product_cat?post=2089"},{"taxonomy":"product_tag","embeddable":true,"href":"https:\/\/tophighmachinery.com\/pt-br\/wp-json\/wp\/v2\/product_tag?post=2089"}],"curies":[{"name":"wp","href":"https:\/\/api.w.org\/{rel}","templated":true}]}}