{"id":1914,"date":"2025-11-07T07:03:29","date_gmt":"2025-11-07T07:03:29","guid":{"rendered":"https:\/\/tophighmachinery.com\/?post_type=product&#038;p=1914"},"modified":"2025-11-07T07:03:29","modified_gmt":"2025-11-07T07:03:29","slug":"qt2-25-automatic-clay-brick-machine-hydraulic-press-for-making-blocks-ecological-electric-interlocking-bricks","status":"publish","type":"product","link":"https:\/\/tophighmachinery.com\/pt\/product\/qt2-25-automatic-clay-brick-machine-hydraulic-press-for-making-blocks-ecological-electric-interlocking-bricks\/","title":{"rendered":"M\u00e1quina Autom\u00e1tica de Tijolos de Barro QT2-25 Prensa Hidr\u00e1ulica para Fabrica\u00e7\u00e3o de Blocos Tijolos Ecol\u00f3gicos El\u00e9tricos de Entrela\u00e7amento"},"content":{"rendered":"<div class=\"J_module\">\n<div class=\"detail-decorate-json-renderer-container\">\n<div class=\"magic-1\">\n<div class=\"magic-2\">\n<div class=\"magic-3\">\n<div class=\"magic-4\">\n<div class=\"magic-5\"><b>China manufacturing F&aacute;brica pre&ccedil;o alta qualidade m&aacute;quina de fazer tijolos de argila<\/b><\/div>\n<div>\n<p>Vantagens:<br>Baixa Intensidade de M&atilde;o de Obra: Em compara&ccedil;&atilde;o com o modelo puramente manual QMY2-40, o sistema hidr&aacute;ulico substitui a prensagem manual pesada, tornando a opera&ccedil;&atilde;o muito mais f&aacute;cil.<br>Alta Efici&ecirc;ncia de Produ&ccedil;&atilde;o: Ciclo semi-autom&aacute;tico, ciclo de moldagem curto e est&aacute;vel, maior produ&ccedil;&atilde;o do que modelos manuais.<br>Qualidade Est&aacute;vel do Produto: A press&atilde;o hidr&aacute;ulica constante resulta em tijolos com densidade uniforme e resist&ecirc;ncia consistente.<br>Ampla Gama de Mat&eacute;rias-Primas Aplic&aacute;veis: Pode processar tanto argila quanto diversos res&iacute;duos industriais (como cinzas volantes e rejeitos de carv&atilde;o), o que &eacute; ben&eacute;fico para a prote&ccedil;&atilde;o ambiental e redu&ccedil;&atilde;o de custos.<br>Multiuso: Ao trocar os moldes, pode produzir tijolos maci&ccedil;os, blocos vazados, etc., de diferentes especifica&ccedil;&otilde;es.<\/p>\n<p>Desvantagens:<br>Eletricidade Necess&aacute;ria: Deve estar conectado a uma fonte de energia para funcionar, inadequado para &aacute;reas sem eletricidade.<br>Custo de Investimento Mais Elevado: Mais caro do que o QMY2-40 puramente manual.<br>Manuten&ccedil;&atilde;o Ligeiramente Mais Complexa: Envolve um sistema hidr&aacute;ulico, exigindo aten&ccedil;&atilde;o &agrave; limpeza do &oacute;leo hidr&aacute;ulico e &agrave; preven&ccedil;&atilde;o de vazamentos, tornando a manuten&ccedil;&atilde;o mais exigente do que os modelos puramente mec&acirc;nicos. Sens&iacute;vel ao teor de umidade da mat&eacute;ria-prima: A moldagem por press&atilde;o tem requisitos rigorosos quanto &agrave; faixa de teor de umidade das mat&eacute;rias-primas, exigindo controle preciso.<\/p>\n<\/div>\n<\/div>\n<\/div>\n<\/div>\n<\/div>\n<\/div>\n<\/div>\n<div class=\"J_module\">\n<div class=\"icbu-pc-images magic-6\">\n<div class=\"flex-layout-v\">\n<div class=\"flex-layout-h magic-6\">\n<div class=\"magic-7\"><img decoding=\"async\" src=\"https:\/\/shopcdnpro.grainajz.com\/category\/39161\/3746\/2881c09b3d0f4c08174e9901587a3752\/hydraulic%20clay%20block%20machine%2048.jpg\" alt=\"hydraulic clay block machine 48.jpg\"><\/div>\n<div><img fetchpriority=\"high\" decoding=\"async\" class=\"alignnone wp-image-1917 size-full\" style=\"font-style: inherit; font-weight: inherit;\" src=\"https:\/\/tophighmachinery.com\/wp-content\/uploads\/2025\/11\/2-25-2.jpg\" alt=\"qt2 25 automatic clay brick machine hydraulic press for making blocks ecological electric interlocking bricks\" width=\"1440\" height=\"1080\" srcset=\"https:\/\/tophighmachinery.com\/wp-content\/uploads\/2025\/11\/2-25-2.jpg 1440w, https:\/\/tophighmachinery.com\/wp-content\/uploads\/2025\/11\/2-25-2-300x225.jpg 300w, https:\/\/tophighmachinery.com\/wp-content\/uploads\/2025\/11\/2-25-2-1024x768.jpg 1024w, https:\/\/tophighmachinery.com\/wp-content\/uploads\/2025\/11\/2-25-2-768x576.jpg 768w, https:\/\/tophighmachinery.com\/wp-content\/uploads\/2025\/11\/2-25-2-600x450.jpg 600w\" sizes=\"(max-width: 1440px) 100vw, 1440px\" \/><img decoding=\"async\" class=\"alignnone wp-image-1915 size-full\" src=\"https:\/\/tophighmachinery.com\/wp-content\/uploads\/2025\/11\/2-25.jpg\" alt=\"qt2 25 automatic clay brick machine hydraulic press for making blocks ecological electric interlocking bricks\" width=\"1440\" height=\"1080\" srcset=\"https:\/\/tophighmachinery.com\/wp-content\/uploads\/2025\/11\/2-25.jpg 1440w, https:\/\/tophighmachinery.com\/wp-content\/uploads\/2025\/11\/2-25-300x225.jpg 300w, https:\/\/tophighmachinery.com\/wp-content\/uploads\/2025\/11\/2-25-1024x768.jpg 1024w, https:\/\/tophighmachinery.com\/wp-content\/uploads\/2025\/11\/2-25-768x576.jpg 768w, https:\/\/tophighmachinery.com\/wp-content\/uploads\/2025\/11\/2-25-600x450.jpg 600w\" sizes=\"(max-width: 1440px) 100vw, 1440px\" \/><img decoding=\"async\" class=\"alignnone wp-image-1916 size-full\" style=\"font-style: inherit; font-weight: inherit;\" src=\"https:\/\/tophighmachinery.com\/wp-content\/uploads\/2025\/11\/2-25-1.jpg\" alt=\"qt2 25 automatic clay brick machine hydraulic press for making blocks ecological electric interlocking bricks\" width=\"1440\" height=\"1080\" srcset=\"https:\/\/tophighmachinery.com\/wp-content\/uploads\/2025\/11\/2-25-1.jpg 1440w, https:\/\/tophighmachinery.com\/wp-content\/uploads\/2025\/11\/2-25-1-300x225.jpg 300w, https:\/\/tophighmachinery.com\/wp-content\/uploads\/2025\/11\/2-25-1-1024x768.jpg 1024w, https:\/\/tophighmachinery.com\/wp-content\/uploads\/2025\/11\/2-25-1-768x576.jpg 768w, https:\/\/tophighmachinery.com\/wp-content\/uploads\/2025\/11\/2-25-1-600x450.jpg 600w\" sizes=\"(max-width: 1440px) 100vw, 1440px\" \/> <img loading=\"lazy\" decoding=\"async\" class=\"alignnone wp-image-1918 size-full\" style=\"font-style: inherit; font-weight: inherit;\" src=\"https:\/\/tophighmachinery.com\/wp-content\/uploads\/2025\/11\/hydraulic-clay-block-machine-22-scaled.jpg\" alt=\"qt2 25 automatic clay brick machine hydraulic press for making blocks ecological electric interlocking bricks\" width=\"2560\" height=\"1707\" srcset=\"https:\/\/tophighmachinery.com\/wp-content\/uploads\/2025\/11\/hydraulic-clay-block-machine-22-scaled.jpg 2560w, https:\/\/tophighmachinery.com\/wp-content\/uploads\/2025\/11\/hydraulic-clay-block-machine-22-300x200.jpg 300w, https:\/\/tophighmachinery.com\/wp-content\/uploads\/2025\/11\/hydraulic-clay-block-machine-22-1024x683.jpg 1024w, https:\/\/tophighmachinery.com\/wp-content\/uploads\/2025\/11\/hydraulic-clay-block-machine-22-768x512.jpg 768w, https:\/\/tophighmachinery.com\/wp-content\/uploads\/2025\/11\/hydraulic-clay-block-machine-22-1536x1024.jpg 1536w, https:\/\/tophighmachinery.com\/wp-content\/uploads\/2025\/11\/hydraulic-clay-block-machine-22-2048x1365.jpg 2048w, https:\/\/tophighmachinery.com\/wp-content\/uploads\/2025\/11\/hydraulic-clay-block-machine-22-600x400.jpg 600w\" sizes=\"(max-width: 2560px) 100vw, 2560px\" \/><\/div>\n<\/div>\n<\/div>\n<\/div>\n<\/div>\n<div class=\"J_module\">\n<div class=\"ife-detail-decorate-table\">\n<table class=\"has-title hight-light-first-column all magic-9\">\n<tbody>\n<tr>\n<td colspan=\"1\" rowspan=\"1\">\n<div class=\"magic-10\">Mat&eacute;ria-prima<\/div>\n<\/td>\n<td colspan=\"1\" rowspan=\"1\">\n<div class=\"magic-11\">argila<\/div>\n<\/td>\n<td colspan=\"1\" rowspan=\"4\">\n<div class=\"magic-12\"><\/div>\n<\/td>\n<td colspan=\"1\" rowspan=\"1\">\n<div class=\"magic-13\">Local de Origem<\/div>\n<\/td>\n<td colspan=\"1\" rowspan=\"1\">\n<div class=\"magic-14\">Shandong, China<\/div>\n<\/td>\n<\/tr>\n<tr>\n<td colspan=\"1\" rowspan=\"1\">\n<div class=\"magic-10\">Dimens&atilde;o<\/div>\n<\/td>\n<td colspan=\"1\" rowspan=\"1\">\n<div class=\"magic-11\">800*700*1200mm<\/div>\n<\/td>\n<td colspan=\"1\" rowspan=\"1\">\n<div class=\"magic-13\">trabalhador<\/div>\n<\/td>\n<td colspan=\"1\" rowspan=\"1\">\n<div class=\"magic-14\">1-2 pessoas<\/div>\n<\/td>\n<\/tr>\n<tr>\n<td colspan=\"1\" rowspan=\"1\">\n<div class=\"magic-10\">peso<\/div>\n<\/td>\n<td colspan=\"1\" rowspan=\"1\">\n<div class=\"magic-11\">280kg<\/div>\n<\/td>\n<td colspan=\"1\" rowspan=\"1\">\n<div class=\"magic-13\">Garantia<\/div>\n<\/td>\n<td colspan=\"1\" rowspan=\"1\">\n<div class=\"magic-14\">1 ano<\/div>\n<\/td>\n<\/tr>\n<tr>\n<td colspan=\"1\" rowspan=\"1\">\n<div class=\"magic-10\">Ciclo de moldagem<\/div>\n<\/td>\n<td colspan=\"1\" rowspan=\"1\">\n<div class=\"magic-11\">25-30 anos<\/div>\n<\/td>\n<td colspan=\"1\" rowspan=\"1\">\n<div class=\"magic-13\">Capacidade<\/div>\n<\/td>\n<td colspan=\"1\" rowspan=\"1\">\n<div class=\"magic-14\">2400-2800 pe&ccedil;as por 8 horas<\/div>\n<\/td>\n<\/tr>\n<\/tbody>\n<\/table>\n<\/div>\n<\/div>\n<div class=\"J_module\">\n<div data-section=\"AliMagic-vak55f\" data-section-title=\"Bricks design\">\n<div class=\"ast-oembed-container \" style=\"height: 100%;\"><iframe title=\"2 25 clay automatic  block brick making machine\" width=\"422\" height=\"750\" src=\"https:\/\/www.youtube.com\/embed\/e8ZtmXJ6CCM?feature=oembed\" frameborder=\"0\" allow=\"accelerometer; autoplay; clipboard-write; encrypted-media; gyroscope; picture-in-picture; web-share\" referrerpolicy=\"strict-origin-when-cross-origin\" allowfullscreen><\/iframe><\/div>\n<\/div>\n<div id=\"ali-anchor-AliMagic-vak55f\" class=\"magic-0\" data-section=\"AliMagic-vak55f\" data-section-title=\"Bricks design\">Design de tijolos<\/div>\n<\/div>\n<div class=\"J_module\">\n<div class=\"detail-decorate-json-renderer-container\">\n<div class=\"magic-1\">\n<div class=\"magic-2\">\n<div class=\"magic-3\">\n<div class=\"magic-4\">A m&aacute;quina multifuncional de fabrica&ccedil;&atilde;o de blocos QT2-25 pode produzir diferentes blocos vazados, blocos maci&ccedil;os e blocos de pavimenta&ccedil;&atilde;o atrav&eacute;s da troca de moldes.<\/div>\n<\/div>\n<\/div>\n<\/div>\n<\/div>\n<\/div>\n<div class=\"J_module\">\n<div class=\"icbu-pc-images magic-6\">\n<div>\n<div class=\"flex-layout-v\">\n<div class=\"flex-layout-h magic-6\">\n<div class=\"magic-17\"><img decoding=\"async\" class=\"magic-18\" src=\"https:\/\/sc02.alicdn.com\/kf\/H4b5aa38573964d8983e9aa57fa4e68fds\/224628538\/H4b5aa38573964d8983e9aa57fa4e68fds.jpg\" alt=\"Eco Brava Electric Interlock Automatic Clay Brick Machine Hydraulic Press for Making Blocks Ecological Electric Interlocking factory\"><\/div>\n<\/div>\n<\/div>\n<\/div>\n<\/div>\n<\/div>\n<div class=\"J_module\">\n<div class=\"icbu-pc-images magic-6\">\n<div class=\"flex-layout-v\">\n<div class=\"flex-layout-h magic-6\">\n<div class=\"magic-19\"><\/div>\n<div class=\"magic-21\"><\/div>\n<div class=\"magic-21\"><img decoding=\"async\" class=\"magic-23\" src=\"https:\/\/sc01.alicdn.com\/kf\/H12908af488344853bd3c749b46ea59d7g\/224628538\/H12908af488344853bd3c749b46ea59d7g.jpg\" alt=\"Eco Brava Electric Interlock Automatic Clay Brick Machine Hydraulic Press for Making Blocks Ecological Electric Interlocking supplier\" data-id=\"child-image-2\"><\/div>\n<\/div>\n<\/div>\n<\/div>\n<\/div>\n<div class=\"J_module\">\n<div class=\"detail-decorate-json-renderer-container\">\n<div class=\"magic-1\">\n<div class=\"magic-2\">\n<div class=\"magic-3\">\n<div class=\"magic-4\">Vantagens da M&aacute;quina de Blocos de Concreto QT-25<div>Investimento muito baixo, pode economizar custos rapidamente, &eacute; a escolha ideal para f&aacute;bricas de pequeno e m&eacute;dio porte.<br>Os moldes s&atilde;o intercambi&aacute;veis de acordo com os requisitos do cliente.<\/div>\n<div>3. N&atilde;o usar fogo para assar blocos e n&atilde;o construir fornos para economizar fontes de energia e campos.<br>4. Sem chamin&eacute; para proteger o meio ambiente e evitar polui&ccedil;&atilde;o.<br>5. O processo de produ&ccedil;&atilde;o &eacute; simples, eles podem ser feitos em qualquer lugar.<br>6. Baixo investimento e obten&ccedil;&atilde;o de resultados muito mais r&aacute;pidos, os clientes podem lucrar em meio ano ap&oacute;s o investimento.<br>O bloco pode ser produzido durante todo o ano.<\/div>\n<\/div>\n<\/div>\n<\/div>\n<\/div>\n<\/div>\n<\/div>\n<div class=\"J_module\">\n<div class=\"icbu-pc-images magic-6\">\n<div class=\"flex-layout-v\">\n<div class=\"flex-layout-h magic-6\">\n<div class=\"magic-27\"><img loading=\"lazy\" decoding=\"async\" class=\"\" src=\"https:\/\/shopcdnpro.grainajz.com\/category\/39161\/3746\/98a85ec5cd6e69444ae22d2a24f66870\/4%E7%AE%80%E4%BB%8B.jpg\" alt=\"4&#31616;&#20171;.jpg\" width=\"1342\" height=\"1918\"><\/div>\n<\/div>\n<\/div>\n<\/div>\n<\/div>\n<div class=\"J_module\">\n<div class=\"icbu-pc-images magic-6\">\n<div>\n<div class=\"flex-layout-v\">\n<div class=\"flex-layout-h magic-6\">\n<div class=\"magic-29\"><img loading=\"lazy\" decoding=\"async\" class=\"magic-30\" src=\"https:\/\/sc01.alicdn.com\/kf\/Hcd4ef8bddcee4d13929e32da5e402dfb6\/224628538\/Hcd4ef8bddcee4d13929e32da5e402dfb6.jpg\" alt=\"Eco Brava Electric Interlock Automatic Clay Brick Machine Hydraulic Press for Making Blocks Ecological Electric Interlocking factory\" width=\"1373\" height=\"2068\"><\/div>\n<\/div>\n<\/div>\n<\/div>\n<\/div>\n<\/div>\n<","protected":false},"excerpt":{"rendered":"<p>The QT2-25 is a small, semi-automatic, hydraulically driven brick-making machine. Its core feature is the use of a powerful and stable hydraulic system to replace manual pressing, significantly reducing operator workload and improving production efficiency and quality stability.<\/p>\n<p>Core Features:<br \/>\nHydraulic Transmission:<br \/>\nThis is the most fundamental difference between it and the QMY2-40. An electric motor drives a hydraulic pump to generate high-pressure oil, which in turn drives the cylinders to perform work, providing stable and high pressure for brick forming.<\/p>\n<p>The number &#8220;25&#8221; typically represents its nominal pressure of 250kN (approximately 25 tons of force).<\/p>\n<p>Semi-Automatic Operation: The operator only needs to manually load and remove the bricks; the main compaction and demolding actions are automatically completed by the hydraulic system (via control of the directional valve handle).<\/p>\n<p>Compared to the purely manual QMY2-40, this significantly reduces labor intensity and increases production efficiency.<\/p>\n<p>Pressure Forming, Wide Applicability: Relying on powerful hydraulic pressure, it can compress various fine-particle, plastic raw materials into high-density bricks.<\/p>\n<p>Main raw materials include: clay, shale, coal gangue, fly ash, slag, etc. It can also handle cement concrete materials, but the surface finish of the finished product may not be as smooth as the vibration-molded QT40-3C.<\/p>\n<p>Compact structure, fixed installation: Although equipped with a motor, the overall structure is relatively compact. It usually needs to be fixed on a solid foundation to ensure stability during operation.<\/p>\n","protected":false},"featured_media":1615,"template":"","meta":{"_uag_custom_page_level_css":"","site-sidebar-layout":"default","site-content-layout":"","ast-site-content-layout":"default","site-content-style":"default","site-sidebar-style":"default","ast-global-header-display":"","ast-banner-title-visibility":"","ast-main-header-display":"","ast-hfb-above-header-display":"","ast-hfb-below-header-display":"","ast-hfb-mobile-header-display":"","site-post-title":"","ast-breadcrumbs-content":"","ast-featured-img":"","footer-sml-layout":"","ast-disable-related-posts":"","theme-transparent-header-meta":"default","adv-header-id-meta":"","stick-header-meta":"","header-above-stick-meta":"","header-main-stick-meta":"","header-below-stick-meta":"","astra-migrate-meta-layouts":"set","ast-page-background-enabled":"default","ast-page-background-meta":{"desktop":{"background-color":"","background-image":"","background-repeat":"repeat","background-position":"center center","background-size":"auto","background-attachment":"scroll","background-type":"","background-media":"","overlay-type":"","overlay-color":"","overlay-opacity":"","overlay-gradient":""},"tablet":{"background-color":"","background-image":"","background-repeat":"repeat","background-position":"center center","background-size":"auto","background-attachment":"scroll","background-type":"","background-media":"","overlay-type":"","overlay-color":"","overlay-opacity":"","overlay-gradient":""},"mobile":{"background-color":"","background-image":"","background-repeat":"repeat","background-position":"center center","background-size":"auto","background-attachment":"scroll","background-type":"","background-media":"","overlay-type":"","overlay-color":"","overlay-opacity":"","overlay-gradient":""}},"ast-content-background-meta":{"desktop":{"background-color":"var(--ast-global-color-5)","background-image":"","background-repeat":"repeat","background-position":"center center","background-size":"auto","background-attachment":"scroll","background-type":"","background-media":"","overlay-type":"","overlay-color":"","overlay-opacity":"","overlay-gradient":""},"tablet":{"background-color":"var(--ast-global-color-5)","background-image":"","background-repeat":"repeat","background-position":"center center","background-size":"auto","background-attachment":"scroll","background-type":"","background-media":"","overlay-type":"","overlay-color":"","overlay-opacity":"","overlay-gradient":""},"mobile":{"background-color":"var(--ast-global-color-5)","background-image":"","background-repeat":"repeat","background-position":"center center","background-size":"auto","background-attachment":"scroll","background-type":"","background-media":"","overlay-type":"","overlay-color":"","overlay-opacity":"","overlay-gradient":""}}},"product_brand":[],"product_cat":[26],"product_tag":[],"class_list":{"0":"post-1914","1":"product","2":"type-product","3":"status-publish","4":"has-post-thumbnail","6":"product_cat-clay-block-making-machine","7":"desktop-align-left","8":"tablet-align-left","9":"mobile-align-left","11":"first","12":"instock","13":"sale","14":"shipping-taxable","15":"purchasable","16":"product-type-simple"},"uagb_featured_image_src":{"full":["https:\/\/tophighmachinery.com\/wp-content\/uploads\/2025\/11\/semi-small-block18.jpg",646,646,false],"thumbnail":["https:\/\/tophighmachinery.com\/wp-content\/uploads\/2025\/11\/semi-small-block18-150x150.jpg",150,150,true],"medium":["https:\/\/tophighmachinery.com\/wp-content\/uploads\/2025\/11\/semi-small-block18-300x300.jpg",300,300,true],"medium_large":["https:\/\/tophighmachinery.com\/wp-content\/uploads\/2025\/11\/semi-small-block18.jpg",646,646,false],"large":["https:\/\/tophighmachinery.com\/wp-content\/uploads\/2025\/11\/semi-small-block18.jpg",646,646,false],"1536x1536":["https:\/\/tophighmachinery.com\/wp-content\/uploads\/2025\/11\/semi-small-block18.jpg",646,646,false],"2048x2048":["https:\/\/tophighmachinery.com\/wp-content\/uploads\/2025\/11\/semi-small-block18.jpg",646,646,false],"woocommerce_thumbnail":["https:\/\/tophighmachinery.com\/wp-content\/uploads\/2025\/11\/semi-small-block18-300x300.jpg",300,300,true],"woocommerce_single":["https:\/\/tophighmachinery.com\/wp-content\/uploads\/2025\/11\/semi-small-block18-600x600.jpg",600,600,true],"woocommerce_gallery_thumbnail":["https:\/\/tophighmachinery.com\/wp-content\/uploads\/2025\/11\/semi-small-block18-100x100.jpg",100,100,true]},"uagb_author_info":{"display_name":"admin@yingchengchina.com","author_link":"https:\/\/tophighmachinery.com\/pt\/author\/"},"uagb_comment_info":0,"uagb_excerpt":"The QT2-25 is a small, semi-automatic, hydraulically driven brick-making machine. Its core feature is the use of a powerful and stable hydraulic system to replace manual pressing, significantly reducing operator workload and improving production efficiency and quality stability. Core Features: Hydraulic Transmission: This is the most fundamental difference between it and the QMY2-40. An electric&hellip;","_links":{"self":[{"href":"https:\/\/tophighmachinery.com\/pt\/wp-json\/wp\/v2\/product\/1914","targetHints":{"allow":["GET"]}}],"collection":[{"href":"https:\/\/tophighmachinery.com\/pt\/wp-json\/wp\/v2\/product"}],"about":[{"href":"https:\/\/tophighmachinery.com\/pt\/wp-json\/wp\/v2\/types\/product"}],"wp:featuredmedia":[{"embeddable":true,"href":"https:\/\/tophighmachinery.com\/pt\/wp-json\/wp\/v2\/media\/1615"}],"wp:attachment":[{"href":"https:\/\/tophighmachinery.com\/pt\/wp-json\/wp\/v2\/media?parent=1914"}],"wp:term":[{"taxonomy":"product_brand","embeddable":true,"href":"https:\/\/tophighmachinery.com\/pt\/wp-json\/wp\/v2\/product_brand?post=1914"},{"taxonomy":"product_cat","embeddable":true,"href":"https:\/\/tophighmachinery.com\/pt\/wp-json\/wp\/v2\/product_cat?post=1914"},{"taxonomy":"product_tag","embeddable":true,"href":"https:\/\/tophighmachinery.com\/pt\/wp-json\/wp\/v2\/product_tag?post=1914"}],"curies":[{"name":"wp","href":"https:\/\/api.w.org\/{rel}","templated":true}]}}