{"id":1925,"date":"2025-11-07T08:44:41","date_gmt":"2025-11-07T08:44:41","guid":{"rendered":"https:\/\/tophighmachinery.com\/?post_type=product&#038;p=1925"},"modified":"2025-11-07T08:44:41","modified_gmt":"2025-11-07T08:44:41","slug":"qt2-10-automatic-lego-clay-brick-making-machine-earth-block-maker-machinery","status":"publish","type":"product","link":"https:\/\/tophighmachinery.com\/tk\/product\/qt2-10-automatic-lego-clay-brick-making-machine-earth-block-maker-machinery\/","title":{"rendered":"Awtomatik Lego Gili Kiremit \u00ddasama Ma\u015fyny Toprak Blok \u00ddasama Enjamlary"},"content":{"rendered":"<div class=\"J_module\">\n<div data-section=\"AliMagic-xvs2xp\" data-section-title=\"Specification\" data-spm-anchor-id=\"a2700.details-description.0.i0.4044EbzFEbzFbC\">QT2-10 ki&ccedil;ijik, &yacute;ary-awtomatik, gidrawliki hereketlendiril&yacute;&auml;n kerpi&ccedil; &yacute;asama ma&#351;ynydyr.<br>Esasy Gidrawlik Ulgamy:<br>Bu, &yacute;arym-awtomatiki i&#351;lemek &uuml;pj&uuml;n&ccedil;iligini &uuml;pj&uuml;n ed&yacute;&auml;n doly gidrawliki ulgamy (motor, &yacute;ag nasosy, silindr, klapan bloky) &ouml;z i&ccedil;ine al&yacute;ar. Onu&#328; esasy &uuml;st&uuml;nligi, z&auml;hmet talap ed&yacute;&auml;n el bilen basmak i&#351;ini &ccedil;al&#351;yrmakdyr.<br>Arzan baha:<br>Bu onu&#328; esasy bazarda b&auml;sde&#351;lik ukybydyr. Gidrawliki kerpi&ccedil; ma&#351;ynyny synap g&ouml;rmek isle&yacute;&auml;n, &yacute;&ouml;ne mali&yacute;e &ccedil;&auml;klemeleri bolan ulanyjylar &uuml;&ccedil;in, QT2-10 \"giri&#351; derejeli tejribe\" m&uuml;mkin&ccedil;iligini h&ouml;d&uuml;rle&yacute;&auml;r.<br>Degi&#351;li &ccedil;ig materiallar &ccedil;&auml;klendirilir.<br>Onu&#328; nisbeten pes basy&#351;y seb&auml;pli, &ccedil;ig materiallara &yacute;okary talap go&yacute;&yacute;ar. O&#328;a i&#328; gowy &yacute;um&#351;ak plastik we in&ccedil;e d&auml;ne&ccedil;ikli gillik &yacute;erle&#351;diril&yacute;&auml;r. &Yacute;okary basy&#351; talap ed&yacute;&auml;n gaty agrega (&yacute;ogyn &ccedil;igir &yacute;a-da &ccedil;igir da&#351; &yacute;aly) &yacute;a-da senagat galyndylary (&yacute;angy&#328; k&uuml;l&uuml; &yacute;aly) &yacute;okary nukda&yacute;nazary bolan sement betony &uuml;&ccedil;in, netijelilik pesel&yacute;&auml;r &yacute;a-da hatda &#351;ekillendirme netijesiz bolup biler.<\/div>\n<div data-section=\"AliMagic-xvs2xp\" data-section-title=\"Specification\" data-spm-anchor-id=\"a2700.details-description.0.i0.4044EbzFEbzFbC\"><img fetchpriority=\"high\" decoding=\"async\" class=\"alignnone wp-image-1930 size-full\" style=\"font-style: inherit; font-weight: inherit;\" src=\"https:\/\/tophighmachinery.com\/wp-content\/uploads\/2025\/11\/qt2-10-clay-block-machine50-scaled.jpg\" alt=\"qt2 10 automatic lego clay brick making machine earth block maker machinery\" width=\"2560\" height=\"2560\" srcset=\"https:\/\/tophighmachinery.com\/wp-content\/uploads\/2025\/11\/qt2-10-clay-block-machine50-scaled.jpg 2560w, https:\/\/tophighmachinery.com\/wp-content\/uploads\/2025\/11\/qt2-10-clay-block-machine50-300x300.jpg 300w, https:\/\/tophighmachinery.com\/wp-content\/uploads\/2025\/11\/qt2-10-clay-block-machine50-1024x1024.jpg 1024w, https:\/\/tophighmachinery.com\/wp-content\/uploads\/2025\/11\/qt2-10-clay-block-machine50-150x150.jpg 150w, https:\/\/tophighmachinery.com\/wp-content\/uploads\/2025\/11\/qt2-10-clay-block-machine50-768x768.jpg 768w, https:\/\/tophighmachinery.com\/wp-content\/uploads\/2025\/11\/qt2-10-clay-block-machine50-1536x1536.jpg 1536w, https:\/\/tophighmachinery.com\/wp-content\/uploads\/2025\/11\/qt2-10-clay-block-machine50-2048x2048.jpg 2048w, https:\/\/tophighmachinery.com\/wp-content\/uploads\/2025\/11\/qt2-10-clay-block-machine50-600x600.jpg 600w, https:\/\/tophighmachinery.com\/wp-content\/uploads\/2025\/11\/qt2-10-clay-block-machine50-100x100.jpg 100w\" sizes=\"(max-width: 2560px) 100vw, 2560px\" \/><img decoding=\"async\" class=\"alignnone wp-image-1927 size-full\" style=\"font-style: inherit; font-weight: inherit;\" src=\"https:\/\/tophighmachinery.com\/wp-content\/uploads\/2025\/11\/qt2-10-clay-block-machine45-scaled.jpg\" alt=\"qt2 10 automatic lego clay brick making machine earth block maker machinery\" width=\"2560\" height=\"2560\" srcset=\"https:\/\/tophighmachinery.com\/wp-content\/uploads\/2025\/11\/qt2-10-clay-block-machine45-scaled.jpg 2560w, https:\/\/tophighmachinery.com\/wp-content\/uploads\/2025\/11\/qt2-10-clay-block-machine45-300x300.jpg 300w, https:\/\/tophighmachinery.com\/wp-content\/uploads\/2025\/11\/qt2-10-clay-block-machine45-1024x1024.jpg 1024w, https:\/\/tophighmachinery.com\/wp-content\/uploads\/2025\/11\/qt2-10-clay-block-machine45-150x150.jpg 150w, https:\/\/tophighmachinery.com\/wp-content\/uploads\/2025\/11\/qt2-10-clay-block-machine45-768x768.jpg 768w, https:\/\/tophighmachinery.com\/wp-content\/uploads\/2025\/11\/qt2-10-clay-block-machine45-1536x1536.jpg 1536w, https:\/\/tophighmachinery.com\/wp-content\/uploads\/2025\/11\/qt2-10-clay-block-machine45-2048x2048.jpg 2048w, https:\/\/tophighmachinery.com\/wp-content\/uploads\/2025\/11\/qt2-10-clay-block-machine45-600x600.jpg 600w, https:\/\/tophighmachinery.com\/wp-content\/uploads\/2025\/11\/qt2-10-clay-block-machine45-100x100.jpg 100w\" sizes=\"(max-width: 2560px) 100vw, 2560px\" \/><img decoding=\"async\" class=\"alignnone wp-image-1926 size-full\" style=\"font-style: inherit; font-weight: inherit;\" src=\"https:\/\/tophighmachinery.com\/wp-content\/uploads\/2025\/11\/qt2-10-clay-block-machine44-scaled.jpg\" alt=\"qt2 10 automatic lego clay brick making machine earth block maker machinery\" width=\"2560\" height=\"2560\" srcset=\"https:\/\/tophighmachinery.com\/wp-content\/uploads\/2025\/11\/qt2-10-clay-block-machine44-scaled.jpg 2560w, https:\/\/tophighmachinery.com\/wp-content\/uploads\/2025\/11\/qt2-10-clay-block-machine44-300x300.jpg 300w, https:\/\/tophighmachinery.com\/wp-content\/uploads\/2025\/11\/qt2-10-clay-block-machine44-1024x1024.jpg 1024w, https:\/\/tophighmachinery.com\/wp-content\/uploads\/2025\/11\/qt2-10-clay-block-machine44-150x150.jpg 150w, https:\/\/tophighmachinery.com\/wp-content\/uploads\/2025\/11\/qt2-10-clay-block-machine44-768x768.jpg 768w, https:\/\/tophighmachinery.com\/wp-content\/uploads\/2025\/11\/qt2-10-clay-block-machine44-1536x1536.jpg 1536w, https:\/\/tophighmachinery.com\/wp-content\/uploads\/2025\/11\/qt2-10-clay-block-machine44-2048x2048.jpg 2048w, https:\/\/tophighmachinery.com\/wp-content\/uploads\/2025\/11\/qt2-10-clay-block-machine44-600x600.jpg 600w, https:\/\/tophighmachinery.com\/wp-content\/uploads\/2025\/11\/qt2-10-clay-block-machine44-100x100.jpg 100w\" sizes=\"(max-width: 2560px) 100vw, 2560px\" \/> <span style=\"font-size: 16px;\">&nbsp;<\/span><img loading=\"lazy\" decoding=\"async\" class=\"alignnone wp-image-1928 size-full\" style=\"font-style: inherit; font-weight: inherit;\" src=\"https:\/\/tophighmachinery.com\/wp-content\/uploads\/2025\/11\/qt2-10-clay-block-machine47-scaled.jpg\" alt=\"qt2 10 automatic lego clay brick making machine earth block maker machinery\" width=\"2560\" height=\"2560\" srcset=\"https:\/\/tophighmachinery.com\/wp-content\/uploads\/2025\/11\/qt2-10-clay-block-machine47-scaled.jpg 2560w, https:\/\/tophighmachinery.com\/wp-content\/uploads\/2025\/11\/qt2-10-clay-block-machine47-300x300.jpg 300w, https:\/\/tophighmachinery.com\/wp-content\/uploads\/2025\/11\/qt2-10-clay-block-machine47-1024x1024.jpg 1024w, https:\/\/tophighmachinery.com\/wp-content\/uploads\/2025\/11\/qt2-10-clay-block-machine47-150x150.jpg 150w, https:\/\/tophighmachinery.com\/wp-content\/uploads\/2025\/11\/qt2-10-clay-block-machine47-768x768.jpg 768w, https:\/\/tophighmachinery.com\/wp-content\/uploads\/2025\/11\/qt2-10-clay-block-machine47-1536x1536.jpg 1536w, https:\/\/tophighmachinery.com\/wp-content\/uploads\/2025\/11\/qt2-10-clay-block-machine47-2048x2048.jpg 2048w, https:\/\/tophighmachinery.com\/wp-content\/uploads\/2025\/11\/qt2-10-clay-block-machine47-600x600.jpg 600w, https:\/\/tophighmachinery.com\/wp-content\/uploads\/2025\/11\/qt2-10-clay-block-machine47-100x100.jpg 100w\" sizes=\"(max-width: 2560px) 100vw, 2560px\" \/> <img loading=\"lazy\" decoding=\"async\" class=\"alignnone wp-image-1929 size-full\" style=\"font-style: inherit; font-weight: inherit;\" src=\"https:\/\/tophighmachinery.com\/wp-content\/uploads\/2025\/11\/qt2-10-clay-block-machine48.jpg\" alt=\"qt2 10 automatic lego clay brick making machine earth block maker machinery\" width=\"2448\" height=\"2448\" srcset=\"https:\/\/tophighmachinery.com\/wp-content\/uploads\/2025\/11\/qt2-10-clay-block-machine48.jpg 2448w, https:\/\/tophighmachinery.com\/wp-content\/uploads\/2025\/11\/qt2-10-clay-block-machine48-300x300.jpg 300w, https:\/\/tophighmachinery.com\/wp-content\/uploads\/2025\/11\/qt2-10-clay-block-machine48-1024x1024.jpg 1024w, https:\/\/tophighmachinery.com\/wp-content\/uploads\/2025\/11\/qt2-10-clay-block-machine48-150x150.jpg 150w, https:\/\/tophighmachinery.com\/wp-content\/uploads\/2025\/11\/qt2-10-clay-block-machine48-768x768.jpg 768w, https:\/\/tophighmachinery.com\/wp-content\/uploads\/2025\/11\/qt2-10-clay-block-machine48-1536x1536.jpg 1536w, https:\/\/tophighmachinery.com\/wp-content\/uploads\/2025\/11\/qt2-10-clay-block-machine48-2048x2048.jpg 2048w, https:\/\/tophighmachinery.com\/wp-content\/uploads\/2025\/11\/qt2-10-clay-block-machine48-600x600.jpg 600w, https:\/\/tophighmachinery.com\/wp-content\/uploads\/2025\/11\/qt2-10-clay-block-machine48-100x100.jpg 100w\" sizes=\"(max-width: 2448px) 100vw, 2448px\" \/>D&uuml;zg&uuml;ni<\/div>\n<\/div>\n<div class=\"J_module\">\n<div class=\"ife-detail-decorate-table\">\n<table class=\"has-title all magic-6\">\n<tbody>\n<tr>\n<td colspan=\"1\" rowspan=\"1\">\n<div class=\"magic-7\">element<\/div>\n<\/td>\n<td colspan=\"1\" rowspan=\"1\">\n<div class=\"magic-8\">Ki&ccedil;ijik awtomatik gidrawlik pal&ccedil;yk blok &yacute;asama ma&#351;yny<\/div>\n<\/td>\n<\/tr>\n<tr>\n<td colspan=\"1\" rowspan=\"1\">\n<div class=\"magic-7\">&Yacute;az<\/div>\n<\/td>\n<td colspan=\"1\" rowspan=\"1\">\n<div class=\"magic-8\">&#1048;&#1085;&#1090;&#1077;&#1088;&#1083;&#1086;&#1082; &#1041;&#1083;&#1086;&#1082; &#1071;&#1089;&#1072;&yacute; &#1052;&#1072;&#1096;&#1080;&#1085;&#1072;&#1089;&#1099;, &#1050;&#1086;&#1074; &#1041;&#1083;&#1086;&#1082; &#1071;&#1089;&#1072;&yacute; &#1052;&#1072;&#1096;&#1080;&#1085;&#1072;&#1089;&#1099;<\/div>\n<\/td>\n<\/tr>\n<tr>\n<td colspan=\"1\" rowspan=\"1\">\n<div class=\"magic-7\">&#1050;&#1080;&#1088;&#1087;&#1080;&#1095; &#1061;&#1072;&#1084; &#1052;&#1072;&#1090;&#1077;&#1088;&#1080;&#1072;&#1083;&#1099;<\/div>\n<\/td>\n<td colspan=\"1\" rowspan=\"1\">\n<div class=\"magic-8\">&#1051;&#1072;&#1081;<\/div>\n<\/td>\n<\/tr>\n<tr>\n<td colspan=\"1\" rowspan=\"1\">\n<div class=\"magic-7\">Ga&yacute;tadan i&#351;leme<\/div>\n<\/td>\n<td colspan=\"1\" rowspan=\"1\">\n<div class=\"magic-8\">Kiremit &Ouml;nd&uuml;rijilik Haty<\/div>\n<\/td>\n<\/tr>\n<tr>\n<td colspan=\"1\" rowspan=\"1\">\n<div class=\"magic-7\">&#1050;&#1080;&#1088;&#1087;&#1080;&#1095; &#1257;&#1083;&#1095;&#1077;&#1084;&#1080;<\/div>\n<\/td>\n<td colspan=\"1\" rowspan=\"1\">\n<div class=\"magic-8\">300*150*100 mm, 150*150*100 mm<\/div>\n<\/td>\n<\/tr>\n<tr>\n<td colspan=\"1\" rowspan=\"1\">\n<div class=\"magic-7\">&Ccedil;yk&yacute;an &yacute;eri<\/div>\n<\/td>\n<td colspan=\"1\" rowspan=\"1\">\n<div class=\"magic-8\">Hyta&yacute;<\/div>\n<\/td>\n<\/tr>\n<tr>\n<td colspan=\"1\" rowspan=\"1\">\n<div class=\"magic-7\">Wela&yacute;at<\/div>\n<\/td>\n<td colspan=\"1\" rowspan=\"1\">\n<div class=\"magic-8\">&#1064;&#1072;&#1085;&#1100;&#1076;&#1091;&#1085;<\/div>\n<\/td>\n<\/tr>\n<tr>\n<td colspan=\"1\" rowspan=\"1\">\n<div class=\"magic-7\">&#1050;&#1077;&#1087;&#1080;&#1083;&#1083;&#1080;&#1082;<\/div>\n<\/td>\n<td colspan=\"1\" rowspan=\"1\">\n<div class=\"magic-8\">1 &Yacute;yl<\/div>\n<\/td>\n<\/tr>\n<tr>\n<td colspan=\"1\" rowspan=\"1\">\n<div class=\"magic-7\">Esasy Satu&#351; Nokatlary<\/div>\n<\/td>\n<td colspan=\"1\" rowspan=\"1\">\n<div class=\"magic-8\">Uzak Hyzmat &Ouml;mri<\/div>\n<\/td>\n<\/tr>\n<tr>\n<td colspan=\"1\" rowspan=\"1\">\n<div class=\"magic-7\">Esasy B&ouml;l&uuml;mler<\/div>\n<\/td>\n<td colspan=\"1\" rowspan=\"1\">\n<div class=\"magic-8\">&#1043;&#1080;&#1088;&#1085;&#1080;&#1096;, &#1084;&#1086;&#1090;&#1086;&#1088;, &#1041;&#1072;&#1089;&#1099;&#1084;&#1083;&#1099; &#1080;&#1076;&#1080;&#1096;, &#1044;&#1074;&#1080;&#1075;&#1072;&#1090;&#1077;&#1083;&#1100;<\/div>\n<\/td>\n<\/tr>\n<tr>\n<td colspan=\"1\" rowspan=\"1\">\n<div class=\"magic-7\">Agramy (KG)<\/div>\n<\/td>\n<td colspan=\"1\" rowspan=\"1\">\n<div class=\"magic-8\">1200 kilogram<\/div>\n<\/td>\n<\/tr>\n<tr>\n<td colspan=\"1\" rowspan=\"1\">\n<div class=\"magic-7\">K&uuml;&yacute;ze&#328;lik<\/div>\n<\/td>\n<td colspan=\"1\" rowspan=\"1\">\n<div class=\"magic-8\">380 &#1042;&#1086;&#1083;&#1100;&#1090;<\/div>\n<\/td>\n<\/tr>\n<tr>\n<td colspan=\"1\" rowspan=\"1\">\n<div class=\"magic-7\">Usul<\/div>\n<\/td>\n<td colspan=\"1\" rowspan=\"1\">\n<div class=\"magic-8\">Gidrawlik basy&#351;<\/div>\n<\/td>\n<\/tr>\n<tr>\n<td colspan=\"1\" rowspan=\"1\">\n<div class=\"magic-7\">Awtomatik<\/div>\n<\/td>\n<td colspan=\"1\" rowspan=\"1\">\n<div class=\"magic-8\">Hawa<\/div>\n<\/td>\n<\/tr>\n<tr>\n<td colspan=\"1\" rowspan=\"1\">\n<div class=\"magic-7\">Brend Atly<\/div>\n<\/td>\n<td colspan=\"1\" rowspan=\"1\">\n<div class=\"magic-8\">&#1601;&#1608;&#1583;&#1575;<\/div>\n<\/td>\n<\/tr>\n<tr>\n<td colspan=\"1\" rowspan=\"1\">\n<div class=\"magic-7\">&Ouml;l&ccedil;egi (Uzynlyk*Ini*Be&yacute;iklik)<\/div>\n<\/td>\n<td colspan=\"1\" rowspan=\"1\">\n<div class=\"magic-8\">2 metr * 1 metr * 2 metr<\/div>\n<\/td>\n<\/tr>\n<tr>\n<td colspan=\"1\" rowspan=\"1\">\n<div class=\"magic-7\">Ma&#351;yn synag hasabaty<\/div>\n<\/td>\n<td colspan=\"1\" rowspan=\"1\">\n<div class=\"magic-8\">Berildi<\/div>\n<\/td>\n<\/tr>\n<tr>\n<td colspan=\"1\" rowspan=\"1\">\n<div class=\"magic-7\">Wideo &ccedil;yky&#351;-ygty&yacute;arlyk barlag<\/div>\n<\/td>\n<td colspan=\"1\" rowspan=\"1\">\n<div class=\"magic-8\" data-spm-anchor-id=\"a2700.details-description.0.i1.4044EbzFEbzFbC\">Berildi<\/div>\n<\/td>\n<\/tr>\n<\/tbody>\n<\/table>\n<div class=\"J_module\">\n<div class=\"detail-decorate-json-renderer-container\">\n<div class=\"magic-16\">\n<div class=\"magic-17\">\n<div class=\"magic-18\">\n<div class=\"magic-19\">\n<div class=\"magic-28\"><span class=\"magic-29\"><b class=\"magic-30\">HEMME ESASY B&Ouml;LEKLER&#304; &Yacute;YLLYKLA &Yacute;AGDA&Yacute;YDA SAZLANDY<\/b><\/span><\/div>\n<div class=\"magic-28\"><span class=\"magic-29\"><b class=\"magic-30\">K&Ouml;P GATY WE DURAWLY!<\/b><\/span><\/div>\n<\/div>\n<\/div>\n<\/div>\n<\/div>\n<\/div>\n<\/div>\n<div class=\"J_module\">\n<div class=\"icbu-pc-images magic-1\">\n<div class=\"flex-layout-v\">\n<div class=\"flex-layout-h magic-1\">\n<div class=\"magic-31\"><img loading=\"lazy\" decoding=\"async\" class=\"\" src=\"https:\/\/shopcdnpro.grainajz.com\/category\/39161\/3746\/98a85ec5cd6e69444ae22d2a24f66870\/4%E7%AE%80%E4%BB%8B.jpg\" alt=\"4&#31616;&#20171;.jpg\" width=\"1198\" height=\"1712\"><img loading=\"lazy\" decoding=\"async\" class=\"\" src=\"https:\/\/shopcdnpro.grainajz.com\/category\/39161\/3746\/351fa975ef08717c12fbb2e2c72ad274\/comparison.jpg\" alt=\"comparison.jpg\" width=\"1164\" height=\"2195\"><\/div>\n<\/div>\n<\/div>\n<\/div>\n<\/div>\n<div class=\"J_module\">\n<div class=\"detail-decorate-json-renderer-container\">\n<div class=\"magic-16\">\n<div class=\"magic-17\">\n<div class=\"magic-18\">\n<div class=\"magic-19\">\n<div class=\"magic-28\"><b class=\"magic-33\"><span class=\"magic-20\">SIEMENS Programmable Logic Controller<\/span><\/b><\/div>\n<\/div>\n<\/div>\n<\/div>\n<\/div>\n<\/div>\n<\/div>\n<div class=\"J_module\">\n<div class=\"icbu-pc-images magic-1\">\n<div>\n<div class=\"flex-layout-v\">\n<div class=\"flex-layout-h magic-1\">\n<div class=\"magic-34\"><img decoding=\"async\" class=\"magic-35\" src=\"https:\/\/sc04.alicdn.com\/kf\/Hae4c079d93954393a737fc55424d8333l\/224628538\/Hae4c079d93954393a737fc55424d8333l.png\" alt=\"Qmy10-15 Mobile Egg Laying Brick Machinery Interlocking Concrete Moving Automatic Block Car Making Machine manufacture\" data-id=\"child-image-0\"><\/div>\n<div class=\"magic-36\"><img decoding=\"async\" class=\"magic-37\" src=\"https:\/\/sc04.alicdn.com\/kf\/Hb379e0a974804e4687e48c5647036cddi\/224628538\/Hb379e0a974804e4687e48c5647036cddi.png\" alt=\"Qmy10-15 Mobile Egg Laying Brick Machinery Interlocking Concrete Moving Automatic Block Car Making Machine factory\" data-id=\"child-image-1\"><\/div>\n<\/div>\n<\/div>\n<\/div>\n<\/div>\n<\/div>\n<div class=\"J_module\"><\/div>\n<div class=\"J_module\">\n<div class=\"detail-decorate-json-renderer-container\">\n<div class=\"magic-16\">\n<div class=\"magic-17\">\n<div class=\"magic-18\">\n<div class=\"magic-19\" data-id=\"paragraph0\"><\/div>\n<\/div>\n<\/div>\n<\/div>\n<\/div>\n<\/div>\n<div class=\"J_module\">\n<div class=\"icbu-pc-images magic-1\">\n<div>\n<div class=\"flex-layout-v\">\n<div class=\"flex-layout-h magic-1\">\n<div class=\"magic-42\"><img loading=\"lazy\" decoding=\"async\" class=\"magic-43\" src=\"https:\/\/sc04.alicdn.com\/kf\/HTB1oTNiRkvoK1RjSZPfq6xPKFXaD\/224628538\/HTB1oTNiRkvoK1RjSZPfq6xPKFXaD.jpg\" alt=\"Qmy10-15 Mobile Egg Laying Brick Machinery Interlocking Concrete Moving Automatic Block Car Making Machine factory\" width=\"1272\" height=\"1686\" data-id=\"child-image-0\"><\/div>\n<\/div>\n<\/div>\n<\/div>\n<\/div>\n<\/div>\n<div class=\"J_module\">\n<div id=\"ali-anchor-AliMagic-udh3gj\" class=\"magic-0\" data-section=\"AliMagic-udh3gj\" data-section-title=\"Successful Project\">&Uuml;st&uuml;nlikli Taslama<\/div>\n<\/div>\n<div class=\"J_module\">\n<div class=\"icbu-pc-images magic-1\">\n<div>\n<div class=\"flex-layout-v\">\n<div class=\"flex-layout-h magic-1\">\n<div class=\"magic-46\"><img loading=\"lazy\" decoding=\"async\" class=\"magic-47\" src=\"https:\/\/sc04.alicdn.com\/kf\/H16a71144c76040f5a2236926f30f8eecL\/224628538\/H16a71144c76040f5a2236926f30f8eecL.jpg\" alt=\"Qmy10-15 Mobile Egg Laying Brick Machinery Interlocking Concrete Moving Automatic Block Car Making Machine details\" width=\"1256\" height=\"1218\" data-id=\"child-image-0\"><\/div>\n<\/div>\n<\/div>\n<\/div>\n<\/div>\n<\/div>\n<div class=\"J_module\">\n<div class=\"icbu-pc-images magic-1\">\n<div>\n<div class=\"flex-layout-v\">\n<div class=\"flex-layout-h magic-1\">\n<div class=\"magic-48\"><img decoding=\"async\" class=\"magic-49\" src=\"https:\/\/sc04.alicdn.com\/kf\/H6db3034467434daaabac8629b481177ak\/224628538\/H6db3034467434daaabac8629b481177ak.png\" alt=\"Qmy10-15 Mobile Egg Laying Brick Machinery Interlocking Concrete Moving Automatic Block Car Making Machine manufacture\" data-id=\"child-image-0\"><\/div>\n<\/div>\n<\/div>\n<\/div>\n<\/div>\n<\/div>\n<div class=\"J_module\">\n<div class=\"icbu-pc-images magic-1\">\n<div class=\"flex-layout-v\">\n<div class=\"flex-layout-h magic-1\">\n<div class=\"magic-50\"><\/div>\n<\/div>\n<\/div>\n<\/div>\n<\/div>\n<div class=\"J_module\">\n<div class=\"icbu-pc-images magic-1\">\n<div class=\"flex-layout-v\">\n<div class=\"flex-layout-h magic-1\">\n<div class=\"magic-52\"><\/div>\n<\/div>\n<\/div>\n<\/div>\n<\/div>\n<div class=\"J_module\">\n<div class=\"icbu-pc-images magic-1\">\n<div>\n<div class=\"flex-layout-v\">\n<div class=\"flex-layout-h magic-1\">\n<div class=\"magic-54\"><img loading=\"lazy\" decoding=\"async\" class=\"magic-55\" src=\"https:\/\/sc04.alicdn.com\/kf\/Hf2172401a52d4716ae14ca41a87d43d3I\/224628538\/Hf2172401a52d4716ae14ca41a87d43d3I.jpg\" alt=\"Qmy10-15 Mobile Egg Laying Brick Machinery Interlocking Concrete Moving Automatic Block Car Making Machine factory\" width=\"1085\" height=\"1545\" data-id=\"child-image-0\"><\/div>\n<\/div>\n<\/div>\n<\/div>\n<\/div>\n<\/div>\n<div class=\"J_module\">\n<div class=\"icbu-pc-images magic-1\">\n<div>\n<div class=\"flex-layout-v\">\n<div class=\"flex-layout-h magic-1\">\n<div class=\"magic-56\"><img loading=\"lazy\" decoding=\"async\" class=\"magic-57\" src=\"https:\/\/sc04.alicdn.com\/kf\/Hb7a734d82d2e45fb9f36e7d81775fae98\/224628538\/Hb7a734d82d2e45fb9f36e7d81775fae98.jpg\" alt=\"Qmy10-15 Mobile Egg Laying Brick Machinery Interlocking Concrete Moving Automatic Block Car Making Machine supplier\" width=\"1221\" height=\"1665\" data-id=\"child-image-0\"><\/div>\n<\/div>\n<\/div>\n<\/div>\n<\/div>\n<\/div>\n<\/div>\n<\/div>\n<","protected":false},"excerpt":{"rendered":"<p>QT2-10 is a semi-automatic, hydraulic transmission brick making machine.<br \/>\nIt has a complete hydraulic system (motor, oil pump, oil cylinder, valve block), realizing semi-automatic operation, and its core advantage is to replace heavy manual pressure.<br \/>\nExtremely low price: It has a very low purchase cost in hydraulic brick machines.<br \/>\nEffortless: Compared to the pure manual QMY2-40, the labor intensity is greatly reduced.<br \/>\nExtremely small footprint: very suitable for narrow spaces such as courtyards, front and back of houses.<br \/>\nLow power consumption: Using a low-power motor results in low operating electricity costs.<br \/>\nHaving the basic functions of a hydraulic press: achieving semi-automatic production cycle.<br \/>\nThe applicable raw materials have limitations:<br \/>\nDue to its lower pressure, it has higher requirements for raw materials. It is most suitable for pressing clay with good plasticity and fine particles. For cement concrete containing a large amount of hard aggregates (such as coarse sand and gravel), or industrial waste that requires high pressure to form (such as fly ash), the effect will be compromised, and it may even be unable to form effectively.<\/p>\n","protected":false},"featured_media":1931,"template":"","meta":{"_uag_custom_page_level_css":"","site-sidebar-layout":"default","site-content-layout":"","ast-site-content-layout":"default","site-content-style":"default","site-sidebar-style":"default","ast-global-header-display":"","ast-banner-title-visibility":"","ast-main-header-display":"","ast-hfb-above-header-display":"","ast-hfb-below-header-display":"","ast-hfb-mobile-header-display":"","site-post-title":"","ast-breadcrumbs-content":"","ast-featured-img":"","footer-sml-layout":"","ast-disable-related-posts":"","theme-transparent-header-meta":"default","adv-header-id-meta":"","stick-header-meta":"","header-above-stick-meta":"","header-main-stick-meta":"","header-below-stick-meta":"","astra-migrate-meta-layouts":"set","ast-page-background-enabled":"default","ast-page-background-meta":{"desktop":{"background-color":"","background-image":"","background-repeat":"repeat","background-position":"center center","background-size":"auto","background-attachment":"scroll","background-type":"","background-media":"","overlay-type":"","overlay-color":"","overlay-opacity":"","overlay-gradient":""},"tablet":{"background-color":"","background-image":"","background-repeat":"repeat","background-position":"center center","background-size":"auto","background-attachment":"scroll","background-type":"","background-media":"","overlay-type":"","overlay-color":"","overlay-opacity":"","overlay-gradient":""},"mobile":{"background-color":"","background-image":"","background-repeat":"repeat","background-position":"center center","background-size":"auto","background-attachment":"scroll","background-type":"","background-media":"","overlay-type":"","overlay-color":"","overlay-opacity":"","overlay-gradient":""}},"ast-content-background-meta":{"desktop":{"background-color":"var(--ast-global-color-5)","background-image":"","background-repeat":"repeat","background-position":"center center","background-size":"auto","background-attachment":"scroll","background-type":"","background-media":"","overlay-type":"","overlay-color":"","overlay-opacity":"","overlay-gradient":""},"tablet":{"background-color":"var(--ast-global-color-5)","background-image":"","background-repeat":"repeat","background-position":"center center","background-size":"auto","background-attachment":"scroll","background-type":"","background-media":"","overlay-type":"","overlay-color":"","overlay-opacity":"","overlay-gradient":""},"mobile":{"background-color":"var(--ast-global-color-5)","background-image":"","background-repeat":"repeat","background-position":"center center","background-size":"auto","background-attachment":"scroll","background-type":"","background-media":"","overlay-type":"","overlay-color":"","overlay-opacity":"","overlay-gradient":""}}},"product_brand":[],"product_cat":[26],"product_tag":[],"class_list":{"0":"post-1925","1":"product","2":"type-product","3":"status-publish","4":"has-post-thumbnail","6":"product_cat-clay-block-making-machine","7":"desktop-align-left","8":"tablet-align-left","9":"mobile-align-left","11":"first","12":"instock","13":"sale","14":"shipping-taxable","15":"purchasable","16":"product-type-simple"},"uagb_featured_image_src":{"full":["https:\/\/tophighmachinery.com\/wp-content\/uploads\/2025\/11\/qt2-10-clay-block-machine36-1.jpg",800,800,false],"thumbnail":["https:\/\/tophighmachinery.com\/wp-content\/uploads\/2025\/11\/qt2-10-clay-block-machine36-1-150x150.jpg",150,150,true],"medium":["https:\/\/tophighmachinery.com\/wp-content\/uploads\/2025\/11\/qt2-10-clay-block-machine36-1-300x300.jpg",300,300,true],"medium_large":["https:\/\/tophighmachinery.com\/wp-content\/uploads\/2025\/11\/qt2-10-clay-block-machine36-1-768x768.jpg",768,768,true],"large":["https:\/\/tophighmachinery.com\/wp-content\/uploads\/2025\/11\/qt2-10-clay-block-machine36-1.jpg",800,800,false],"1536x1536":["https:\/\/tophighmachinery.com\/wp-content\/uploads\/2025\/11\/qt2-10-clay-block-machine36-1.jpg",800,800,false],"2048x2048":["https:\/\/tophighmachinery.com\/wp-content\/uploads\/2025\/11\/qt2-10-clay-block-machine36-1.jpg",800,800,false],"woocommerce_thumbnail":["https:\/\/tophighmachinery.com\/wp-content\/uploads\/2025\/11\/qt2-10-clay-block-machine36-1-300x300.jpg",300,300,true],"woocommerce_single":["https:\/\/tophighmachinery.com\/wp-content\/uploads\/2025\/11\/qt2-10-clay-block-machine36-1-600x600.jpg",600,600,true],"woocommerce_gallery_thumbnail":["https:\/\/tophighmachinery.com\/wp-content\/uploads\/2025\/11\/qt2-10-clay-block-machine36-1-100x100.jpg",100,100,true]},"uagb_author_info":{"display_name":"admin@yingchengchina.com","author_link":"https:\/\/tophighmachinery.com\/tk\/author\/"},"uagb_comment_info":0,"uagb_excerpt":"QT2-10 is a semi-automatic, hydraulic transmission brick making machine. It has a complete hydraulic system (motor, oil pump, oil cylinder, valve block), realizing semi-automatic operation, and its core advantage is to replace heavy manual pressure. Extremely low price: It has a very low purchase cost in hydraulic brick machines. Effortless: Compared to the pure manual&hellip;","_links":{"self":[{"href":"https:\/\/tophighmachinery.com\/tk\/wp-json\/wp\/v2\/product\/1925","targetHints":{"allow":["GET"]}}],"collection":[{"href":"https:\/\/tophighmachinery.com\/tk\/wp-json\/wp\/v2\/product"}],"about":[{"href":"https:\/\/tophighmachinery.com\/tk\/wp-json\/wp\/v2\/types\/product"}],"wp:featuredmedia":[{"embeddable":true,"href":"https:\/\/tophighmachinery.com\/tk\/wp-json\/wp\/v2\/media\/1931"}],"wp:attachment":[{"href":"https:\/\/tophighmachinery.com\/tk\/wp-json\/wp\/v2\/media?parent=1925"}],"wp:term":[{"taxonomy":"product_brand","embeddable":true,"href":"https:\/\/tophighmachinery.com\/tk\/wp-json\/wp\/v2\/product_brand?post=1925"},{"taxonomy":"product_cat","embeddable":true,"href":"https:\/\/tophighmachinery.com\/tk\/wp-json\/wp\/v2\/product_cat?post=1925"},{"taxonomy":"product_tag","embeddable":true,"href":"https:\/\/tophighmachinery.com\/tk\/wp-json\/wp\/v2\/product_tag?post=1925"}],"curies":[{"name":"wp","href":"https:\/\/api.w.org\/{rel}","templated":true}]}}