{"id":1978,"date":"2025-11-08T03:37:34","date_gmt":"2025-11-08T03:37:34","guid":{"rendered":"https:\/\/tophighmachinery.com\/?post_type=product&#038;p=1978"},"modified":"2025-11-08T03:37:44","modified_gmt":"2025-11-08T03:37:44","slug":"rain-water-drainage-pipe-making-machine-culvert-cement-concrete-pipe-molds-machinery","status":"publish","type":"product","link":"https:\/\/tophighmachinery.com\/tk\/product\/rain-water-drainage-pipe-making-machine-culvert-cement-concrete-pipe-molds-machinery\/","title":{"rendered":"\u00ddagy\u015f suwuny drenajlamak \u00fc\u00e7in truba \u00fdasama ma\u015fyny, kanalizasi\u00fda sement-beton truba kal\u00fdplary we enjamlar"},"content":{"rendered":"<div class=\"J_module\">\n<div id=\"ali-anchor-AliMagic-57jqb1\" class=\"magic-13\" data-section=\"AliMagic-57jqb1\" data-section-title=\"Product details\">Harydy&#328; jikme-jikmagy<\/div>\n<\/div>\n<div class=\"J_module\">\n<div class=\"icbu-pc-detailManyImage magic-14\" data-module-name=\"icbu-pc-detailManyImage\">\n<div class=\"magic-15\"><img decoding=\"async\" class=\"magic-16\" src=\"https:\/\/sc04.alicdn.com\/kf\/H8691d5c2ab244438b9c52d987a7ac007W\/224628538\/H8691d5c2ab244438b9c52d987a7ac007W.jpg\" alt=\"Rain Water Drainage Pipe Making Machine Culvert Cement Concrete Pipe Moulds Machinery factory\"><\/div>\n<div class=\"magic-15\"><img decoding=\"async\" class=\"magic-16\" src=\"https:\/\/sc04.alicdn.com\/kf\/Hfd43396bff94493d9b6893e3fe36ec7bA\/224628538\/Hfd43396bff94493d9b6893e3fe36ec7bA.jpg\" alt=\"Rain Water Drainage Pipe Making Machine Culvert Cement Concrete Pipe Moulds Machinery details\"><\/div>\n<\/div>\n<\/div>\n<div class=\"J_module\">\n<div class=\"detail-decorate-json-renderer-container\">\n<div class=\"magic-6\">\n<h3 class=\"magic-17\" data-id=\"title0\"><b class=\"magic-19\" style=\"font-size: 16px; font-style: inherit;\">sement beton drenaj trubka &yacute;asama ma&#351;yny sement trubkalaryny &ouml;nd&uuml;rmek &uuml;&ccedil;in ide&yacute;al enjamdyr. Ol ylala&#351;ykly diza&yacute;na, owadan da&#351;ky g&ouml;rn&uuml;&#351;e, ygtybarly i&#351;lem&auml;ge, i&#351;letmek &uuml;&ccedil;in &yacute;e&#328;illik we &#351;.m. e&yacute;edir. Bu ma&#351;yn tarapyndan &ouml;nd&uuml;ril&yacute;&auml;n beton trubkalary a&#351;akdaky a&yacute;ratynlyklara e&yacute;edir:<\/b><\/h3>\n<div class=\"magic-7\">\n<div class=\"magic-8\">\n<div class=\"magic-9\" data-id=\"paragraph0\">\n<div><span class=\"magic-18\"><b>i&ccedil;i we da&#351;y tekiz; ge&ccedil;irmez; &yacute;okary gysma g&uuml;&yacute;ji, arzan bahasy, birikdirmeler berk we ygtybarly;<br>A&#328;sat i&#351;lemeli, &yacute;okary &ouml;n&uuml;m&ccedil;ilik &uuml;st&uuml;nligi.<br>Onu&#328; &ouml;n&uuml;mleri oba hojalygynda suwary&#351; we suwary&#351; ulgamynda gi&#328;den ulanyl&yacute;ar, hil ta&yacute;dan &ouml;r&auml;n ygtybarlydyr.<\/b><\/span><\/div>\n<\/div>\n<\/div>\n<\/div>\n<\/div>\n<\/div>\n<\/div>\n<div class=\"J_module\">\n<div id=\"ali-anchor-AliMagic-r9voz3\" class=\"magic-13\" data-section=\"AliMagic-r9voz3\" data-section-title=\"PRODUCT SPECIFICATIONS\">&Ouml;N&Uuml;MI&#327; TEHNIKI A&Yacute;RATYNLYKLARY<\/div>\n<\/div>\n<div class=\"J_module\">\n<div class=\"ife-detail-decorate-table\">\n<table class=\"all magic-20\">\n<tbody>\n<tr>\n<td colspan=\"1\" rowspan=\"1\">\n<div class=\"magic-21\">Programma<\/div>\n<\/td>\n<td colspan=\"1\" rowspan=\"1\">\n<div class=\"magic-22\">Drenaj Trubasy<\/div>\n<\/td>\n<\/tr>\n<tr>\n<td colspan=\"1\" rowspan=\"1\">\n<div class=\"magic-21\">Esasy &#351;afty&#328; tizligi<\/div>\n<\/td>\n<td colspan=\"1\" rowspan=\"1\">\n<div class=\"magic-22\">45 rulon\/minut<\/div>\n<\/td>\n<\/tr>\n<tr>\n<td colspan=\"1\" rowspan=\"1\">\n<div class=\"magic-21\">&#1043;&#1072;&#1087;&#1083;&#1072;&#1085;&#1084;&#1072; &#1089;&#1072;&#1081;&#1082;&#1099;&#1083;&#1099;<\/div>\n<\/td>\n<td colspan=\"1\" rowspan=\"1\">\n<div class=\"magic-22\">5-10 minut<\/div>\n<\/td>\n<\/tr>\n<tr>\n<td colspan=\"1\" rowspan=\"1\">\n<div class=\"magic-21\">ulan&yacute;ldy<\/div>\n<\/td>\n<td colspan=\"1\" rowspan=\"1\">\n<div class=\"magic-22\">&#1086;&#1073;&#1072;&#1083;&#1099;&#1082; &#1089;&#1091;&#1074;&#1072;&#1088;&#1099;&#1096;, &#351;&auml;her suw bilen &uuml;pj&uuml;n etmek<\/div>\n<\/td>\n<\/tr>\n<tr>\n<td colspan=\"1\" rowspan=\"1\">\n<div class=\"magic-21\">&#1046;&#1072;&#1083;&#1087;&#1099; &#1257;&#1083;&#1095;&#1257;&#1084;<\/div>\n<\/td>\n<td colspan=\"1\" rowspan=\"1\">\n<div class=\"magic-22\">1840*1700*4000mm<\/div>\n<\/td>\n<\/tr>\n<tr>\n<td colspan=\"1\" rowspan=\"1\">\n<div class=\"magic-21\">&#1040;&#1079;&#1072;&#1081;&#1090;&#1084;&#1072; &#1076;&#1199;&#351;&uuml;&#351;i<\/div>\n<\/td>\n<td colspan=\"1\" rowspan=\"1\">\n<div class=\"magic-22\">1000 millimetr<\/div>\n<\/td>\n<\/tr>\n<tr>\n<td colspan=\"1\" rowspan=\"1\">\n<div class=\"magic-21\">T&auml;sin g&uuml;&yacute;&ccedil;<\/div>\n<\/td>\n<td colspan=\"1\" rowspan=\"1\">\n<div class=\"magic-22\">11.75kW (motor: 7.5kW)<\/div>\n<\/td>\n<\/tr>\n<tr>\n<td colspan=\"1\" rowspan=\"1\">\n<div class=\"magic-21\">Model Nomeri<\/div>\n<\/td>\n<td colspan=\"1\" rowspan=\"1\">\n<div class=\"magic-22\">V &#351;ekilli dikey ekstr&uuml;zyon boru yapma makinesi<\/div>\n<\/td>\n<\/tr>\n<tr>\n<td colspan=\"1\" rowspan=\"1\">\n<div class=\"magic-21\">Kal&#305;p diametri (i&ccedil;eri mm)<\/div>\n<\/td>\n<td colspan=\"1\" rowspan=\"1\">\n<div class=\"magic-22\"><span class=\"mars-pro\" data-o=\"&Iuml;&#134;200, &Iuml;&#134;300, &Iuml;&#134;400, &Iuml;&#134;500, &Iuml;&#134;600, &Iuml;&#134;700, &Iuml;&#134;800, &Iuml;&#134;1000\">&Iuml;&#134;200, &Iuml;&#134;300, &Iuml;&#134;400, &Iuml;&#134;500, &Iuml;&#134;600, &Iuml;&#134;700, &Iuml;&#134;800, &Iuml;&#134;1000<\/span><\/div>\n<\/td>\n<\/tr>\n<tr>\n<td colspan=\"1\" rowspan=\"1\">\n<div class=\"magic-21\">De&#328;i&#328; galy&#328;lygy<\/div>\n<\/td>\n<td colspan=\"1\" rowspan=\"1\">\n<div class=\"magic-22\"><span class=\"mars-pro\" data-o=\"&Iuml;&#134;200 30mm, &Iuml;&#134;300 30mm,&Iuml;&#134;400 40mm, &Iuml;&#134;500 50mm, &Iuml;&#134;600 60mm,\">&Iuml;&#134;200 30mm, &Iuml;&#134;300 30mm,&Iuml;&#134;400 40mm, &Iuml;&#134;500 50mm, &Iuml;&#134;600 60mm,<\/span><br><span class=\"mars-pro\" data-o=\"\n&Iuml;&#134;700 70mm,&Iuml;&#134;800 80mm ,&Iuml;&#134;1000 100mm\">\n&Iuml;&#134;700 70mm,&Iuml;&#134;800 80mm ,&Iuml;&#134;1000 100mm<\/span><\/div>\n<\/td>\n<\/tr>\n<\/tbody>\n<\/table>\n<\/div>\n<\/div>\n<div class=\"J_module\">\n<div id=\"ali-anchor-AliMagic-h1anlt\" class=\"magic-13\" data-section=\"AliMagic-h1anlt\" data-section-title=\"Details Images\">Suratlar<\/div>\n<\/div>\n<div class=\"J_module\">\n<div class=\"icbu-pc-images magic-0\">\n<div>\n<div class=\"flex-layout-v\">\n<div class=\"flex-layout-h magic-0\">\n<div class=\"magic-23\"><img decoding=\"async\" class=\"magic-24\" src=\"https:\/\/sc04.alicdn.com\/kf\/He3c33aa888e944f8ab55e15cce4963a1E\/224628538\/He3c33aa888e944f8ab55e15cce4963a1E.png\" alt=\"Rain Water Drainage Pipe Making Machine Culvert Cement Concrete Pipe Moulds Machinery manufacture\" data-id=\"child-image-0\"><\/div>\n<\/div>\n<\/div>\n<\/div>\n<\/div>\n<\/div>\n<div class=\"J_module\">\n<div data-section=\"AliMagic-f9e1tl\" data-section-title=\"SALES AND SERVICE NETWORK\">\n<p>II. Esasy b&ouml;lekler:\nAdaty d&uuml;&yacute;bi awtomatik sement truba &yacute;asama ma&#351;yny, adat&ccedil;a, a&#351;akdaky esasy ulgamlary &ouml;z i&ccedil;ine al&yacute;ar:<\/p>\n<p>Esasy gurlu&#351; we platforma: \nJemi enjamlara goldaw we esas ber&yacute;&auml;n berk polat konstruksi&yacute;a.<\/p>\n<p>Galyba Ulgamy:<\/p>\n<p>Da&#351;ky Kalyp (Truba Kalypy):\nTrubany&#328; da&#351;ky diametrini we da&#351;ky g&ouml;rn&uuml;&#351;ini kesgitle&yacute;&auml;n berk silindrik polat gurlu&#351;.<\/p>\n<p>I&ccedil;ki Kalyp (Gi&#328;el&yacute;&auml;n\/Daral&yacute;an Merkezi Kalyp): Merkezi b&ouml;lek, konus &yacute;a-da silindr &#351;ekilli bolup, radius bo&yacute;un&ccedil;a gi&#328;elip-daralyp bil&yacute;&auml;n polat kalyp. Gi&#328;elende betony s&yacute;gyr&yacute;ar we daralanda kalypdan &ccedil;ykar&yacute;ar. Ol trubany&#328; i&ccedil;ki diametrini kesgitle&yacute;&auml;r.<\/p>\n<p>Betonyerle&#351;dirme ulgamy: Enjamy&#328; &yacute;okarsynda &yacute;erle&#351;&yacute;&auml;n, a&yacute;lan&yacute;an bunker we pa&yacute;la&yacute;jy.<\/p>\n<p>&#1054;&#1083; &#1073;&#1077;&#1090;&#1086;&#1085;&#1080; &#1080;&#1095;&#1082;&#1080; &#1084;&#1099;&#1089;&#1090;&#1099;&#1187; &#1084;&#1099;&#1089;&#1082;&#1072;&#1085;&#1072; &#1072;&#1088;&#1072;&#1083;&#1099;&#1075;&#1099;&#1085;&#1076;&#1072; &#1090;&#1077;&#1187; &#1073;&#1080;&#1088;&#1076;&#1077;&#1081; &#1090;&#1072;&#1088;&#1072;&#1090;&#1072;&#1076;&#1099;.<\/p>\n<p>Betonyerle&#351;dirme ulgamy: Enjamy&#328; &yacute;okarsynda &yacute;erle&#351;&yacute;&auml;n, a&yacute;lan&yacute;an bunker we pa&yacute;la&yacute;jy.<\/p>\n<p>Ol betonary i&ccedil;ki we da&#351;ky kalyplary&#328; arasyndaky halka bo&#351;lugynda de&#328; pa&yacute;la&yacute;ar. &Ccedil;ykarma we Titreme Ulgamy:<br>Esasy Ekstr&uuml;zi&yacute;a Ba&#351;y: Esasy &#351;afty&#328; a&#351;aky ujuna berkidilip, i&ccedil;ki kalypy&#328; i&ccedil;inde &yacute;erle&#351;&yacute;&auml;r. Ol &yacute;okary-a&#351;ak hereket edip, betona uly a&#351;aky t&uuml;&yacute;k&uuml;lik basy&#351;y ugrat&yacute;ar.<\/p>\n<p>&#1042;&#1080;&#1073;&#1088;&#1086;&#1090;&#1086;&#1088;&#1083;&#1072;&#1088;: &#1057;&#1099;&#1088;&#1090;&#1082;&#1099; &#1082;&#1072;&#1083;&#1099;&#1087;&#1090;&#1099;&#1085; &#1089;&#1099;&#1088;&#1090;&#1099;&#1085;&#1076;&#1072; &#1073;&#1080;&#1088; &#1085;&#1077;&#1095;&#1077; &#1090;&#1086;&#1087; &#1078;&#1086;&#1075;&#1072;&#1088;&#1082;&#1099; &#1078;&#1080;&#1073;&#1077;&#1088;&#1199;&#1199;&#1095;&#1199; &#1074;&#1080;&#1073;&#1088;&#1086;&#1090;&#1086;&#1088;&#1083;&#1072;&#1088; &#1086;&#1088;&#1085;&#1072;&#1090;&#1099;&#1083;&#1099;&#1087;, &#1073;&#1077;&#1090;&#1086;&#1085;&#1076;&#1099; &#1073;&#1080;&#1088; &#1091;&#1073;&#1072;&#1082;&#1090;&#1072; &#1089;&#1099;&#1075;&#1099;&#1087; &#1078;&#1072;&#1085;&#1072; &#1090;&#1099;&#1075;&#1099;&#1079;&#1076;&#1072;&#1087;, &#1090;&#1086;&#1083;&#1091;&#1082; &#1090;&#1099;&#1075;&#1099;&#1079;&#1076;&#1099;&#1082;&#1090;&#1099; &#1082;&#1072;&#1084;&#1089;&#1099;&#1079; &#1082;&#1099;&#1083;&#1072;&#1090;.<\/p>\n<div class=\"ast-oembed-container \" style=\"height: 100%;\"><iframe title=\"concrete pipe making machine\" width=\"422\" height=\"750\" src=\"https:\/\/www.youtube.com\/embed\/8OzKwJm5y1I?feature=oembed\" frameborder=\"0\" allow=\"accelerometer; autoplay; clipboard-write; encrypted-media; gyroscope; picture-in-picture; web-share\" referrerpolicy=\"strict-origin-when-cross-origin\" allowfullscreen><\/iframe><\/div>\n<\/div>\n<div id=\"ali-anchor-AliMagic-f9e1tl\" class=\"magic-13\" data-section=\"AliMagic-f9e1tl\" data-section-title=\"SALES AND SERVICE NETWORK\">SATUW WE HYZMATHAR ULGAMY<\/div>\n<\/div>\n<div class=\"J_module\">\n<div class=\"icbu-pc-images magic-0\">\n<div class=\"flex-layout-v\">\n<div class=\"flex-layout-h magic-0\">\n<div class=\"magic-25\"><img fetchpriority=\"high\" decoding=\"async\" class=\"\" src=\"https:\/\/shopcdnpro.grainajz.com\/category\/39161\/3746\/98a85ec5cd6e69444ae22d2a24f66870\/4%E7%AE%80%E4%BB%8B.jpg\" alt=\"4&#31616;&#20171;.jpg\" width=\"1196\" height=\"1709\"><img decoding=\"async\" class=\"\" src=\"https:\/\/shopcdnpro.grainajz.com\/category\/39161\/3746\/351fa975ef08717c12fbb2e2c72ad274\/comparison.jpg\" alt=\"comparison.jpg\" width=\"1366\" height=\"2575\"><\/div>\n<\/div>\n<\/div>\n<\/div>\n<\/div>\n<div class=\"J_module\">\n<div class=\"icbu-pc-images magic-0\">\n<div>\n<div class=\"flex-layout-v\">\n<div class=\"flex-layout-h magic-0\">\n<div class=\"magic-27\"><img decoding=\"async\" class=\"magic-28\" src=\"https:\/\/sc04.alicdn.com\/kf\/HTB1oTNiRkvoK1RjSZPfq6xPKFXaD\/224628538\/HTB1oTNiRkvoK1RjSZPfq6xPKFXaD.jpg\" alt=\"Rain Water Drainage Pipe Making Machine Culvert Cement Concrete Pipe Moulds Machinery factory\" width=\"1363\" height=\"1806\" data-id=\"child-image-0\"><\/div>\n<\/div>\n<\/div>\n<\/div>\n<\/div>\n<\/div>\n<","protected":false},"excerpt":{"rendered":"<p>The vertical automatic cement pipe-making machine is a large-scale specialized piece of equipment used to manufacture circular hollow components such as concrete drainage pipes, culverts, and utility poles. It employs a &#8220;vertical radial extrusion&#8221; process, utilizing vertical (vertical) reinforcement placement, vertical concrete pouring, vertical radial extrusion molding, and vertical curing\u2014a fully or semi-automatic pipe-making system.<\/p>\n<p>High Efficiency: Short production cycle; typically, a pipe of approximately \u03a61000mm takes only 5-10 minutes, far faster than traditional centrifugal processes.<\/p>\n<p>High Density and High Strength: The triple action of &#8220;vertical extrusion + radial extrusion + vibration&#8221; results in a very dense pipe structure, high concrete strength, and excellent impermeability.<\/p>\n<p>Smooth Inner Wall: Due to the smooth surface of the inner mold and its close contact with the concrete, the inner wall of the formed pipe is very smooth, resulting in low water flow resistance and strong flow capacity.<\/p>\n<p>High Degree of Automation: From material placement to extrusion molding, the entire process is automated. Workers only need to operate the equipment and perform hoisting, resulting in low labor intensity and relatively low skill requirements for workers.<\/p>\n<p>Reliable Reinforcing Steel Cage Fixation:The reinforcing steel cage is firmly compressed into the concrete during the forming process, ensuring accurate positioning and uniform protective layer thickness.<\/p>\n<p>Environmentally Friendly:Closed-mold forming results in relatively low noise (compared to centrifuges) and less dust pollution.<\/p>\n","protected":false},"featured_media":1979,"template":"","meta":{"_uag_custom_page_level_css":"","site-sidebar-layout":"default","site-content-layout":"","ast-site-content-layout":"default","site-content-style":"default","site-sidebar-style":"default","ast-global-header-display":"","ast-banner-title-visibility":"","ast-main-header-display":"","ast-hfb-above-header-display":"","ast-hfb-below-header-display":"","ast-hfb-mobile-header-display":"","site-post-title":"","ast-breadcrumbs-content":"","ast-featured-img":"","footer-sml-layout":"","ast-disable-related-posts":"","theme-transparent-header-meta":"default","adv-header-id-meta":"","stick-header-meta":"","header-above-stick-meta":"","header-main-stick-meta":"","header-below-stick-meta":"","astra-migrate-meta-layouts":"set","ast-page-background-enabled":"default","ast-page-background-meta":{"desktop":{"background-color":"","background-image":"","background-repeat":"repeat","background-position":"center center","background-size":"auto","background-attachment":"scroll","background-type":"","background-media":"","overlay-type":"","overlay-color":"","overlay-opacity":"","overlay-gradient":""},"tablet":{"background-color":"","background-image":"","background-repeat":"repeat","background-position":"center center","background-size":"auto","background-attachment":"scroll","background-type":"","background-media":"","overlay-type":"","overlay-color":"","overlay-opacity":"","overlay-gradient":""},"mobile":{"background-color":"","background-image":"","background-repeat":"repeat","background-position":"center center","background-size":"auto","background-attachment":"scroll","background-type":"","background-media":"","overlay-type":"","overlay-color":"","overlay-opacity":"","overlay-gradient":""}},"ast-content-background-meta":{"desktop":{"background-color":"var(--ast-global-color-5)","background-image":"","background-repeat":"repeat","background-position":"center center","background-size":"auto","background-attachment":"scroll","background-type":"","background-media":"","overlay-type":"","overlay-color":"","overlay-opacity":"","overlay-gradient":""},"tablet":{"background-color":"var(--ast-global-color-5)","background-image":"","background-repeat":"repeat","background-position":"center center","background-size":"auto","background-attachment":"scroll","background-type":"","background-media":"","overlay-type":"","overlay-color":"","overlay-opacity":"","overlay-gradient":""},"mobile":{"background-color":"var(--ast-global-color-5)","background-image":"","background-repeat":"repeat","background-position":"center center","background-size":"auto","background-attachment":"scroll","background-type":"","background-media":"","overlay-type":"","overlay-color":"","overlay-opacity":"","overlay-gradient":""}}},"product_brand":[],"product_cat":[27],"product_tag":[],"class_list":{"0":"post-1978","1":"product","2":"type-product","3":"status-publish","4":"has-post-thumbnail","6":"product_cat-other-construction-equipments","7":"desktop-align-left","8":"tablet-align-left","9":"mobile-align-left","11":"first","12":"instock","13":"sale","14":"shipping-taxable","15":"purchasable","16":"product-type-simple"},"uagb_featured_image_src":{"full":["https:\/\/tophighmachinery.com\/wp-content\/uploads\/2025\/11\/O1CN01ubzIZC1qGr2fumAWO_2217840285469-0-cib.jpg",1104,1104,false],"thumbnail":["https:\/\/tophighmachinery.com\/wp-content\/uploads\/2025\/11\/O1CN01ubzIZC1qGr2fumAWO_2217840285469-0-cib-150x150.jpg",150,150,true],"medium":["https:\/\/tophighmachinery.com\/wp-content\/uploads\/2025\/11\/O1CN01ubzIZC1qGr2fumAWO_2217840285469-0-cib-300x300.jpg",300,300,true],"medium_large":["https:\/\/tophighmachinery.com\/wp-content\/uploads\/2025\/11\/O1CN01ubzIZC1qGr2fumAWO_2217840285469-0-cib-768x768.jpg",768,768,true],"large":["https:\/\/tophighmachinery.com\/wp-content\/uploads\/2025\/11\/O1CN01ubzIZC1qGr2fumAWO_2217840285469-0-cib-1024x1024.jpg",1024,1024,true],"1536x1536":["https:\/\/tophighmachinery.com\/wp-content\/uploads\/2025\/11\/O1CN01ubzIZC1qGr2fumAWO_2217840285469-0-cib.jpg",1104,1104,false],"2048x2048":["https:\/\/tophighmachinery.com\/wp-content\/uploads\/2025\/11\/O1CN01ubzIZC1qGr2fumAWO_2217840285469-0-cib.jpg",1104,1104,false],"woocommerce_thumbnail":["https:\/\/tophighmachinery.com\/wp-content\/uploads\/2025\/11\/O1CN01ubzIZC1qGr2fumAWO_2217840285469-0-cib-300x300.jpg",300,300,true],"woocommerce_single":["https:\/\/tophighmachinery.com\/wp-content\/uploads\/2025\/11\/O1CN01ubzIZC1qGr2fumAWO_2217840285469-0-cib-600x600.jpg",600,600,true],"woocommerce_gallery_thumbnail":["https:\/\/tophighmachinery.com\/wp-content\/uploads\/2025\/11\/O1CN01ubzIZC1qGr2fumAWO_2217840285469-0-cib-100x100.jpg",100,100,true]},"uagb_author_info":{"display_name":"admin@yingchengchina.com","author_link":"https:\/\/tophighmachinery.com\/tk\/author\/"},"uagb_comment_info":0,"uagb_excerpt":"The vertical automatic cement pipe-making machine is a large-scale specialized piece of equipment used to manufacture circular hollow components such as concrete drainage pipes, culverts, and utility poles. It employs a \"vertical radial extrusion\" process, utilizing vertical (vertical) reinforcement placement, vertical concrete pouring, vertical radial extrusion molding, and vertical curing\u2014a fully or semi-automatic pipe-making system.&hellip;","_links":{"self":[{"href":"https:\/\/tophighmachinery.com\/tk\/wp-json\/wp\/v2\/product\/1978","targetHints":{"allow":["GET"]}}],"collection":[{"href":"https:\/\/tophighmachinery.com\/tk\/wp-json\/wp\/v2\/product"}],"about":[{"href":"https:\/\/tophighmachinery.com\/tk\/wp-json\/wp\/v2\/types\/product"}],"wp:featuredmedia":[{"embeddable":true,"href":"https:\/\/tophighmachinery.com\/tk\/wp-json\/wp\/v2\/media\/1979"}],"wp:attachment":[{"href":"https:\/\/tophighmachinery.com\/tk\/wp-json\/wp\/v2\/media?parent=1978"}],"wp:term":[{"taxonomy":"product_brand","embeddable":true,"href":"https:\/\/tophighmachinery.com\/tk\/wp-json\/wp\/v2\/product_brand?post=1978"},{"taxonomy":"product_cat","embeddable":true,"href":"https:\/\/tophighmachinery.com\/tk\/wp-json\/wp\/v2\/product_cat?post=1978"},{"taxonomy":"product_tag","embeddable":true,"href":"https:\/\/tophighmachinery.com\/tk\/wp-json\/wp\/v2\/product_tag?post=1978"}],"curies":[{"name":"wp","href":"https:\/\/api.w.org\/{rel}","templated":true}]}}